{"id":14017,"date":"2020-10-21T10:05:27","date_gmt":"2020-10-21T10:05:27","guid":{"rendered":"http:\/\/chiaseklos.lt\/?post_type=product&#038;p=14017"},"modified":"2026-03-09T13:36:49","modified_gmt":"2026-03-09T13:36:49","slug":"burnocio-seklu-miltai","status":"publish","type":"product","link":"https:\/\/chiaseklos.lt\/en\/product\/burnocio-seklu-miltai\/","title":{"rendered":"Miltai &#8211; Burno\u010dio s\u0117kl\u0173"},"content":{"rendered":"<p>Burno\u010dio s\u0117kl\u0173 miltai<\/p>\n<p data-start=\"0\" data-end=\"399\"><strong data-start=\"0\" data-end=\"25\">Burno\u010dio s\u0117kl\u0173 miltai<\/strong> \u2013 tai nat\u016bralus augalin\u0117s kilm\u0117s produktas, gaminamas i\u0161 smulkiai sumalt\u0173 burno\u010dio s\u0117kl\u0173. \u0160ie miltai vertinami d\u0117l savo maistin\u0117s sud\u0117ties, \u0161velnaus rie\u0161utinio skonio ir plataus panaudojimo virtuv\u0117je. <strong data-start=\"227\" data-end=\"246\">Burno\u010dio miltai<\/strong> vis da\u017eniau pasirenkami \u017emoni\u0173, kurie ie\u0161ko \u012fvairesni\u0173 milt\u0173 alternatyv\u0173 ir nori praturtinti kasdien\u0119 mityb\u0105 skirtingais augalin\u0117s kilm\u0117s ingredientais.<\/p>\n<p data-start=\"401\" data-end=\"697\">Burno\u010diai yra vienas i\u0161 seniausiai auginam\u0173 augal\u0173 pasaulyje. J\u0173 s\u0117klos nuo seno naudojamos \u012fvairiose kult\u016brose kaip maistingas maisto produktas. I\u0161 \u0161i\u0173 s\u0117kl\u0173 gaminami <strong data-start=\"569\" data-end=\"594\">burno\u010dio s\u0117kl\u0173 miltai<\/strong> pasi\u017eymi \u0161velniu, lengvai rie\u0161utiniu skoniu, tod\u0117l puikiai dera su \u012fvairiais patiekalais ir kepiniais.<\/p>\n<p data-start=\"699\" data-end=\"1101\">Burno\u010dio s\u0117klose nat\u016braliai yra <strong data-start=\"731\" data-end=\"774\">augalini\u0173 baltym\u0173 ir maistini\u0173 skaidul\u0173<\/strong>, kurios yra svarbi \u012fvairios ir subalansuotos mitybos dalis. Be to, burno\u010dio s\u0117klose randama \u012fvairi\u0173 mineralini\u0173 med\u017eiag\u0173, kurios b\u016bdingos daugeliui augalin\u0117s kilm\u0117s produkt\u0173. D\u0117l \u0161ios sud\u0117ties burno\u010dio miltai da\u017enai pasirenkami \u017emoni\u0173, kurie m\u0117gsta eksperimentuoti virtuv\u0117je ir ie\u0161ko nauj\u0173 ingredient\u0173 kasdieniams patiekalams.<\/p>\n<p data-start=\"1103\" data-end=\"1445\"><strong data-start=\"1103\" data-end=\"1128\">Burno\u010dio s\u0117kl\u0173 miltai<\/strong> yra <strong data-start=\"1133\" data-end=\"1147\">be glitimo<\/strong>, tod\u0117l jie gali b\u016bti naudojami \u012fvairiuose receptuose kartu su kitais miltais arba kaip viena i\u0161 milt\u0173 mi\u0161inio sudedam\u0173j\u0173 dali\u0173. Tai augalin\u0117s kilm\u0117s produktas, kuriame n\u0117ra gyv\u016bnin\u0117s kilm\u0117s ingredient\u0173, tod\u0117l jis tinka <strong data-start=\"1367\" data-end=\"1393\">veganams ir vegetarams<\/strong> bei visiems, kurie renkasi augalin\u0117s kilm\u0117s maist\u0105.<\/p>\n<p data-start=\"1447\" data-end=\"1734\">\u0160ie miltai pasi\u017eymi universaliu panaudojimu virtuv\u0117je. <strong data-start=\"1502\" data-end=\"1521\">Burno\u010dio miltai<\/strong> da\u017enai naudojami kepiniuose \u2013 juos galima d\u0117ti \u012f <strong data-start=\"1571\" data-end=\"1627\">duon\u0105, sausainius, pyragus, blynus ar kitus kepinius<\/strong>. D\u0117l savo skonio ir tekst\u016bros jie gali suteikti kepiniams subtil\u0173 rie\u0161utin\u012f poskon\u012f ir \u012fdomesn\u0119 strukt\u016br\u0105.<\/p>\n<p data-start=\"1736\" data-end=\"1982\">Burno\u010dio miltai taip pat gali b\u016bti naudojami ruo\u0161iant <strong data-start=\"1790\" data-end=\"1815\">blyn\u0173 ar vafli\u0173 te\u0161l\u0105<\/strong>, \u012fvairius pusry\u010di\u0173 kepinius ar naminius u\u017ekand\u017eius. Da\u017eniausiai rekomenduojama burno\u010dio miltus mai\u0161yti su kitais miltais, kad b\u016bt\u0173 i\u0161laikyta tinkama kepini\u0173 tekst\u016bra.<\/p>\n<p data-start=\"1984\" data-end=\"2270\">Be kepini\u0173, <strong data-start=\"1996\" data-end=\"2021\">burno\u010dio s\u0117kl\u0173 miltai<\/strong> gali b\u016bti naudojami ir kituose patiekaluose. Jie tinka <strong data-start=\"2077\" data-end=\"2124\">pada\u017eams, sriuboms ar tro\u0161kiniams tir\u0161tinti<\/strong>, taip pat gali b\u016bti naudojami ruo\u0161iant \u012fvairius dar\u017eovi\u0173 patiekalus. Nedidelis burno\u010dio milt\u0173 kiekis gali suteikti patiekalams sodresn\u0119 tekst\u016br\u0105.<\/p>\n<p data-start=\"2272\" data-end=\"2502\">Dar vienas \u0161i\u0173 milt\u0173 privalumas \u2013 j\u0173 universalumas. Juos galima naudoti tiek kasdieniuose patiekaluose, tiek k\u016brybi\u0161kuose receptuose. Burno\u010dio miltai puikiai dera su kitais gr\u016bdiniais produktais, s\u0117klomis, rie\u0161utais ar dar\u017eov\u0117mis.<\/p>\n<p data-start=\"2504\" data-end=\"2726\"><strong data-start=\"2504\" data-end=\"2529\">Burno\u010dio s\u0117kl\u0173 miltai<\/strong> gali b\u016bti puikus pasirinkimas tiems, kurie m\u0117gsta i\u0161bandyti naujus ingredientus ir pa\u012fvairinti savo virtuv\u0119. Jie tinka tiek paprastiems nam\u0173 receptams, tiek \u012fvairiems kulinariniams eksperimentams.<\/p>\n<p data-start=\"2728\" data-end=\"2857\"><strong data-start=\"2728\" data-end=\"2748\">Laikymo s\u0105lygos:<\/strong> laikyti sausoje, v\u0117sioje vietoje, sandariai u\u017edarytoje pakuot\u0117je, kad miltai i\u0161laikyt\u0173 savo skon\u012f ir kokyb\u0119.<\/p>\n<p data-start=\"2859\" data-end=\"3151\" data-is-last-node=\"\" data-is-only-node=\"\">Rinkdamiesi <strong data-start=\"2871\" data-end=\"2896\">burno\u010dio s\u0117kl\u0173 miltus<\/strong>, j\u016bs pasirenkate nat\u016bral\u0173 ir universal\u0173 produkt\u0105, kuris gali papildyti j\u016bs\u0173 virtuv\u0119 naujais skoniais ir suteikti daugiau \u012fvairov\u0117s kasdieniams patiekalams. Tai paprastas ir patogus ingredientas \u012fvairiems kepiniams, pada\u017eams ar kitiems patiekalams ruo\u0161ti.<\/p>\n<p><strong>Sudedamosios dalys:<\/strong>\u00a0burno\u010di\u0173 s\u0117kl\u0173 miltai.<\/p>\n<p><b>Kilm\u0117s \u0161alis: <\/b>Peru\/Indija<\/p>\n<p><strong>Maistin\u0117 vert\u0117 100 g:\u00a0<\/strong>energetin\u0117 vert\u0117 1688 kJ\/401 kcal; riebalai 7,7g, i\u0161 kuri\u0173 so\u010di\u0173j\u0173 riebal\u0173 r\u016bg\u0161\u010di\u0173 1,9g; angliavandeniai 62g, i\u0161 kuri\u0173 cukr\u0173 1,7g; skaidulin\u0117s med\u017eiagos 13g; baltymai 15g; druska 0,06g.<\/p>","protected":false},"excerpt":{"rendered":"<p>Burno\u010dio s\u0117kl\u0173 miltai Burno\u010dio s\u0117kl\u0173 miltai \u2013 tai nat\u016bralus augalin\u0117s kilm\u0117s produktas, gaminamas i\u0161 smulkiai sumalt\u0173 burno\u010dio s\u0117kl\u0173. \u0160ie miltai vertinami d\u0117l savo maistin\u0117s sud\u0117ties, \u0161velnaus rie\u0161utinio skonio ir plataus panaudojimo virtuv\u0117je. Burno\u010dio miltai vis da\u017eniau pasirenkami \u017emoni\u0173, kurie ie\u0161ko \u012fvairesni\u0173 milt\u0173 alternatyv\u0173 ir nori praturtinti kasdien\u0119 mityb\u0105 skirtingais augalin\u0117s kilm\u0117s ingredientais. Burno\u010diai yra vienas&#8230;<\/p>","protected":false},"featured_media":14025,"template":"","meta":{"_acf_changed":false},"product_brand":[],"product_cat":[71],"product_tag":[],"class_list":{"0":"post-14017","1":"product","2":"type-product","3":"status-publish","4":"has-post-thumbnail","6":"product_cat-miltai","7":"nt-post-class","8":"","9":"masonry-item","10":"col-lg-6","14":"excerpt-none","18":"first","19":"instock","20":"taxable","21":"shipping-taxable","22":"purchasable","23":"product-type-variable","24":"add-to-wishlist-after_add_to_cart"},"acf":[],"_links":{"self":[{"href":"https:\/\/chiaseklos.lt\/en\/wp-json\/wp\/v2\/product\/14017","targetHints":{"allow":["GET"]}}],"collection":[{"href":"https:\/\/chiaseklos.lt\/en\/wp-json\/wp\/v2\/product"}],"about":[{"href":"https:\/\/chiaseklos.lt\/en\/wp-json\/wp\/v2\/types\/product"}],"wp:featuredmedia":[{"embeddable":true,"href":"https:\/\/chiaseklos.lt\/en\/wp-json\/wp\/v2\/media\/14025"}],"wp:attachment":[{"href":"https:\/\/chiaseklos.lt\/en\/wp-json\/wp\/v2\/media?parent=14017"}],"wp:term":[{"taxonomy":"product_brand","embeddable":true,"href":"https:\/\/chiaseklos.lt\/en\/wp-json\/wp\/v2\/product_brand?post=14017"},{"taxonomy":"product_cat","embeddable":true,"href":"https:\/\/chiaseklos.lt\/en\/wp-json\/wp\/v2\/product_cat?post=14017"},{"taxonomy":"product_tag","embeddable":true,"href":"https:\/\/chiaseklos.lt\/en\/wp-json\/wp\/v2\/product_tag?post=14017"}],"curies":[{"name":"wp","href":"https:\/\/api.w.org\/{rel}","templated":true}]}}