{"id":14013,"date":"2020-10-21T10:03:36","date_gmt":"2020-10-21T10:03:36","guid":{"rendered":"http:\/\/chiaseklos.lt\/?post_type=product&#038;p=14013"},"modified":"2026-03-26T14:13:22","modified_gmt":"2026-03-26T14:13:22","slug":"kokosu-miltai","status":"publish","type":"product","link":"https:\/\/chiaseklos.lt\/en\/product\/kokosu-miltai\/","title":{"rendered":"Miltai &#8211; Kokos\u0173"},"content":{"rendered":"<p><strong>Kokos\u0173 miltai<\/strong><\/p>\n<p data-start=\"0\" data-end=\"431\"><strong data-start=\"0\" data-end=\"17\">Kokos\u0173 miltai<\/strong> \u2013 tai nat\u016bralus, aromatingas ir maistingas milt\u0173 variantas, puikiai tinkantis kasdieniam naudojimui virtuv\u0117je. \u0160ie miltai gaminami i\u0161 d\u017eiovintos kokoso mink\u0161timo, kruop\u0161\u010diai sumalamo \u012f smulkius dribsnius, kurie pasi\u017eymi \u0161velniu kokos\u0173 aromatu ir maloniu, \u0161iek tiek salstel\u0117jusiu skoniu. D\u0117l \u0161i\u0173 savybi\u0173 kokos\u0173 miltai gali suteikti kepiniams ir patiekalams unikal\u0173 poskon\u012f, i\u0161laikant nat\u016bral\u0173 ir subtil\u0173 aromat\u0105.<\/p>\n<p data-start=\"433\" data-end=\"875\">Kokos\u0173 miltai yra puikus pasirinkimas tiems, kurie nori <strong data-start=\"489\" data-end=\"520\">pa\u012fvairinti kasdien\u0119 mityb\u0105<\/strong> arba ie\u0161ko alternatyv\u0173 tradiciniams kvietiniams miltams. Jie pasi\u017eymi <strong data-start=\"591\" data-end=\"617\">auk\u0161tu skaidul\u0173 kiekiu<\/strong>, tod\u0117l gali prisid\u0117ti prie sotumo jausmo palaikymo ir \u012fvairinti racion\u0105. Be to, kokos\u0173 miltai yra nat\u016braliai <strong data-start=\"727\" data-end=\"741\">be glitimo<\/strong>, tod\u0117l juos galima naudoti \u012fvairiuose receptuose \u017emon\u0117ms, kurie vengia glitimo ar renkasi alternatyvias kepini\u0173 sudedam\u0105sias dalis.<\/p>\n<p data-start=\"877\" data-end=\"1329\">\u0160ie miltai yra universaliai pritaikomi kulinarijoje. Jie puikiai tinka <strong data-start=\"948\" data-end=\"1008\">kepiniams, pyragams, sausainiams, blynams ir skland\u017eiams<\/strong>, kuriuose dalinai gali pakeisti \u012fprastus miltus. D\u0117l subtilaus skonio ir malonaus aromato kokos\u0173 miltai suteikia kepiniams daugiau i\u0161skirtinumo, nesuderinamo su \u012fprastais kvietiniais miltais. Da\u017enai rekomenduojama naudoti <strong data-start=\"1231\" data-end=\"1269\">dalinai, mai\u0161ant su kitais miltais<\/strong>, kad b\u016bt\u0173 i\u0161laikyta tinkama te\u0161los tekst\u016bra ir dr\u0117gnumas.<\/p>\n<p data-start=\"1331\" data-end=\"1688\">Kokos\u0173 miltai taip pat yra tinkami <strong data-start=\"1366\" data-end=\"1406\">vegani\u0161kiems ir be glitimo kepiniams<\/strong>, nes jie nat\u016braliai neturi gyv\u016bnin\u0117s kilm\u0117s ingredient\u0173 ir gali b\u016bti naudojami \u012fvairiuose receptuose, nuo desert\u0173 iki sveik\u0173 u\u017ekand\u017ei\u0173. Juos galima mai\u0161yti su rie\u0161ut\u0173 miltais, avi\u017e\u0173 miltais ar kitomis sveikomis alternatyvomis, kad b\u016bt\u0173 pasiektas pageidaujamas skonis ir tekst\u016bra.<\/p>\n<p data-start=\"1690\" data-end=\"1983\">Be kepini\u0173, kokos\u0173 miltai gali b\u016bti naudojami ruo\u0161iant \u012fvairius patiekalus \u2013 nuo <strong data-start=\"1771\" data-end=\"1852\">desertini\u0173 krem\u0173, baton\u0117li\u0173, pusry\u010di\u0173 ko\u0161i\u0173 iki sveik\u0173 u\u017ekand\u017ei\u0173 ir glotnu\u010di\u0173<\/strong>. Nedidelis milt\u0173 kiekis suteikia patiekalams \u0161veln\u0173 kokos\u0173 aromat\u0105, padeda i\u0161laikyti malon\u0173 skon\u012f ir praturtina kasdien\u0119 mityb\u0105.<\/p>\n<p data-start=\"1985\" data-end=\"2337\">Rinkdamiesi <strong data-start=\"1997\" data-end=\"2014\">kokos\u0173 miltus<\/strong>, j\u016bs pasirenkate nat\u016bral\u0173, aromating\u0105 ir universal\u0173 produkt\u0105, tinkant\u012f \u012fvairiems kulinariniams eksperimentams virtuv\u0117je. \u0160ie miltai leid\u017eia lengvai pa\u012fvairinti kepinius, suteikti jiems tra\u0161ki\u0105 tekst\u016br\u0105 ar malon\u0173 kokos\u0173 poskon\u012f, taip pat yra puikus pasirinkimas tiems, kurie ie\u0161ko <strong data-start=\"2295\" data-end=\"2334\">be glitimo ir nat\u016brali\u0173 ingredient\u0173<\/strong>.<\/p>\n<p data-start=\"2339\" data-end=\"2510\"><strong data-start=\"2339\" data-end=\"2359\">Laikymo s\u0105lygos:<\/strong> rekomenduojama kokos\u0173 miltus laikyti <strong data-start=\"2397\" data-end=\"2427\">sausoje ir v\u0117sioje vietoje<\/strong>, sandariai u\u017edarytoje pakuot\u0117je, kad i\u0161laikyt\u0173 skon\u012f, aromat\u0105 ir maistin\u0119 vert\u0119.<\/p>\n<p><strong>Sudedamosios dalys:<\/strong> 100% kokoso miltai<\/p>\n<p><strong>Kilm\u0117s \u0161alis:<\/strong> \u0160ri Lanka<\/p>\n<p><strong>Maistin\u0117 vert\u0117 100 g:\u00a0<\/strong>energetin\u0117 vert\u0117 1362kJ\/324kcal; riebalai 12g, i\u0161 kuri\u0173 so\u010di\u0173j\u0173 riebal\u0173 r\u016bg\u0161\u010di\u0173 10.8g; angliavandeniai 15g, i\u0161 kuri\u0173 cukr\u0173 0g; skaidulin\u0117s med\u017eiagos 40g; baltymai 19g; druska 0,0g.<\/p>\n<p>&nbsp;<\/p>","protected":false},"excerpt":{"rendered":"<p>Kokos\u0173 miltai Kokos\u0173 miltai \u2013 tai nat\u016bralus, aromatingas ir maistingas milt\u0173 variantas, puikiai tinkantis kasdieniam naudojimui virtuv\u0117je. \u0160ie miltai gaminami i\u0161 d\u017eiovintos kokoso mink\u0161timo, kruop\u0161\u010diai sumalamo \u012f smulkius dribsnius, kurie pasi\u017eymi \u0161velniu kokos\u0173 aromatu ir maloniu, \u0161iek tiek salstel\u0117jusiu skoniu. D\u0117l \u0161i\u0173 savybi\u0173 kokos\u0173 miltai gali suteikti kepiniams ir patiekalams unikal\u0173 poskon\u012f, i\u0161laikant nat\u016bral\u0173 ir&#8230;<\/p>","protected":false},"featured_media":34683,"template":"","meta":{"_acf_changed":false},"product_brand":[],"product_cat":[71],"product_tag":[],"class_list":{"0":"post-14013","1":"product","2":"type-product","3":"status-publish","4":"has-post-thumbnail","6":"product_cat-miltai","7":"nt-post-class","8":"","9":"masonry-item","10":"col-lg-6","14":"excerpt-none","18":"first","19":"instock","20":"taxable","21":"shipping-taxable","22":"purchasable","23":"product-type-variable","24":"add-to-wishlist-after_add_to_cart"},"acf":[],"_links":{"self":[{"href":"https:\/\/chiaseklos.lt\/en\/wp-json\/wp\/v2\/product\/14013","targetHints":{"allow":["GET"]}}],"collection":[{"href":"https:\/\/chiaseklos.lt\/en\/wp-json\/wp\/v2\/product"}],"about":[{"href":"https:\/\/chiaseklos.lt\/en\/wp-json\/wp\/v2\/types\/product"}],"wp:featuredmedia":[{"embeddable":true,"href":"https:\/\/chiaseklos.lt\/en\/wp-json\/wp\/v2\/media\/34683"}],"wp:attachment":[{"href":"https:\/\/chiaseklos.lt\/en\/wp-json\/wp\/v2\/media?parent=14013"}],"wp:term":[{"taxonomy":"product_brand","embeddable":true,"href":"https:\/\/chiaseklos.lt\/en\/wp-json\/wp\/v2\/product_brand?post=14013"},{"taxonomy":"product_cat","embeddable":true,"href":"https:\/\/chiaseklos.lt\/en\/wp-json\/wp\/v2\/product_cat?post=14013"},{"taxonomy":"product_tag","embeddable":true,"href":"https:\/\/chiaseklos.lt\/en\/wp-json\/wp\/v2\/product_tag?post=14013"}],"curies":[{"name":"wp","href":"https:\/\/api.w.org\/{rel}","templated":true}]}}