{"id":13966,"date":"2020-10-15T12:32:43","date_gmt":"2020-10-15T12:32:43","guid":{"rendered":"http:\/\/chiaseklos.lt\/?post_type=product&#038;p=13966"},"modified":"2026-03-09T13:35:35","modified_gmt":"2026-03-09T13:35:35","slug":"dziovintos-dumplainio-uogos","status":"publish","type":"product","link":"https:\/\/chiaseklos.lt\/en\/product\/dziovintos-dumplainio-uogos\/","title":{"rendered":"D\u017eiovintos dumplainio uogos"},"content":{"rendered":"<p>D\u017eiovintos dumplainio uogos<\/p>\n<div class=\"flex max-w-full flex-col grow\">\n<div class=\"min-h-8 text-message relative flex w-full flex-col items-end gap-2 text-start break-words whitespace-normal [.text-message+&amp;]:mt-1\" dir=\"auto\" data-message-author-role=\"assistant\" data-message-id=\"dfe6ab5a-cb51-4d2b-bd45-e1d97043f781\" data-message-model-slug=\"gpt-5-3\">\n<div class=\"flex w-full flex-col gap-1 empty:hidden first:pt-[1px]\">\n<div class=\"markdown prose dark:prose-invert w-full wrap-break-word light markdown-new-styling\">\n<p data-start=\"0\" data-end=\"448\"><strong data-start=\"0\" data-end=\"31\">D\u017eiovintos dumplainio uogos<\/strong> \u2013 nat\u016bralus ir maistingas produktas, vertinamas d\u0117l savo i\u0161skirtinio skonio, ry\u0161kios spalvos ir nauding\u0173 maistini\u0173 savybi\u0173. \u0160ios uogos pasi\u017eymi malonia sald\u017eiar\u016bg\u0161te skoni\u0173 pusiausvyra, tod\u0117l yra puikus pasirinkimas tiek sveikam u\u017ekand\u017eiui, tiek \u012fvairiems patiekalams pagardinti. D\u017eiovintos dumplainio uogos vis da\u017eniau pasirenkamos \u017emoni\u0173, kurie ie\u0161ko nat\u016brali\u0173, maisting\u0173 ir universali\u0173 produkt\u0173 kasdienei mitybai.<\/p>\n<p data-start=\"450\" data-end=\"1000\">Dumplainio vaisiai vertinami d\u0117l juose esan\u010di\u0173 vitamin\u0173 ir mineral\u0173. Uogose gausu <strong data-start=\"532\" data-end=\"546\">vitamino C<\/strong>, kuris padeda palaikyti normali\u0105 imunin\u0117s sistemos veikl\u0105 ir prisideda prie organizmo apsaugos nuo oksidacinio streso. Taip pat dumplainio uogose yra <strong data-start=\"697\" data-end=\"715\">folio r\u016bg\u0161ties<\/strong>, kuri svarbi normaliai kraujodarai ir l\u0105steli\u0173 dalijimuisi. \u0160iose uogose randama ir kit\u0173 organizmui svarbi\u0173 mineralini\u0173 med\u017eiag\u0173 \u2013 <strong data-start=\"847\" data-end=\"886\">kalio, fosforo, seleno bei gele\u017eies<\/strong>. Be to, dumplainio uogos turi <strong data-start=\"917\" data-end=\"938\">B grup\u0117s vitamin\u0173<\/strong>, kurie svarb\u016bs energijos apykaitai ir nerv\u0173 sistemos veiklai.<\/p>\n<p data-start=\"1002\" data-end=\"1425\">Dumplainio uogose yra nat\u016brali\u0173 biologi\u0161kai aktyvi\u0173 med\u017eiag\u0173, kurios gali pad\u0117ti <strong data-start=\"1083\" data-end=\"1108\">raminti nerv\u0173 sistem\u0105<\/strong> ir prisid\u0117ti prie geresn\u0117s savijautos. D\u0117l \u0161i\u0173 savybi\u0173 \u0161ios uogos da\u017enai \u012ftraukiamos \u012f kasdien\u0119 mityb\u0105 \u017emoni\u0173, kurie siekia subalansuoto gyvenimo b\u016bdo ir r\u016bpinasi savo organizmo gerove. Taip pat dumplainio vaisiai tradici\u0161kai vertinami d\u0117l galimo poveikio <strong data-start=\"1365\" data-end=\"1424\">raumen\u0173 atsipalaidavimui ir spazmini\u0173 poj\u016b\u010di\u0173 ma\u017einimui<\/strong>.<\/p>\n<p data-start=\"1427\" data-end=\"1884\">Dar viena svarbi dumplainio uog\u0173 savyb\u0117 \u2013 jose esantis <strong data-start=\"1482\" data-end=\"1494\">pektinas<\/strong>. Tai nat\u016brali tirpi skaidulin\u0117 med\u017eiaga, kuri prisideda prie normalios vir\u0161kinimo sistemos veiklos. D\u0117l \u0161ios prie\u017easties d\u017eiovintos dumplainio uogos da\u017enai pasirenkamos \u017emoni\u0173, kurie laikosi <strong data-start=\"1686\" data-end=\"1723\">subalansuotos ar dietin\u0117s mitybos<\/strong>. \u0160ios uogos gali b\u016bti vertinamos ir t\u0173, kurie r\u016bpinasi cukraus kiekio mityboje kontrole, nes jose esantis skaidul\u0173 kiekis padeda ilgiau i\u0161laikyti sotumo jausm\u0105.<\/p>\n<p data-start=\"1886\" data-end=\"2322\"><strong data-start=\"1886\" data-end=\"1917\">D\u017eiovintos dumplainio uogos<\/strong> yra labai universalios virtuv\u0117je. Jas galima valgyti vienas kaip nat\u016bral\u0173 u\u017ekand\u012f tarp valgym\u0173. D\u0117l intensyvaus skonio jos puikiai tinka pagardinti \u012fvairius pusry\u010di\u0173 patiekalus. Dumplainio uogas galima d\u0117ti \u012f <strong data-start=\"2127\" data-end=\"2164\">jogurt\u0105, ko\u0161es, granol\u0105 ar var\u0161k\u0119<\/strong>, taip pat naudoti ruo\u0161iant <strong data-start=\"2192\" data-end=\"2240\">vaisinius kokteilius, glotnu\u010dius ar desertus<\/strong>. Jos taip pat puikiai dera su rie\u0161utais, s\u0117klomis ir kitais d\u017eiovintais vaisiais.<\/p>\n<p data-start=\"2324\" data-end=\"2611\">\u0160ios uogos tinka ir k\u016brybi\u0161kiems virtuv\u0117s sprendimams \u2013 jas galima naudoti kepiniuose, energijos baton\u0117liuose ar net salotose, kur jos suteikia malon\u0173 sald\u017eiar\u016bg\u0161t\u012f akcent\u0105. D\u0117l savo ry\u0161kios spalvos ir skonio dumplainio uogos gali praturtinti tiek kasdienius, tiek \u0161ventinius patiekalus.<\/p>\n<p data-start=\"2613\" data-end=\"2898\" data-is-last-node=\"\" data-is-only-node=\"\">Rinkdamiesi <strong data-start=\"2625\" data-end=\"2656\">d\u017eiovintas dumplainio uogas<\/strong>, j\u016bs renkat\u0117s nat\u016bral\u0173 produkt\u0105, kuris gali praturtinti kasdien\u0119 mityb\u0105 vitaminais, mineralais ir skaidulomis. Tai skanus ir patogus b\u016bdas \u012f savo racion\u0105 \u012ftraukti daugiau augalin\u0117s kilm\u0117s maisto bei atrasti naujus skonius sveikoje virtuv\u0117je.<\/p>\n<\/div>\n<\/div>\n<\/div>\n<\/div>\n<div class=\"z-0 flex min-h-[46px] justify-start\">Energin\u0117 ir maistin\u0117 vert\u0117 100g: 285 kcal\/1195 kJ, riebal\u0173 0 g, i\u0161 kuri\u0173 so\u010di\u0173j\u0173 riebal\u0173 r\u016bg\u0161\u010di\u0173 0 g, angliavandeni\u0173 60 g, i\u0161 kuri\u0173 cukr\u0173 32 g, baltym\u0173 7,1 g, druskos 0,1 g.<\/div>\n<p>Sudedamosios dalys: 100% d\u017eiovintos dumplainio uogos. Laikyti sausoje, \u0161varioje ir v\u0117sioje vietoje. Laikymo temperat\u016bra: nuo 0\u00b0C iki 25\u00b0C.<\/p>\n<p>Kilm\u0117s \u0161alis: Kolumbija<\/p>\n","protected":false},"excerpt":{"rendered":"<p>D\u017eiovintos dumplainio uogos D\u017eiovintos dumplainio uogos \u2013 nat\u016bralus ir maistingas produktas, vertinamas d\u0117l savo i\u0161skirtinio skonio, ry\u0161kios spalvos ir nauding\u0173 maistini\u0173 savybi\u0173. \u0160ios uogos pasi\u017eymi malonia sald\u017eiar\u016bg\u0161te skoni\u0173 pusiausvyra, tod\u0117l yra puikus pasirinkimas tiek sveikam u\u017ekand\u017eiui, tiek \u012fvairiems patiekalams pagardinti. D\u017eiovintos dumplainio uogos vis da\u017eniau pasirenkamos \u017emoni\u0173, kurie ie\u0161ko nat\u016brali\u0173, maisting\u0173 ir universali\u0173 produkt\u0173 kasdienei&#8230;<\/p>","protected":false},"featured_media":13971,"template":"","meta":{"_acf_changed":false},"product_brand":[],"product_cat":[42,65],"product_tag":[],"class_list":{"0":"post-13966","1":"product","2":"type-product","3":"status-publish","4":"has-post-thumbnail","6":"product_cat-dziovinti-vaisiai-uogos","7":"product_cat-supermaistas","8":"nt-post-class","9":"","10":"masonry-item","11":"col-lg-6","15":"excerpt-none","19":"first","20":"instock","21":"taxable","22":"shipping-taxable","23":"purchasable","24":"product-type-variable","25":"add-to-wishlist-after_add_to_cart"},"acf":[],"_links":{"self":[{"href":"https:\/\/chiaseklos.lt\/en\/wp-json\/wp\/v2\/product\/13966","targetHints":{"allow":["GET"]}}],"collection":[{"href":"https:\/\/chiaseklos.lt\/en\/wp-json\/wp\/v2\/product"}],"about":[{"href":"https:\/\/chiaseklos.lt\/en\/wp-json\/wp\/v2\/types\/product"}],"wp:featuredmedia":[{"embeddable":true,"href":"https:\/\/chiaseklos.lt\/en\/wp-json\/wp\/v2\/media\/13971"}],"wp:attachment":[{"href":"https:\/\/chiaseklos.lt\/en\/wp-json\/wp\/v2\/media?parent=13966"}],"wp:term":[{"taxonomy":"product_brand","embeddable":true,"href":"https:\/\/chiaseklos.lt\/en\/wp-json\/wp\/v2\/product_brand?post=13966"},{"taxonomy":"product_cat","embeddable":true,"href":"https:\/\/chiaseklos.lt\/en\/wp-json\/wp\/v2\/product_cat?post=13966"},{"taxonomy":"product_tag","embeddable":true,"href":"https:\/\/chiaseklos.lt\/en\/wp-json\/wp\/v2\/product_tag?post=13966"}],"curies":[{"name":"wp","href":"https:\/\/api.w.org\/{rel}","templated":true}]}}