{"id":13961,"date":"2020-10-15T11:55:57","date_gmt":"2020-10-15T11:55:57","guid":{"rendered":"http:\/\/chiaseklos.lt\/?post_type=product&#038;p=13961"},"modified":"2026-03-18T12:28:42","modified_gmt":"2026-03-18T12:28:42","slug":"razinos-jumbo-golden-2","status":"publish","type":"product","link":"https:\/\/chiaseklos.lt\/en\/product\/razinos-jumbo-golden-2\/","title":{"rendered":"Razinos Jumbo Golden"},"content":{"rendered":"<h4 data-section-id=\"14r4yej\" data-start=\"199\" data-end=\"250\">Razinos Jumbo Golden \u2013 did\u017eiosios, sald\u017eiar\u016bg\u0161t\u0117s<\/h4>\n<h4 data-section-id=\"kon9br\" data-start=\"252\" data-end=\"304\">Nat\u016braliai sald\u017eios ir didel\u0117s razinos u\u017ekand\u017eiui<\/h4>\n<p data-start=\"306\" data-end=\"621\">Razinos Jumbo Golden \u2013 tai didel\u0117s, sultingos ir nat\u016braliai sald\u017eiar\u016bg\u0161t\u0117s razinos, kurios puikiai tinka kaip u\u017ekandis ar priedas prie \u012fvairi\u0173 patiekal\u0173. \u0160ios razinos pasi\u017eymi intensyviu aromatu, sodriu skoniu ir didesniu dyd\u017eiu nei \u012fprastos razinos, tod\u0117l jas lengva valgyti tiesiogiai arba naudoti kulinarijoje.<\/p>\n<p data-start=\"623\" data-end=\"874\">\u0160is produktas gali b\u016bti patrauklus tiek vaikams, tiek suaugusiems, ie\u0161kantiems skanaus ir prakti\u0161ko u\u017ekand\u017eio. D\u0117l savo tekst\u016bros ir sald\u017eiar\u016bg\u0161\u010dio skonio razinos Jumbo Golden gali b\u016bti derinamos su rie\u0161utais, s\u0117klomis ar kitomis d\u017eiovintomis uogomis.<\/p>\n<h4 data-section-id=\"sbaj4\" data-start=\"881\" data-end=\"899\">Naudojimo b\u016bdai<\/h4>\n<p data-start=\"901\" data-end=\"975\">Razinos Jumbo Golden yra universalios ir tinka \u012fvairiems naudojimo b\u016bdams:<\/p>\n<ul data-start=\"977\" data-end=\"1208\">\n<li data-section-id=\"7c79e4\" data-start=\"977\" data-end=\"1015\">\n<p data-start=\"979\" data-end=\"1015\">Tiesiog kaip u\u017ekandis tarp valgym\u0173<\/p>\n<\/li>\n<li data-section-id=\"r87t7h\" data-start=\"1016\" data-end=\"1062\">\n<p data-start=\"1018\" data-end=\"1062\">Gardinti ko\u0161es, jogurtus ar gr\u016bd\u0173 mi\u0161inius<\/p>\n<\/li>\n<li data-section-id=\"5qey3i\" data-start=\"1063\" data-end=\"1112\">\n<p data-start=\"1065\" data-end=\"1112\">Naudoti kepiniuose, pyraguose ar baton\u0117liuose<\/p>\n<\/li>\n<li data-section-id=\"1kwl3ct\" data-start=\"1113\" data-end=\"1156\">\n<p data-start=\"1115\" data-end=\"1156\">Derinti su s\u016briu, rie\u0161utais ar \u0161okoladu<\/p>\n<\/li>\n<li data-section-id=\"3brer1\" data-start=\"1157\" data-end=\"1208\">\n<p data-start=\"1159\" data-end=\"1208\">Praturtinti salotas ar skrudint\u0173 gr\u016bd\u0173 mi\u0161inius<\/p>\n<\/li>\n<\/ul>\n<p data-start=\"1210\" data-end=\"1464\">D\u0117l savo nat\u016braliai sald\u017eiar\u016bg\u0161\u010dio skonio, \u0161ios razinos gali b\u016bti naudojamos tiek sald\u017eiuose, tiek s\u016briuose patiekaluose. Jos puikiai dera su kitomis d\u017eiovintomis uogomis, rie\u0161utais ir s\u0117klomis, suteikdamos patiekalams sodresn\u012f skon\u012f ir maloni\u0105 tekst\u016br\u0105.<\/p>\n<p data-start=\"1499\" data-end=\"1615\"><strong data-start=\"1499\" data-end=\"1522\">Sudedamosios dalys:<\/strong><br data-start=\"1522\" data-end=\"1525\" \/>Razinos, rafinuotas nehidrintas saul\u0117gr\u0105\u017e\u0173 aliejus, konservantas sieros dioksidas (E220)<\/p>\n<p data-start=\"1617\" data-end=\"1644\"><strong data-start=\"1617\" data-end=\"1642\">Maistingumas (100 g):<\/strong><\/p>\n<ul data-start=\"1645\" data-end=\"1807\">\n<li data-section-id=\"i9sxez\" data-start=\"1645\" data-end=\"1673\">\n<p data-start=\"1647\" data-end=\"1673\">Energin\u0117 vert\u0117: 324 kcal<\/p>\n<\/li>\n<li data-section-id=\"lbvl09\" data-start=\"1674\" data-end=\"1693\">\n<p data-start=\"1676\" data-end=\"1693\">Baltymai: 2,5 g<\/p>\n<\/li>\n<li data-section-id=\"1qet335\" data-start=\"1694\" data-end=\"1719\">\n<p data-start=\"1696\" data-end=\"1719\">Angliavandeniai: 78 g<\/p>\n<\/li>\n<li data-section-id=\"tq0kk2\" data-start=\"1720\" data-end=\"1744\">\n<p data-start=\"1722\" data-end=\"1744\">I\u0161 j\u0173 cukrus: 50,6 g<\/p>\n<\/li>\n<li data-section-id=\"wnm2xl\" data-start=\"1745\" data-end=\"1770\">\n<p data-start=\"1747\" data-end=\"1770\">Riebal\u0173 r\u016bgtys: 0,2 g<\/p>\n<\/li>\n<li data-section-id=\"eacmd1\" data-start=\"1771\" data-end=\"1789\">\n<p data-start=\"1773\" data-end=\"1789\">Skaidulos: 1 g<\/p>\n<\/li>\n<li data-section-id=\"t11pnv\" data-start=\"1790\" data-end=\"1807\">\n<p data-start=\"1792\" data-end=\"1807\">Natris: 0,1 g<\/p>\n<\/li>\n<\/ul>\n<p data-start=\"1809\" data-end=\"2108\">D\u0117l rafinuoto saul\u0117gr\u0105\u017e\u0173 aliejaus ir kruop\u0161\u010diai atrinkt\u0173 uog\u0173 \u0161ios razinos i\u0161saugo dr\u0117gm\u0119 ir mink\u0161tum\u0105, tod\u0117l jos puikiai tinka vartoti tiesiogiai arba gaminant kulinarinius patiekalus. Naudojant konservant\u0105 sieros dioksid\u0105 (E220), u\u017etikrinamas produkto ilgalaikis \u0161vie\u017eumas ir spalvos i\u0161saugojimas.<\/p>\n<p data-start=\"2144\" data-end=\"2402\"><strong data-start=\"2144\" data-end=\"2164\">Laikymo s\u0105lygos:<\/strong><br data-start=\"2164\" data-end=\"2167\" \/>Laikyti sausoje, \u0161varioje ir v\u0117sioje vietoje, apsaugotoje nuo dr\u0117gm\u0117s ir tiesiogini\u0173 saul\u0117s spinduli\u0173. Laikymo temperat\u016bra: nuo 0\u00b0C iki 25\u00b0C. Tinkamai laikomos razinos Jumbo Golden i\u0161saugo savo skon\u012f, aromat\u0105 ir tekst\u016br\u0105 ilgesn\u012f laik\u0105.<\/p>\n<p data-start=\"2404\" data-end=\"2430\"><strong data-start=\"2404\" data-end=\"2421\">Kilm\u0117s \u0161alis:<\/strong><br data-start=\"2421\" data-end=\"2424\" \/>\u010cil\u0117<\/p>\n<p data-start=\"2461\" data-end=\"2896\">Razinos Jumbo Golden \u2013 tai did\u017eiosios, sultingos ir sald\u017eiar\u016bg\u0161t\u0117s razinos, kurios tinka tiek tiesioginiam vartojimui, tiek kulinarijoje. J\u0173 nat\u016bralus skonis ir didesnis dydis suteikia malon\u0173 poj\u016bt\u012f kiekviename k\u0105snyje, o universali naudojimo galimyb\u0117 leid\u017eia jas derinti su \u012fvairiais patiekalais. Produktas puikiai papildys j\u016bs\u0173 d\u017eiovint\u0173 vaisi\u0173 asortiment\u0105, suteiks energijos ir bus prakti\u0161kas u\u017ekandis namuose, darbe ar kelion\u0117je.<\/p>","protected":false},"excerpt":{"rendered":"<p>Razinos Jumbo Golden \u2013 did\u017eiosios, sald\u017eiar\u016bg\u0161t\u0117s Nat\u016braliai sald\u017eios ir didel\u0117s razinos u\u017ekand\u017eiui Razinos Jumbo Golden \u2013 tai didel\u0117s, sultingos ir nat\u016braliai sald\u017eiar\u016bg\u0161t\u0117s razinos, kurios puikiai tinka kaip u\u017ekandis ar priedas prie \u012fvairi\u0173 patiekal\u0173. \u0160ios razinos pasi\u017eymi intensyviu aromatu, sodriu skoniu ir didesniu dyd\u017eiu nei \u012fprastos razinos, tod\u0117l jas lengva valgyti tiesiogiai arba naudoti kulinarijoje. \u0160is&#8230;<\/p>","protected":false},"featured_media":34737,"template":"","meta":{"_acf_changed":false},"product_brand":[],"product_cat":[70,42],"product_tag":[],"class_list":{"0":"post-13961","1":"product","2":"type-product","3":"status-publish","4":"has-post-thumbnail","6":"product_cat-akcijos","7":"product_cat-dziovinti-vaisiai-uogos","8":"nt-post-class","9":"","10":"masonry-item","11":"col-lg-6","15":"excerpt-none","19":"first","20":"instock","21":"sale","22":"taxable","23":"shipping-taxable","24":"purchasable","25":"product-type-variable","26":"add-to-wishlist-after_add_to_cart"},"acf":[],"_links":{"self":[{"href":"https:\/\/chiaseklos.lt\/en\/wp-json\/wp\/v2\/product\/13961","targetHints":{"allow":["GET"]}}],"collection":[{"href":"https:\/\/chiaseklos.lt\/en\/wp-json\/wp\/v2\/product"}],"about":[{"href":"https:\/\/chiaseklos.lt\/en\/wp-json\/wp\/v2\/types\/product"}],"wp:featuredmedia":[{"embeddable":true,"href":"https:\/\/chiaseklos.lt\/en\/wp-json\/wp\/v2\/media\/34737"}],"wp:attachment":[{"href":"https:\/\/chiaseklos.lt\/en\/wp-json\/wp\/v2\/media?parent=13961"}],"wp:term":[{"taxonomy":"product_brand","embeddable":true,"href":"https:\/\/chiaseklos.lt\/en\/wp-json\/wp\/v2\/product_brand?post=13961"},{"taxonomy":"product_cat","embeddable":true,"href":"https:\/\/chiaseklos.lt\/en\/wp-json\/wp\/v2\/product_cat?post=13961"},{"taxonomy":"product_tag","embeddable":true,"href":"https:\/\/chiaseklos.lt\/en\/wp-json\/wp\/v2\/product_tag?post=13961"}],"curies":[{"name":"wp","href":"https:\/\/api.w.org\/{rel}","templated":true}]}}