{"id":13715,"date":"2020-10-21T09:57:37","date_gmt":"2020-10-21T09:57:37","guid":{"rendered":"http:\/\/chiaseklos.lt\/?post_type=product&#038;p=13715"},"modified":"2026-03-26T14:15:06","modified_gmt":"2026-03-26T14:15:06","slug":"migdolu-miltai","status":"publish","type":"product","link":"https:\/\/chiaseklos.lt\/en\/product\/migdolu-miltai\/","title":{"rendered":"Migdol\u0173 miltai"},"content":{"rendered":"<p><strong>Migdol\u0173 miltai<\/strong><\/p>\n<p>Tai malti migdolai.\u00a0Tinka gaminant \u012fvairiausius kepinius, ypa\u010d tinkamiausi Macarons sausainiams.<\/p>\n<p>Sudedamosios dalys: migdol\u0173 miltai<\/p>\n<p>Energin\u0117 vert\u0117:Maistin\u0117 vert\u0117: (100g) \u2013 2519 kJ\/600 kcal: riebalai 50.0 g (i\u0161 j\u0173 so\u010di\u0173j\u0173 3,5 g), angliavandeni\u0173 10,7 g (i\u0161 j\u0173 cukr\u0173 3,6 g), \u00a0skaidulos 10,7 g, baltymai 21,4g druska 0,0 g<\/p>\n<p>Kilm\u0117s \u0161alis: Ispanija<\/p>\n<p>&nbsp;<\/p>\n<p>&nbsp;<\/p>\n<p>&nbsp;<\/p>\n<p>&nbsp;<\/p>\n<p>&nbsp;<\/p>","protected":false},"excerpt":{"rendered":"<p>Migdol\u0173 miltai Tai malti migdolai.\u00a0Tinka gaminant \u012fvairiausius kepinius, ypa\u010d tinkamiausi Macarons sausainiams. Sudedamosios dalys: migdol\u0173 miltai Energin\u0117 vert\u0117:Maistin\u0117 vert\u0117: (100g) \u2013 2519 kJ\/600 kcal: riebalai 50.0 g (i\u0161 j\u0173 so\u010di\u0173j\u0173 3,5 g), angliavandeni\u0173 10,7 g (i\u0161 j\u0173 cukr\u0173 3,6 g), \u00a0skaidulos 10,7 g, baltymai 21,4g druska 0,0 g Kilm\u0117s \u0161alis: Ispanija &nbsp; &nbsp; &nbsp; &nbsp;&#8230;<\/p>","protected":false},"featured_media":34682,"template":"","meta":{"_acf_changed":false},"product_brand":[],"product_cat":[70,71],"product_tag":[],"class_list":{"0":"post-13715","1":"product","2":"type-product","3":"status-publish","4":"has-post-thumbnail","6":"product_cat-akcijos","7":"product_cat-miltai","8":"nt-post-class","9":"","10":"masonry-item","11":"col-lg-6","15":"excerpt-none","19":"first","20":"instock","21":"sale","22":"taxable","23":"shipping-taxable","24":"purchasable","25":"product-type-variable","26":"add-to-wishlist-after_add_to_cart"},"acf":[],"_links":{"self":[{"href":"https:\/\/chiaseklos.lt\/en\/wp-json\/wp\/v2\/product\/13715","targetHints":{"allow":["GET"]}}],"collection":[{"href":"https:\/\/chiaseklos.lt\/en\/wp-json\/wp\/v2\/product"}],"about":[{"href":"https:\/\/chiaseklos.lt\/en\/wp-json\/wp\/v2\/types\/product"}],"wp:featuredmedia":[{"embeddable":true,"href":"https:\/\/chiaseklos.lt\/en\/wp-json\/wp\/v2\/media\/34682"}],"wp:attachment":[{"href":"https:\/\/chiaseklos.lt\/en\/wp-json\/wp\/v2\/media?parent=13715"}],"wp:term":[{"taxonomy":"product_brand","embeddable":true,"href":"https:\/\/chiaseklos.lt\/en\/wp-json\/wp\/v2\/product_brand?post=13715"},{"taxonomy":"product_cat","embeddable":true,"href":"https:\/\/chiaseklos.lt\/en\/wp-json\/wp\/v2\/product_cat?post=13715"},{"taxonomy":"product_tag","embeddable":true,"href":"https:\/\/chiaseklos.lt\/en\/wp-json\/wp\/v2\/product_tag?post=13715"}],"curies":[{"name":"wp","href":"https:\/\/api.w.org\/{rel}","templated":true}]}}