{"id":13703,"date":"2020-09-03T12:30:02","date_gmt":"2020-09-03T12:30:02","guid":{"rendered":"http:\/\/chiaseklos.lt\/?post_type=product&#038;p=13703"},"modified":"2026-02-20T12:21:21","modified_gmt":"2026-02-20T12:21:21","slug":"asvaganda-ashwagandha-milteliai","status":"publish","type":"product","link":"https:\/\/chiaseklos.lt\/en\/product\/asvaganda-ashwagandha-milteliai\/","title":{"rendered":"A\u0161vaganda (Ashwagandha) milteliai"},"content":{"rendered":"<p data-start=\"247\" data-end=\"326\"><strong data-start=\"247\" data-end=\"324\">A\u0161vaganda (Ashwagandha) milteliai \u2013 nat\u016bralus adaptogenas j\u016bs\u0173 organizmui<\/strong><\/p>\n<p data-start=\"328\" data-end=\"856\"><strong data-start=\"328\" data-end=\"341\">A\u0161vaganda<\/strong>, dar \u017einoma kaip <strong data-start=\"359\" data-end=\"374\">Ashwagandha<\/strong> arba Indijos \u017een\u0161enis, yra kr\u016bminis augalas, kurio \u0161aknys nuo seno naudojamos kaip nat\u016bralus <strong data-start=\"468\" data-end=\"491\">papildas organizmui<\/strong>. I\u0161 d\u017eiovintos augalo \u0161aknies gaminami <strong data-start=\"531\" data-end=\"555\">a\u0161vagandos milteliai<\/strong>, kurie i\u0161laiko visas verting\u0105sias savybes ir biologi\u0161kai aktyvias med\u017eiagas. \u0160is produktas yra 100 % nat\u016bralus, be sintetini\u0173 pried\u0173, konservant\u0173 ar da\u017eikli\u0173, tod\u0117l puikiai tinka kasdieniam vartojimui tiek suaugusiems, tiek aktyviai gyvenantiems \u017emon\u0117ms, siekiantiems nat\u016bralios paramos organizmui.<\/p>\n<p data-start=\"858\" data-end=\"1267\"><strong data-start=\"858\" data-end=\"882\">A\u0161vagandos milteliai<\/strong> yra galingas <strong data-start=\"896\" data-end=\"911\">adaptogenas<\/strong>, padedantis organizmui lengviau prisitaikyti prie kasdienio streso, fizinio ir emocinio kr\u016bvio. Reguliarus vartojimas gali pad\u0117ti palaikyti emocin\u0119 pusiausvyr\u0105, ma\u017einti nuovarg\u012f, skatinti energijos lygio palaikym\u0105 ir gerinti bendr\u0105 savijaut\u0105. Be to, <strong data-start=\"1162\" data-end=\"1175\">a\u0161vaganda<\/strong> gali pad\u0117ti pagerinti miego kokyb\u0119, koncentracij\u0105, atsipalaidavim\u0105 bei organizmo balans\u0105.<\/p>\n<p data-start=\"1269\" data-end=\"1751\">\u0160is <strong data-start=\"1273\" data-end=\"1295\">nat\u016bralus papildas<\/strong> ypa\u010d vertinamas tarp \u017emoni\u0173, kurie siekia nat\u016bralios organizmo paramos, dirba protin\u012f ar fizin\u012f darb\u0105, sportuoja ar patiria didel\u012f kasdien\u012f stres\u0105. <strong data-start=\"1444\" data-end=\"1468\">A\u0161vagandos milteliai<\/strong> lengvai integruojami \u012f kasdien\u0119 mityb\u0105 \u2013 juos galima mai\u0161yti su \u0161iltu vandeniu, pienu, augaliniais g\u0117rimais, glotnu\u010diais, ko\u0161\u0117mis ar net \u012fmai\u0161yti \u012f nat\u016bral\u0173 jogurt\u0105. Tai patogus ir greitas b\u016bdas gauti biologi\u0161kai aktyvi\u0173 med\u017eiag\u0173 ir nat\u016braliai stiprinti organizm\u0105 kiekvien\u0105 dien\u0105.<\/p>\n<p data-start=\"1753\" data-end=\"2017\"><strong data-start=\"1753\" data-end=\"1768\">Vartojimas:<\/strong> rekomenduojama vartoti po 3\u20135 gramus (1 arbatin\u012f \u0161auk\u0161tel\u012f) <strong data-start=\"1829\" data-end=\"1852\">a\u0161vagandos milteli\u0173<\/strong> 2 kartus per dien\u0105, u\u017egeriant \u0161iltu vandeniu ar pienu, 20\u201330 minu\u010di\u0173 prie\u0161 valg\u012f arba prie\u0161 mieg\u0105. Rekomenduojama vartoti ne ilgiau kaip 6 m\u0117nesius be pertraukos.<\/p>\n<p data-start=\"2019\" data-end=\"2253\"><strong data-start=\"2019\" data-end=\"2042\">Sudedamosios dalys:<\/strong> 100 % <strong data-start=\"2049\" data-end=\"2073\">a\u0161vagandos milteliai<\/strong>, be pried\u0173, sintetini\u0173 med\u017eiag\u0173 ar da\u017eikli\u0173. Laikyti sausoje, v\u0117sioje vietoje, sandariai u\u017edarytoje pakuot\u0117je, kad produktas i\u0161laikyt\u0173 skon\u012f, aromat\u0105 ir visas naudingas savybes.<\/p>\n<p data-start=\"2255\" data-end=\"2549\">\u012etraukite <strong data-start=\"2265\" data-end=\"2290\">Ashwagandha miltelius<\/strong> \u012f savo kasdien\u0119 rutin\u0105, kad pajustum\u0117te nat\u016bral\u0173 energijos, atsipalaidavimo ir geros savijautos efekt\u0105. \u0160is <strong data-start=\"2399\" data-end=\"2414\">adaptogenas<\/strong>, nat\u016bralus papildas, padeda palaikyti organizmo balans\u0105, energij\u0105 ir bendr\u0105 ger\u0105 savijaut\u0105 tiek darbui, tiek aktyviam laisvalaikiui.<\/p>\n<p><span style=\"color: #282828;\">Kilm\u0117s \u0161alis:\u00a0Indija.<\/span><\/p>\n<p><strong>Maistin\u0117 vert\u0117: <\/strong><\/p>\n<p>100g \u2013 1153 kJ\/275 kcal: riebalai 0.4 g (i\u0161 j\u0173 so\u010di\u0173j\u0173 0 g), angliavandeniai 45,7 g (i\u0161 j\u0173 cukr\u0173 10,7 g), \u00a0baltymai 5,5g druska 0,4 g<\/p>\n<p>&nbsp;<\/p>","protected":false},"excerpt":{"rendered":"<p>A\u0161vaganda (Ashwagandha) milteliai \u2013 nat\u016bralus adaptogenas j\u016bs\u0173 organizmui A\u0161vaganda, dar \u017einoma kaip Ashwagandha arba Indijos \u017een\u0161enis, yra kr\u016bminis augalas, kurio \u0161aknys nuo seno naudojamos kaip nat\u016bralus papildas organizmui. I\u0161 d\u017eiovintos augalo \u0161aknies gaminami a\u0161vagandos milteliai, kurie i\u0161laiko visas verting\u0105sias savybes ir biologi\u0161kai aktyvias med\u017eiagas. \u0160is produktas yra 100 % nat\u016bralus, be sintetini\u0173 pried\u0173, konservant\u0173 ar&#8230;<\/p>","protected":false},"featured_media":34546,"template":"","meta":{"_acf_changed":false},"product_brand":[],"product_cat":[65],"product_tag":[],"class_list":{"0":"post-13703","1":"product","2":"type-product","3":"status-publish","4":"has-post-thumbnail","6":"product_cat-supermaistas","7":"nt-post-class","8":"","9":"masonry-item","10":"col-lg-6","14":"excerpt-none","18":"first","19":"instock","20":"taxable","21":"shipping-taxable","22":"purchasable","23":"product-type-variable","24":"add-to-wishlist-after_add_to_cart"},"acf":[],"_links":{"self":[{"href":"https:\/\/chiaseklos.lt\/en\/wp-json\/wp\/v2\/product\/13703","targetHints":{"allow":["GET"]}}],"collection":[{"href":"https:\/\/chiaseklos.lt\/en\/wp-json\/wp\/v2\/product"}],"about":[{"href":"https:\/\/chiaseklos.lt\/en\/wp-json\/wp\/v2\/types\/product"}],"wp:featuredmedia":[{"embeddable":true,"href":"https:\/\/chiaseklos.lt\/en\/wp-json\/wp\/v2\/media\/34546"}],"wp:attachment":[{"href":"https:\/\/chiaseklos.lt\/en\/wp-json\/wp\/v2\/media?parent=13703"}],"wp:term":[{"taxonomy":"product_brand","embeddable":true,"href":"https:\/\/chiaseklos.lt\/en\/wp-json\/wp\/v2\/product_brand?post=13703"},{"taxonomy":"product_cat","embeddable":true,"href":"https:\/\/chiaseklos.lt\/en\/wp-json\/wp\/v2\/product_cat?post=13703"},{"taxonomy":"product_tag","embeddable":true,"href":"https:\/\/chiaseklos.lt\/en\/wp-json\/wp\/v2\/product_tag?post=13703"}],"curies":[{"name":"wp","href":"https:\/\/api.w.org\/{rel}","templated":true}]}}