{"id":13695,"date":"2020-09-03T08:00:58","date_gmt":"2020-09-03T08:00:58","guid":{"rendered":"http:\/\/chiaseklos.lt\/?post_type=product&#038;p=13695"},"modified":"2026-02-20T11:56:27","modified_gmt":"2026-02-20T11:56:27","slug":"dziovintos-slyvos-ashlok","status":"publish","type":"product","link":"https:\/\/chiaseklos.lt\/en\/product\/dziovintos-slyvos-ashlok\/","title":{"rendered":"D\u017eiovintos slyvos be kauliuk\u0173"},"content":{"rendered":"<p><strong>D\u017eiovintos slyvos Ashlok be kauliuk\u0173<\/strong><\/p>\n<p>\u0160ios d\u017eiovintos slyvos \u2013 itin gard\u017eios bei mink\u0161tos.<\/p>\n<p>\u012etraukti d\u017eiovintas slyvas \u012f savo kasdienin\u012f racion\u0105 labai paprasta, nes\u00a0jos puikiai tiks gaminant pada\u017e\u0105 vi\u0161tienai, ruo\u0161iant \u012fdar\u0105 pyragui, gardinant m\u0117gstam\u0105 ko\u0161\u0119, kokteilius, salotas su s\u016briu ar paruo\u0161t\u0105 tyr\u0119 tepant ant skrudintos duonos.<\/p>\n<p>Kilm\u0117s \u0161alis: \u010cil\u0117, Uzbekistanas<\/p>\n<p>Energin\u0117 ir maistin\u0117 vert\u0117 100 g: 237 kcal\/1007 kJ, riebal\u0173 0,1 g, i\u0161 kuri\u0173 so\u010di\u0173j\u0173 riebal\u0173 r\u016bg\u0161\u010di\u0173 0 g, angliavandeni\u0173 55.8 g, i\u0161 kuri\u0173 cukr\u0173 47,9 g, baltym\u0173 2,6 g, druskos 0,12 g.<\/p>\n<p>Sudedamosios dalys: 99,4 % slyvos, saul\u0117gr\u0105\u017e\u0173 aliejus, konservantas kalio sorbatas (E202).<\/p>\n<p>Laikyti sausoje ir v\u0117sioje vietoje. Laikymo temperat\u016bra: nuo 0\u00b0C iki 25\u00b0C.<\/p>\n<p>&nbsp;<\/p>","protected":false},"excerpt":{"rendered":"<p>D\u017eiovintos slyvos Ashlok be kauliuk\u0173 \u0160ios d\u017eiovintos slyvos \u2013 itin gard\u017eios bei mink\u0161tos. \u012etraukti d\u017eiovintas slyvas \u012f savo kasdienin\u012f racion\u0105 labai paprasta, nes\u00a0jos puikiai tiks gaminant pada\u017e\u0105 vi\u0161tienai, ruo\u0161iant \u012fdar\u0105 pyragui, gardinant m\u0117gstam\u0105 ko\u0161\u0119, kokteilius, salotas su s\u016briu ar paruo\u0161t\u0105 tyr\u0119 tepant ant skrudintos duonos. Kilm\u0117s \u0161alis: \u010cil\u0117, Uzbekistanas Energin\u0117 ir maistin\u0117 vert\u0117 100 g:&#8230;<\/p>","protected":false},"featured_media":13700,"template":"","meta":{"_acf_changed":false},"product_brand":[],"product_cat":[42],"product_tag":[],"class_list":{"0":"post-13695","1":"product","2":"type-product","3":"status-publish","4":"has-post-thumbnail","6":"product_cat-dziovinti-vaisiai-uogos","7":"nt-post-class","8":"","9":"masonry-item","10":"col-lg-6","14":"excerpt-none","18":"first","19":"instock","20":"taxable","21":"shipping-taxable","22":"purchasable","23":"product-type-variable","24":"add-to-wishlist-after_add_to_cart"},"acf":[],"_links":{"self":[{"href":"https:\/\/chiaseklos.lt\/en\/wp-json\/wp\/v2\/product\/13695","targetHints":{"allow":["GET"]}}],"collection":[{"href":"https:\/\/chiaseklos.lt\/en\/wp-json\/wp\/v2\/product"}],"about":[{"href":"https:\/\/chiaseklos.lt\/en\/wp-json\/wp\/v2\/types\/product"}],"wp:featuredmedia":[{"embeddable":true,"href":"https:\/\/chiaseklos.lt\/en\/wp-json\/wp\/v2\/media\/13700"}],"wp:attachment":[{"href":"https:\/\/chiaseklos.lt\/en\/wp-json\/wp\/v2\/media?parent=13695"}],"wp:term":[{"taxonomy":"product_brand","embeddable":true,"href":"https:\/\/chiaseklos.lt\/en\/wp-json\/wp\/v2\/product_brand?post=13695"},{"taxonomy":"product_cat","embeddable":true,"href":"https:\/\/chiaseklos.lt\/en\/wp-json\/wp\/v2\/product_cat?post=13695"},{"taxonomy":"product_tag","embeddable":true,"href":"https:\/\/chiaseklos.lt\/en\/wp-json\/wp\/v2\/product_tag?post=13695"}],"curies":[{"name":"wp","href":"https:\/\/api.w.org\/{rel}","templated":true}]}}