{"id":13568,"date":"2020-08-13T07:38:34","date_gmt":"2020-08-13T07:38:34","guid":{"rendered":"http:\/\/chiaseklos.lt\/?post_type=product&#038;p=13568"},"modified":"2026-04-15T14:02:46","modified_gmt":"2026-04-15T14:02:46","slug":"spinatu-milteliai","status":"publish","type":"product","link":"https:\/\/chiaseklos.lt\/en\/product\/spinatu-milteliai\/","title":{"rendered":"\u0160pinat\u0173 milteliai"},"content":{"rendered":"<h4 data-section-id=\"si5m73\" data-start=\"179\" data-end=\"225\">\u0160pinat\u0173 milteliai \u2013 100 % d\u017eiovinti \u0161pinatai<\/h4>\n<h4 data-section-id=\"olpabs\" data-start=\"227\" data-end=\"281\">Nat\u016bralus \u0161pinat\u0173 prieskonis ir maistingas papildas<\/h4>\n<p data-start=\"283\" data-end=\"650\">\u0160pinat\u0173 milteliai yra nat\u016bralus ir nekaloringas produktas, pagamintas i\u0161 100 % d\u017eiovint\u0173 \u0161pinat\u0173 lap\u0173. \u0160pinatai yra \u017einoma dar\u017eov\u0117, turtinga vitamin\u0173, mineral\u0173 ir skaidul\u0173, tod\u0117l \u0161pinat\u0173 milteliai puikiai tinka kasdieniam vartojimui ir mitybos papildymui. \u0160is produktas i\u0161siskiria ry\u0161kia \u017ealia spalva, subtiliu \u0161pinat\u0173 aromatu ir universaliu naudojimu kulinarijoje.<\/p>\n<p data-start=\"652\" data-end=\"991\">Milteliai pagaminti naudojant \u017eem\u0105 (42\u201345 \u00b0C) temperat\u016br\u0105, tod\u0117l maksimaliai i\u0161saugomos maistin\u0117s med\u017eiagos ir nat\u016brali spalva. Termi\u0161kai neapdoroti \u2013 jie n\u0117ra kepti, \u0161aldyti ar apdoroti kitais b\u016bdais, o tai leid\u017eia i\u0161laikyti \u0161pinat\u0173 vert\u0119 ir skon\u012f. Be da\u017eikli\u0173, konservant\u0173, glitimo ar kit\u0173 pried\u0173, tod\u0117l tai visi\u0161kai nat\u016bralus produktas.<\/p>\n<hr data-start=\"993\" data-end=\"996\" \/>\n<h4 data-section-id=\"1rxle7\" data-start=\"998\" data-end=\"1032\">Kaip naudoti \u0161pinat\u0173 miltelius?<\/h4>\n<p data-start=\"1034\" data-end=\"1122\">\u0160pinat\u0173 milteliai yra itin universal\u016bs ir tinka tiek saldiems, tiek s\u016briems patiekalams:<\/p>\n<ul data-start=\"1124\" data-end=\"1484\">\n<li data-section-id=\"1dfolgs\" data-start=\"1124\" data-end=\"1220\">\n<p data-start=\"1126\" data-end=\"1220\">\u012emai\u0161yti \u012f kokteilius, sultis ar smoothie, suteikiant nat\u016bral\u0173 \u017eali\u0105 atspalv\u012f ir maistingumo<\/p>\n<\/li>\n<li data-section-id=\"1toznkj\" data-start=\"1221\" data-end=\"1283\">\n<p data-start=\"1223\" data-end=\"1283\">Papuo\u0161ti salotas arba sumai\u0161yti su pada\u017eais ir u\u017etep\u0117l\u0117mis<\/p>\n<\/li>\n<li data-section-id=\"jfl2hd\" data-start=\"1284\" data-end=\"1338\">\n<p data-start=\"1286\" data-end=\"1338\">\u012ed\u0117ti \u012f sriubas, tro\u0161kinius ar makaron\u0173 patiekalus<\/p>\n<\/li>\n<li data-section-id=\"1b6p3o0\" data-start=\"1339\" data-end=\"1386\">\n<p data-start=\"1341\" data-end=\"1386\">Naudoti s\u016briuose ar vegani\u0161kuose kepiniuose<\/p>\n<\/li>\n<li data-section-id=\"6q9b0u\" data-start=\"1387\" data-end=\"1484\">\n<p data-start=\"1389\" data-end=\"1484\">Pagardinti \u012fvairius pada\u017eus ir patiekalus, siekiant papildomos spalvos bei maistini\u0173 med\u017eiag\u0173<\/p>\n<\/li>\n<\/ul>\n<p data-start=\"1486\" data-end=\"1619\">Rekomenduojama gaminant maist\u0105 nevirinti milteli\u0173 auk\u0161tesn\u0117je nei 60 \u00b0C temperat\u016broje, kad b\u016bt\u0173 i\u0161saugotos visos maistin\u0117s med\u017eiagos.<\/p>\n<p data-start=\"1656\" data-end=\"1708\"><strong data-start=\"1656\" data-end=\"1679\">Sudedamosios dalys:<\/strong><br data-start=\"1679\" data-end=\"1682\" \/>100 % d\u017eiovinti \u0161pinatai<\/p>\n<p data-start=\"1710\" data-end=\"1739\"><strong data-start=\"1710\" data-end=\"1737\">Maistin\u0117 vert\u0117 (100 g):<\/strong><\/p>\n<ul data-start=\"1740\" data-end=\"1944\">\n<li data-section-id=\"125ga0f\" data-start=\"1740\" data-end=\"1768\">\n<p data-start=\"1742\" data-end=\"1768\">Energin\u0117 vert\u0117: 221 kcal<\/p>\n<\/li>\n<li data-section-id=\"y9ujk8\" data-start=\"1769\" data-end=\"1788\">\n<p data-start=\"1771\" data-end=\"1788\">Vanduo: 60,6 ml<\/p>\n<\/li>\n<li data-section-id=\"1spcki5\" data-start=\"1789\" data-end=\"1809\">\n<p data-start=\"1791\" data-end=\"1809\">Baltymai: 27,6 g<\/p>\n<\/li>\n<li data-section-id=\"l9a61k\" data-start=\"1810\" data-end=\"1834\">\n<p data-start=\"1812\" data-end=\"1834\">Angliavandeniai: 6 g<\/p>\n<\/li>\n<li data-section-id=\"1yathbl\" data-start=\"1835\" data-end=\"1856\">\n<p data-start=\"1837\" data-end=\"1856\">Skaidulos: 28,3 g<\/p>\n<\/li>\n<li data-section-id=\"1peysfq\" data-start=\"1857\" data-end=\"1874\">\n<p data-start=\"1859\" data-end=\"1874\">Cukrus: 5,3 g<\/p>\n<\/li>\n<li data-section-id=\"7ywl40\" data-start=\"1875\" data-end=\"1894\">\n<p data-start=\"1877\" data-end=\"1894\">Riebalai: 3,3 g<\/p>\n<\/li>\n<li data-section-id=\"34t8gi\" data-start=\"1895\" data-end=\"1928\">\n<p data-start=\"1897\" data-end=\"1928\">I\u0161 j\u0173 sotieji riebalai: 0,4 g<\/p>\n<\/li>\n<li data-section-id=\"1czkjzy\" data-start=\"1929\" data-end=\"1944\">\n<p data-start=\"1931\" data-end=\"1944\">Druska: 1 g<\/p>\n<\/li>\n<\/ul>\n<p data-start=\"1946\" data-end=\"2200\">\u0160pinat\u0173 milteliai suteikia patiekalams baltym\u0173, skaidul\u0173 ir nat\u016brali\u0173 mikroelement\u0173, tod\u0117l tai prakti\u0161kas ingredientas subalansuotai mitybai. Maistingumo d\u0117ka jie tinka tiek vegetarams, tiek veganams, taip pat visiems, kurie vertina nat\u016bralius produktus.<\/p>\n<p data-start=\"2236\" data-end=\"2395\"><strong data-start=\"2236\" data-end=\"2256\">Laikymo s\u0105lygos:<\/strong><br data-start=\"2256\" data-end=\"2259\" \/>Laikyti tamsioje ir v\u0117sioje vietoje, visada sandarioje pakuot\u0117je, kad b\u016bt\u0173 i\u0161vengta u\u017eter\u0161tumo. Laikymo temperat\u016bra: nuo 0\u00b0C iki 25\u00b0C.<\/p>\n<p data-start=\"2397\" data-end=\"2433\"><strong data-start=\"2397\" data-end=\"2414\">Kilm\u0117s \u0161alis:<\/strong><br data-start=\"2414\" data-end=\"2417\" \/>Lenkija\/Kinija<\/p>\n<p data-start=\"2464\" data-end=\"2911\">\u0160pinat\u0173 milteliai yra visi\u0161kai nat\u016bral\u016bs, be dirbtini\u0173 pried\u0173, glitimo ar konservant\u0173. Jie suteikia patiekalams ry\u0161ki\u0105 spalv\u0105, subtil\u0173 skon\u012f ir daug maistini\u0173 med\u017eiag\u0173. \u0160pinat\u0173 milteliai puikiai tinka \u012ftraukti \u012f kasdien\u0119 mityb\u0105 \u2013 tiek \u012f salotas, kokteilius, sriubas, tiek \u012f s\u016brius ar vegani\u0161kus kepinius. Tai prakti\u0161kas, lengvai naudojamas ir ilgai laikomas produktas, kuris suteikia nat\u016bral\u0173 \u0161pinat\u0173 skon\u012f ir maistin\u0119 vert\u0119 kiekviename k\u0105snyje.<\/p>\n<p>&nbsp;<\/p>","protected":false},"excerpt":{"rendered":"<p>\u0160pinat\u0173 milteliai \u2013 100 % d\u017eiovinti \u0161pinatai Nat\u016bralus \u0161pinat\u0173 prieskonis ir maistingas papildas \u0160pinat\u0173 milteliai yra nat\u016bralus ir nekaloringas produktas, pagamintas i\u0161 100 % d\u017eiovint\u0173 \u0161pinat\u0173 lap\u0173. \u0160pinatai yra \u017einoma dar\u017eov\u0117, turtinga vitamin\u0173, mineral\u0173 ir skaidul\u0173, tod\u0117l \u0161pinat\u0173 milteliai puikiai tinka kasdieniam vartojimui ir mitybos papildymui. \u0160is produktas i\u0161siskiria ry\u0161kia \u017ealia spalva, subtiliu \u0161pinat\u0173 aromatu&#8230;<\/p>","protected":false},"featured_media":13571,"template":"","meta":{"_acf_changed":false},"product_brand":[],"product_cat":[65,68],"product_tag":[],"class_list":{"0":"post-13568","1":"product","2":"type-product","3":"status-publish","4":"has-post-thumbnail","6":"product_cat-supermaistas","7":"product_cat-prieskoniai","8":"nt-post-class","9":"","10":"masonry-item","11":"col-lg-6","15":"excerpt-none","19":"first","20":"instock","21":"taxable","22":"shipping-taxable","23":"purchasable","24":"product-type-variable","25":"add-to-wishlist-after_add_to_cart"},"acf":[],"_links":{"self":[{"href":"https:\/\/chiaseklos.lt\/en\/wp-json\/wp\/v2\/product\/13568","targetHints":{"allow":["GET"]}}],"collection":[{"href":"https:\/\/chiaseklos.lt\/en\/wp-json\/wp\/v2\/product"}],"about":[{"href":"https:\/\/chiaseklos.lt\/en\/wp-json\/wp\/v2\/types\/product"}],"wp:featuredmedia":[{"embeddable":true,"href":"https:\/\/chiaseklos.lt\/en\/wp-json\/wp\/v2\/media\/13571"}],"wp:attachment":[{"href":"https:\/\/chiaseklos.lt\/en\/wp-json\/wp\/v2\/media?parent=13568"}],"wp:term":[{"taxonomy":"product_brand","embeddable":true,"href":"https:\/\/chiaseklos.lt\/en\/wp-json\/wp\/v2\/product_brand?post=13568"},{"taxonomy":"product_cat","embeddable":true,"href":"https:\/\/chiaseklos.lt\/en\/wp-json\/wp\/v2\/product_cat?post=13568"},{"taxonomy":"product_tag","embeddable":true,"href":"https:\/\/chiaseklos.lt\/en\/wp-json\/wp\/v2\/product_tag?post=13568"}],"curies":[{"name":"wp","href":"https:\/\/api.w.org\/{rel}","templated":true}]}}