{"id":13539,"date":"2020-08-07T12:48:49","date_gmt":"2020-08-07T12:48:49","guid":{"rendered":"http:\/\/chiaseklos.lt\/?post_type=product&#038;p=13539"},"modified":"2025-08-08T07:13:13","modified_gmt":"2025-08-08T07:13:13","slug":"agar-agaras","status":"publish","type":"product","link":"https:\/\/chiaseklos.lt\/en\/product\/agar-agaras\/","title":{"rendered":"Agar agaras"},"content":{"rendered":"<p>Agar agaras<\/p>\n<p>Agar agaras yra pagamintas i\u0161 dumbli\u0173. Tai augalin\u0117s kilm\u0117s \u017eelatina. Jis yra visi\u0161kai skaidrus, neturi jokio kvapo ir skonio, jame yra nauding\u0173 mikroelement\u0173 (jodo, kalcio, gele\u017eies) bei ypa\u010d daug ger\u0105 vir\u0161kinimo sistemos darb\u0105 u\u017etikrinan\u010dios l\u0105stelienos.<\/p>\n<p>Agaras, kaip ir \u017eelatina, yra standiklis naudojamas \u012fvairi\u0173 patiekal\u0173 gamyboje. Agaras gaminiams suteikia tvirtesn\u0119 konsistencij\u0105, tekst\u016bra ir poj\u016btis valgant irgi kitoks, gaminiai su \u017eelatina greitai tirpsta burnoje, o gardumynus su agaru reik\u0117s kramtyti.<\/p>\n<p>Sustingdo ir tokias sudedam\u0105sias dalis: kiviai, ananasai.<\/p>\n<p>Ruo\u0161imas: i\u0161mai\u0161yti 5 g (1 arbatin\u012f \u0161auk\u0161tel\u012f) agar-agaro su 0,5 l \u0161alto skys\u010dio, mai\u0161ant u\u017evirinti, pavirti 1-2 min., atv\u0117sinti. Stingsta ir kambario temperat\u016broje. Jei nenorite u\u017evirinti sul\u010di\u0173, su kuriomis mai\u0161ysite agar-agar\u0105, i\u0161tirpinkite j\u012f, pavirindami nedideliame kiekyje vandens, o t\u0105 tirpal\u0105 sumai\u0161ykite su sultimis.\u00a0Sustingsta greitai, skys\u010diui dar net nesp\u0117jus atau\u0161ti.<\/p>\n<p>Stiprumas: 900- 1000 g\/cm\u00b2<\/p>\n<p>Maistin\u0117 ir energetin\u0117 vert\u0117 100g:\u00a01443 kJ\/340 kcal; riebalai 2,1g, i\u0161 kuri\u0173 so\u010di\u0173j\u0173 riebal\u0173 r\u016bg\u0161\u010di\u0173 0,5g; angliavandeniai 36g, i\u0161 kuri\u0173 cukr\u0173 36g; skaidulin\u0117s med\u017eiagos 2,2g; baltymai 43g; druska 0,9g.<\/p>\n<p>Kilm\u0117s \u0161alis: Kinija<\/p>","protected":false},"excerpt":{"rendered":"<p>Agar agaras Agar agaras yra pagamintas i\u0161 dumbli\u0173. Tai augalin\u0117s kilm\u0117s \u017eelatina. Jis yra visi\u0161kai skaidrus, neturi jokio kvapo ir skonio, jame yra nauding\u0173 mikroelement\u0173 (jodo, kalcio, gele\u017eies) bei ypa\u010d daug ger\u0105 vir\u0161kinimo sistemos darb\u0105 u\u017etikrinan\u010dios l\u0105stelienos. Agaras, kaip ir \u017eelatina, yra standiklis naudojamas \u012fvairi\u0173 patiekal\u0173 gamyboje. Agaras gaminiams suteikia tvirtesn\u0119 konsistencij\u0105, tekst\u016bra ir poj\u016btis&#8230;<\/p>","protected":false},"featured_media":13542,"template":"","meta":{"_acf_changed":false},"product_brand":[],"product_cat":[65],"product_tag":[],"class_list":{"0":"post-13539","1":"product","2":"type-product","3":"status-publish","4":"has-post-thumbnail","6":"product_cat-supermaistas","7":"nt-post-class","8":"","9":"masonry-item","10":"col-lg-6","14":"excerpt-none","18":"first","19":"instock","20":"taxable","21":"shipping-taxable","22":"purchasable","23":"product-type-variable","24":"add-to-wishlist-after_add_to_cart"},"acf":[],"_links":{"self":[{"href":"https:\/\/chiaseklos.lt\/en\/wp-json\/wp\/v2\/product\/13539","targetHints":{"allow":["GET"]}}],"collection":[{"href":"https:\/\/chiaseklos.lt\/en\/wp-json\/wp\/v2\/product"}],"about":[{"href":"https:\/\/chiaseklos.lt\/en\/wp-json\/wp\/v2\/types\/product"}],"wp:featuredmedia":[{"embeddable":true,"href":"https:\/\/chiaseklos.lt\/en\/wp-json\/wp\/v2\/media\/13542"}],"wp:attachment":[{"href":"https:\/\/chiaseklos.lt\/en\/wp-json\/wp\/v2\/media?parent=13539"}],"wp:term":[{"taxonomy":"product_brand","embeddable":true,"href":"https:\/\/chiaseklos.lt\/en\/wp-json\/wp\/v2\/product_brand?post=13539"},{"taxonomy":"product_cat","embeddable":true,"href":"https:\/\/chiaseklos.lt\/en\/wp-json\/wp\/v2\/product_cat?post=13539"},{"taxonomy":"product_tag","embeddable":true,"href":"https:\/\/chiaseklos.lt\/en\/wp-json\/wp\/v2\/product_tag?post=13539"}],"curies":[{"name":"wp","href":"https:\/\/api.w.org\/{rel}","templated":true}]}}