{"id":13526,"date":"2020-08-05T12:32:37","date_gmt":"2020-08-05T12:32:37","guid":{"rendered":"http:\/\/chiaseklos.lt\/?post_type=product&#038;p=13526"},"modified":"2026-04-09T06:41:06","modified_gmt":"2026-04-09T06:41:06","slug":"burnocio-amaranto-seklos","status":"publish","type":"product","link":"https:\/\/chiaseklos.lt\/en\/product\/burnocio-amaranto-seklos\/","title":{"rendered":"Burno\u010dio amaranto s\u0117klos"},"content":{"rendered":"<h3 data-start=\"159\" data-end=\"226\">Burno\u010dio amaranto s\u0117klos \u2013 nat\u016bralus supermaistas be gliuteno<\/h3>\n<p data-start=\"228\" data-end=\"636\">Burno\u010dio amaranto s\u0117klos da\u017enai priskiriamos supermaisto kategorijai ir yra laikomos vienu sveikiausi\u0173 maisto produkt\u0173, verting\u0173 \u017emoni\u0173 sveikatai. Jos yra nat\u016braliai be gliuteno, tod\u0117l idealiai tinka \u017emon\u0117ms, kurie turi jautrum\u0105 glitimo turintiems produktams arba laikosi be gliuteno dietos. \u0160ios s\u0117klos yra lengvai vir\u0161kinamos, maistingos ir suteikia organizmui svarbi\u0173 baltym\u0173, mineral\u0173 bei skaidul\u0173.<\/p>\n<p data-start=\"638\" data-end=\"1174\">Burno\u010dio amaranto s\u0117klos yra itin universalios. I\u0161 j\u0173 galima gaminti <strong data-start=\"707\" data-end=\"716\">ko\u0161es<\/strong>, sprag\u0117sius, \u012fvairius kepinius, sald\u017eius ar s\u016brius patiekalus. Verdant s\u0117klas vandenyje, jos i\u0161verda per 20\u201330 minu\u010di\u0173, ta\u010diau, jei s\u0117klas u\u017epilsite verdan\u010diu vandeniu ir paliksite per nakt\u012f, ryte pakaks vos 5\u20138 minu\u010di\u0173 virimo. Optimalus paruo\u0161imo santykis \u2013 1 stiklin\u0117 s\u0117kl\u0173 prie 2 stiklini\u0173 vandens. \u0160i paprasta paruo\u0161imo metodika leid\u017eia lengvai \u012ftraukti burno\u010dio amaranto s\u0117klas \u012f kasdien\u0119 mityb\u0105, neprarandant maistini\u0173 med\u017eiag\u0173 ir nat\u016bralaus skonio.<\/p>\n<p data-start=\"1176\" data-end=\"1495\">Ko\u0161\u0117 i\u0161 burno\u010dio amaranto s\u0117kl\u0173 gali b\u016bti valgoma tiek s\u016bdyta, tiek saldinta nat\u016braliu medumi. Papildomai j\u0105 galima gardinti sviestu, d\u017eiovintomis razinomis, kitais d\u017eiovintais vaisiais ar prieskoniais, pavyzd\u017eiui, cinamonu. \u0160ios s\u0117klos suteikia patiekalams ne tik maistingumo, bet ir malon\u0173 rie\u0161utin\u012f, subtil\u0173 skon\u012f.<\/p>\n<p data-start=\"1497\" data-end=\"1838\">Burno\u010dio amaranto s\u0117klos yra puikus pasirinkimas visiems, kurie ie\u0161ko sveiko ir nat\u016bralaus maisto produkto, turin\u010dio <strong data-start=\"1614\" data-end=\"1667\">auk\u0161t\u0105 baltym\u0173 kiek\u012f, antioksidantus ir skaidulas<\/strong>. Jos palaiko vir\u0161kinim\u0105, suteikia ilgalaik\u012f sotumo jausm\u0105 ir gali b\u016bti \u012ftrauktos \u012f \u012fvairi\u0173 mitybos tip\u0173 racion\u0105, \u012fskaitant vegani\u0161k\u0105, vegetari\u0161k\u0105 ar be gliuteno mityb\u0105.<\/p>\n<p data-start=\"1840\" data-end=\"2110\">\u0160ios s\u0117klos \u2013 ne tik maistingos, bet ir labai prakti\u0161kos, lengvai pritaikomos tiek kasdieniams pusry\u010diams, sveikiems u\u017ekand\u017eiams, desertams, ko\u0161\u0117ms ar net \u012fvairiems kepiniams ir salotoms. Burno\u010dio amaranto s\u0117klos \u2013 nat\u016bralus, sveikas, skanus ir universaliai naudojamas pasirinkimas, padedantis praturtinti kasdien\u0119 mityb\u0105 visai \u0161eimai, \u012ftraukiant vaikus, suaugusius ir senjorus, suteikiant patiekalams daugiau maistin\u0117s vert\u0117s, energijos ir nat\u016bralaus skonio.<\/p>\n<p><strong>Kilm\u0117s \u0161alis:<\/strong> Indija<\/p>\n<p class=\"title--s\"><strong>Maistin\u0117 vert\u0117<\/strong><\/p>\n<div class=\"html-block\">\n<p>Maistin\u0117 vert\u0117: (100g) \u2013 1513 kJ \/ 359 kcal: riebal\u0173 6.3 g (i\u0161 j\u0173 so\u010di\u0173j\u0173 1.9 g), angliavandeni\u0173 56 g (i\u0161 j\u0173 cukr\u0173 1.6 g), skaidulini\u0173 med\u017eiag\u0173 11 g, baltym\u0173 14.20 g, druskos &lt;0.10 g.<\/p>\n<p><strong>Sudedamosios dalys<\/strong>: 100% burno\u010dio s\u0117klos<\/p>\n<\/div>","protected":false},"excerpt":{"rendered":"<p>Burno\u010dio amaranto s\u0117klos \u2013 nat\u016bralus supermaistas be gliuteno Burno\u010dio amaranto s\u0117klos da\u017enai priskiriamos supermaisto kategorijai ir yra laikomos vienu sveikiausi\u0173 maisto produkt\u0173, verting\u0173 \u017emoni\u0173 sveikatai. Jos yra nat\u016braliai be gliuteno, tod\u0117l idealiai tinka \u017emon\u0117ms, kurie turi jautrum\u0105 glitimo turintiems produktams arba laikosi be gliuteno dietos. \u0160ios s\u0117klos yra lengvai vir\u0161kinamos, maistingos ir suteikia organizmui svarbi\u0173&#8230;<\/p>","protected":false},"featured_media":13531,"template":"","meta":{"_acf_changed":false},"product_brand":[],"product_cat":[70,100,17,65],"product_tag":[],"class_list":{"0":"post-13526","1":"product","2":"type-product","3":"status-publish","4":"has-post-thumbnail","6":"product_cat-akcijos","7":"product_cat-kruopos","8":"product_cat-seklos","9":"product_cat-supermaistas","10":"nt-post-class","11":"","12":"masonry-item","13":"col-lg-6","17":"excerpt-none","21":"first","22":"instock","23":"sale","24":"taxable","25":"shipping-taxable","26":"purchasable","27":"product-type-variable","28":"add-to-wishlist-after_add_to_cart"},"acf":[],"_links":{"self":[{"href":"https:\/\/chiaseklos.lt\/en\/wp-json\/wp\/v2\/product\/13526","targetHints":{"allow":["GET"]}}],"collection":[{"href":"https:\/\/chiaseklos.lt\/en\/wp-json\/wp\/v2\/product"}],"about":[{"href":"https:\/\/chiaseklos.lt\/en\/wp-json\/wp\/v2\/types\/product"}],"wp:featuredmedia":[{"embeddable":true,"href":"https:\/\/chiaseklos.lt\/en\/wp-json\/wp\/v2\/media\/13531"}],"wp:attachment":[{"href":"https:\/\/chiaseklos.lt\/en\/wp-json\/wp\/v2\/media?parent=13526"}],"wp:term":[{"taxonomy":"product_brand","embeddable":true,"href":"https:\/\/chiaseklos.lt\/en\/wp-json\/wp\/v2\/product_brand?post=13526"},{"taxonomy":"product_cat","embeddable":true,"href":"https:\/\/chiaseklos.lt\/en\/wp-json\/wp\/v2\/product_cat?post=13526"},{"taxonomy":"product_tag","embeddable":true,"href":"https:\/\/chiaseklos.lt\/en\/wp-json\/wp\/v2\/product_tag?post=13526"}],"curies":[{"name":"wp","href":"https:\/\/api.w.org\/{rel}","templated":true}]}}