{"id":13428,"date":"2020-07-17T13:33:14","date_gmt":"2020-07-17T13:33:14","guid":{"rendered":"http:\/\/chiaseklos.lt\/?post_type=product&#038;p=13428"},"modified":"2026-03-18T13:16:30","modified_gmt":"2026-03-18T13:16:30","slug":"kakavos-milteliai-20-22","status":"publish","type":"product","link":"https:\/\/chiaseklos.lt\/en\/product\/kakavos-milteliai-20-22\/","title":{"rendered":"Kakavos milteliai 20-22%"},"content":{"rendered":"<p><strong>Kakavos milteliai 20-22%<\/strong><\/p>\n<p>Gardi kakava J\u016bs\u0173 kepiniams ir g\u0117rimams. Kakava yra auk\u0161to riebumo \u2013 kakavos sviesto \u0161iame produkte yra nuo 20-22%. Tod\u0117l\u00a0 ji tamsesn\u0117 bei skonis sodresnis. Puikiai pagardinsite pyragus, kepinius bei kakavos g\u0117rimus!<\/p>\n<p>Sudedamosios dalys: kakavos milteliai<\/p>\n<p>Kilm\u0117s \u0161alis: Indonezija<\/p>\n<p>Maistin\u0117 vert\u0117 100g: 227 kcal; riebalai 14g, i\u0161 j\u0173 sotieji riebalai 8g, polinesotieji riebalai 0,4g, mononesotieji riebalai 4,6g; natris 21 mg; kalis 1524 mg; angliavandeniai 58g; maistin\u0117s skaidulos 33g; cukrus 1,8g; baltymai 20g; kofeinas 230 mg; kalcis 128 mg; gele\u017eis 13,9 mg; vitaminas B6 0,1 mg; magnis 499 mg.<\/p>\n<p>Laikymo s\u0105lygos:\u00a0laikyti sandarioje pakuot\u0117je, sausoje, v\u0117sioje vietoje.<\/p>\n<p>&nbsp;<\/p>","protected":false},"excerpt":{"rendered":"<p>Kakavos milteliai 20-22% Gardi kakava J\u016bs\u0173 kepiniams ir g\u0117rimams. Kakava yra auk\u0161to riebumo \u2013 kakavos sviesto \u0161iame produkte yra nuo 20-22%. Tod\u0117l\u00a0 ji tamsesn\u0117 bei skonis sodresnis. Puikiai pagardinsite pyragus, kepinius bei kakavos g\u0117rimus! Sudedamosios dalys: kakavos milteliai Kilm\u0117s \u0161alis: Indonezija Maistin\u0117 vert\u0117 100g: 227 kcal; riebalai 14g, i\u0161 j\u0173 sotieji riebalai 8g, polinesotieji riebalai&#8230;<\/p>","protected":false},"featured_media":13431,"template":"","meta":{"_acf_changed":false},"product_brand":[],"product_cat":[63],"product_tag":[],"class_list":{"0":"post-13428","1":"product","2":"type-product","3":"status-publish","4":"has-post-thumbnail","6":"product_cat-arbatos","7":"nt-post-class","8":"","9":"masonry-item","10":"col-lg-6","14":"excerpt-none","18":"first","19":"outofstock","20":"taxable","21":"shipping-taxable","22":"purchasable","23":"product-type-variable","24":"add-to-wishlist-after_add_to_cart"},"acf":[],"_links":{"self":[{"href":"https:\/\/chiaseklos.lt\/en\/wp-json\/wp\/v2\/product\/13428","targetHints":{"allow":["GET"]}}],"collection":[{"href":"https:\/\/chiaseklos.lt\/en\/wp-json\/wp\/v2\/product"}],"about":[{"href":"https:\/\/chiaseklos.lt\/en\/wp-json\/wp\/v2\/types\/product"}],"wp:featuredmedia":[{"embeddable":true,"href":"https:\/\/chiaseklos.lt\/en\/wp-json\/wp\/v2\/media\/13431"}],"wp:attachment":[{"href":"https:\/\/chiaseklos.lt\/en\/wp-json\/wp\/v2\/media?parent=13428"}],"wp:term":[{"taxonomy":"product_brand","embeddable":true,"href":"https:\/\/chiaseklos.lt\/en\/wp-json\/wp\/v2\/product_brand?post=13428"},{"taxonomy":"product_cat","embeddable":true,"href":"https:\/\/chiaseklos.lt\/en\/wp-json\/wp\/v2\/product_cat?post=13428"},{"taxonomy":"product_tag","embeddable":true,"href":"https:\/\/chiaseklos.lt\/en\/wp-json\/wp\/v2\/product_tag?post=13428"}],"curies":[{"name":"wp","href":"https:\/\/api.w.org\/{rel}","templated":true}]}}