{"id":13420,"date":"2020-07-17T12:20:20","date_gmt":"2020-07-17T12:20:20","guid":{"rendered":"http:\/\/chiaseklos.lt\/?post_type=product&#038;p=13420"},"modified":"2025-05-17T04:45:10","modified_gmt":"2025-05-17T04:45:10","slug":"cesnaku-granules","status":"publish","type":"product","link":"https:\/\/chiaseklos.lt\/en\/product\/cesnaku-granules\/","title":{"rendered":"\u010cesnak\u0173 granul\u0117s"},"content":{"rendered":"<h3 class=\"product-title\"><span style=\"color: #000000;\">\u010cesnak\u0173 granul\u0117s<\/span><\/h3>\n<h4><span style=\"color: #000000;\">D\u017eiovinto \u010desnako granul\u0117s tinka m\u0117sos ir dar\u017eovi\u0173 patiekalams, salotoms, sriuboms, garnyrams, pada\u017eams.<\/span><\/h4>\n<p><span style=\"color: #000000;\">Maistin\u0117 vert\u0117 100g: 1464 kj \/ 346 kcal; riebalai 0,73g, i\u0161 j\u0173 so\u010diosios riebal\u0173 r\u016bg\u0161tys 0,25g; angliavandeniai 63,70g, i\u0161 j\u0173 cukr\u016bs 2,4g; baltymai 16,60g; druska 0,00g.<\/span><\/p>\n<p><span style=\"color: #000000;\">Laikymo s\u0105lygos \u2013 laikyti sausoje, v\u0117sioje vietoje.<\/span><\/p>\n<p><span style=\"color: #000000;\">Kilm\u0117s \u0161alis: Kinija<\/span><\/p>","protected":false},"excerpt":{"rendered":"<p>\u010cesnak\u0173 granul\u0117s D\u017eiovinto \u010desnako granul\u0117s tinka m\u0117sos ir dar\u017eovi\u0173 patiekalams, salotoms, sriuboms, garnyrams, pada\u017eams. Maistin\u0117 vert\u0117 100g: 1464 kj \/ 346 kcal; riebalai 0,73g, i\u0161 j\u0173 so\u010diosios riebal\u0173 r\u016bg\u0161tys 0,25g; angliavandeniai 63,70g, i\u0161 j\u0173 cukr\u016bs 2,4g; baltymai 16,60g; druska 0,00g. Laikymo s\u0105lygos \u2013 laikyti sausoje, v\u0117sioje vietoje. Kilm\u0117s \u0161alis: Kinija<\/p>","protected":false},"featured_media":13422,"template":"","meta":{"_acf_changed":false},"product_brand":[],"product_cat":[68],"product_tag":[],"class_list":{"0":"post-13420","1":"product","2":"type-product","3":"status-publish","4":"has-post-thumbnail","6":"product_cat-prieskoniai","7":"nt-post-class","8":"","9":"masonry-item","10":"col-lg-6","14":"excerpt-none","18":"first","19":"instock","20":"taxable","21":"shipping-taxable","22":"purchasable","23":"product-type-variable","24":"add-to-wishlist-after_add_to_cart"},"acf":[],"_links":{"self":[{"href":"https:\/\/chiaseklos.lt\/en\/wp-json\/wp\/v2\/product\/13420","targetHints":{"allow":["GET"]}}],"collection":[{"href":"https:\/\/chiaseklos.lt\/en\/wp-json\/wp\/v2\/product"}],"about":[{"href":"https:\/\/chiaseklos.lt\/en\/wp-json\/wp\/v2\/types\/product"}],"wp:featuredmedia":[{"embeddable":true,"href":"https:\/\/chiaseklos.lt\/en\/wp-json\/wp\/v2\/media\/13422"}],"wp:attachment":[{"href":"https:\/\/chiaseklos.lt\/en\/wp-json\/wp\/v2\/media?parent=13420"}],"wp:term":[{"taxonomy":"product_brand","embeddable":true,"href":"https:\/\/chiaseklos.lt\/en\/wp-json\/wp\/v2\/product_brand?post=13420"},{"taxonomy":"product_cat","embeddable":true,"href":"https:\/\/chiaseklos.lt\/en\/wp-json\/wp\/v2\/product_cat?post=13420"},{"taxonomy":"product_tag","embeddable":true,"href":"https:\/\/chiaseklos.lt\/en\/wp-json\/wp\/v2\/product_tag?post=13420"}],"curies":[{"name":"wp","href":"https:\/\/api.w.org\/{rel}","templated":true}]}}