{"id":13404,"date":"2020-07-17T08:01:52","date_gmt":"2020-07-17T08:01:52","guid":{"rendered":"http:\/\/chiaseklos.lt\/?post_type=product&#038;p=13404"},"modified":"2024-05-21T10:22:36","modified_gmt":"2024-05-21T10:22:36","slug":"himalaju-rozine-druska-smulki","status":"publish","type":"product","link":"https:\/\/chiaseklos.lt\/en\/product\/himalaju-rozine-druska-smulki\/","title":{"rendered":"Himalaj\u0173 ro\u017ein\u0117 druska smulki"},"content":{"rendered":"<h2 class=\"product_title entry-title\">Himalaj\u0173 ro\u017ein\u0117\u00a0druska smulki<\/h2>\n<p>Sudedamosios dalys: druska.<\/p>\n<p>Laikyti sausoje ir v\u0117sioje vietoje. Esant tam tikroms s\u0105lygoms, druska gali sukiet\u0117ti. Tai n\u0117ra druskos kokyb\u0117s praradimo \u017eenklas. Laikant sausomis s\u0105lygomis, druskos galiojimo terminas yra prakti\u0161kai neribojamas. Laikymo temperat\u016bra: nuo 0\u00b0C iki 25\u00b0C.<\/p>\n<p>Maistin\u0117 vert\u0117 100g: druska 98g; gele\u017eis 42 mg; kalcis 493 mg; magnis 91 mg; jodas 10 \u00b5g; kalis 56 mg.<\/p>\n<p>Kilm\u0117s \u0161alis: Pakistanas<\/p>\n<p>&nbsp;<\/p>","protected":false},"excerpt":{"rendered":"<p>Himalaj\u0173 ro\u017ein\u0117\u00a0druska smulki Sudedamosios dalys: druska. Laikyti sausoje ir v\u0117sioje vietoje. Esant tam tikroms s\u0105lygoms, druska gali sukiet\u0117ti. Tai n\u0117ra druskos kokyb\u0117s praradimo \u017eenklas. Laikant sausomis s\u0105lygomis, druskos galiojimo terminas yra prakti\u0161kai neribojamas. Laikymo temperat\u016bra: nuo 0\u00b0C iki 25\u00b0C. Maistin\u0117 vert\u0117 100g: druska 98g; gele\u017eis 42 mg; kalcis 493 mg; magnis 91 mg; jodas 10&#8230;<\/p>","protected":false},"featured_media":13405,"template":"","meta":{"_acf_changed":false},"product_brand":[],"product_cat":[68],"product_tag":[],"class_list":{"0":"post-13404","1":"product","2":"type-product","3":"status-publish","4":"has-post-thumbnail","6":"product_cat-prieskoniai","7":"nt-post-class","8":"","9":"masonry-item","10":"col-lg-6","14":"excerpt-none","18":"first","19":"instock","20":"taxable","21":"shipping-taxable","22":"purchasable","23":"product-type-variable","24":"add-to-wishlist-after_add_to_cart"},"acf":[],"_links":{"self":[{"href":"https:\/\/chiaseklos.lt\/en\/wp-json\/wp\/v2\/product\/13404","targetHints":{"allow":["GET"]}}],"collection":[{"href":"https:\/\/chiaseklos.lt\/en\/wp-json\/wp\/v2\/product"}],"about":[{"href":"https:\/\/chiaseklos.lt\/en\/wp-json\/wp\/v2\/types\/product"}],"wp:featuredmedia":[{"embeddable":true,"href":"https:\/\/chiaseklos.lt\/en\/wp-json\/wp\/v2\/media\/13405"}],"wp:attachment":[{"href":"https:\/\/chiaseklos.lt\/en\/wp-json\/wp\/v2\/media?parent=13404"}],"wp:term":[{"taxonomy":"product_brand","embeddable":true,"href":"https:\/\/chiaseklos.lt\/en\/wp-json\/wp\/v2\/product_brand?post=13404"},{"taxonomy":"product_cat","embeddable":true,"href":"https:\/\/chiaseklos.lt\/en\/wp-json\/wp\/v2\/product_cat?post=13404"},{"taxonomy":"product_tag","embeddable":true,"href":"https:\/\/chiaseklos.lt\/en\/wp-json\/wp\/v2\/product_tag?post=13404"}],"curies":[{"name":"wp","href":"https:\/\/api.w.org\/{rel}","templated":true}]}}