{"id":13395,"date":"2020-07-16T12:29:31","date_gmt":"2020-07-16T12:29:31","guid":{"rendered":"http:\/\/chiaseklos.lt\/?post_type=product&#038;p=13395"},"modified":"2026-04-02T05:14:32","modified_gmt":"2026-04-02T05:14:32","slug":"balksvojo-gyslocio-seklu-luobeles","status":"publish","type":"product","link":"https:\/\/chiaseklos.lt\/en\/product\/balksvojo-gyslocio-seklu-luobeles\/","title":{"rendered":"Gyslo\u010dio s\u0117kl\u0173 luobel\u0117s (gyslotis)"},"content":{"rendered":"<p data-start=\"0\" data-end=\"377\">Gyslo\u010dio s\u0117kl\u0173 luobel\u0117s<\/p>\n<p data-start=\"0\" data-end=\"377\">Gyslo\u010dio s\u0117kl\u0173 luobel\u0117s \u2013 tai nat\u016bralus, augalin\u0117s kilm\u0117s produktas, vertinamas d\u0117l didelio skaidulini\u0173 med\u017eiag\u0173 kiekio. \u0160is produktas puikiai tinka kasdien\u0117s mitybos papildymui ir yra lengvai pritaikomas \u012fvairiuose patiekaluose. D\u0117l savo neutralaus skonio gyslo\u010dio luobel\u0117s gali b\u016bti naudojamos tiek sald\u017eiuose, tiek s\u016briuose patiekaluose, nekei\u010diant \u012fprasto patiekal\u0173 skonio.<\/p>\n<p data-start=\"379\" data-end=\"775\">Net 86 g skaidulini\u0173 med\u017eiag\u0173 100 gram\u0173 produkto leid\u017eia \u0161ias luobeles laikyti patogiu b\u016bdu padidinti skaidul\u0173 kiek\u012f racione. Skaidulos yra svarbi subalansuotos mitybos dalis, tod\u0117l gyslo\u010dio s\u0117kl\u0173 luobel\u0117s gali b\u016bti naudingas pasirinkimas \u017emon\u0117ms, siekiantiems \u012fvairios ir visavert\u0117s mitybos. Produktas ypa\u010d vertinamas t\u0173, kurie r\u016bpinasi savo kasdien\u0117s mitybos kokybe ir ie\u0161ko paprast\u0173 sprendim\u0173.<\/p>\n<p data-start=\"777\" data-end=\"1126\">Gyslo\u010dio s\u0117kl\u0173 luobeles labai paprasta vartoti. Jas galima \u012fmai\u0161yti \u012f jogurt\u0105, kefyr\u0105, ko\u0161es ar pusry\u010di\u0173 dribsnius. Taip pat jos puikiai tinka glotnu\u010diams, vaisi\u0173 ar dar\u017eovi\u0173 kokteiliams. Kepiniuose \u2013 duonoje, blyn\u0173 ar bandeli\u0173 te\u0161loje \u2013 luobel\u0117s gali b\u016bti naudojamos kaip dalinis milt\u0173 pakaitalas, suteikiantis gaminiams purumo ir \u0161velni\u0105 tekst\u016br\u0105.<\/p>\n<p data-start=\"1128\" data-end=\"1449\">Vartojimo rekomendacijos: 1 arbatin\u012f \u0161auk\u0161tel\u012f gyslo\u010dio s\u0117kl\u0173 luobeli\u0173 u\u017epilkite stikline (apie 200 ml) vandens, gerai i\u0161mai\u0161ykite ir suvartokite nedelsiant. Taip pat galima mai\u0161yti su kitais skys\u010diais (pvz., sultimis ar kefyru) arba \u012fmai\u0161yti \u012f maisto produktus. Vartojant b\u016btina u\u017etikrinti pakankam\u0105 skys\u010di\u0173 suvartojim\u0105.<\/p>\n<p data-start=\"1451\" data-end=\"1575\">Rekomenduojama paros norma suaugusiesiems \u2013 2\u20133 arbatiniai \u0161auk\u0161teliai. Nevir\u0161ykite nustatytos rekomenduojamos paros normos.<\/p>\n<p data-start=\"1577\" data-end=\"1791\">Maistin\u0117 vert\u0117 100 g: energin\u0117 vert\u0117 \u2013 738 kJ \/ 176 kcal; riebalai \u2013 0,6 g, i\u0161 j\u0173 so\u010di\u0173j\u0173 riebal\u0173 \u2013 0 g; angliavandeniai \u2013 6,1 g, i\u0161 j\u0173 cukr\u0173 \u2013 0,1 g; skaidulin\u0117s med\u017eiagos \u2013 86 g; baltymai \u2013 1,6 g; druska \u2013 0,1 g.<\/p>\n<p data-start=\"1793\" data-end=\"1843\">Sudedamosios dalys: 100 % gyslo\u010dio s\u0117kl\u0173 luobel\u0117s.<\/p>\n<p data-start=\"1845\" data-end=\"1998\">Svarbu: \u012fvairi ir subalansuota mityba bei sveikas gyvenimo b\u016bdas yra svarb\u016bs gerai savijautai. Produktas netur\u0117t\u0173 b\u016bti vartojamas kaip maisto pakaitalas.<\/p>\n<p data-start=\"2000\" data-end=\"2112\">Laikymo s\u0105lygos: laikyti sausoje, v\u0117sioje vietoje, sandariai u\u017edaryt\u0105, saugant nuo tiesiogini\u0173 saul\u0117s spinduli\u0173.<\/p>\n<p data-start=\"2114\" data-end=\"2135\" data-is-last-node=\"\" data-is-only-node=\"\">Kilm\u0117s \u0161alis: Indija.<\/p>","protected":false},"excerpt":{"rendered":"<p>Gyslo\u010dio s\u0117kl\u0173 luobel\u0117s Gyslo\u010dio s\u0117kl\u0173 luobel\u0117s \u2013 tai nat\u016bralus, augalin\u0117s kilm\u0117s produktas, vertinamas d\u0117l didelio skaidulini\u0173 med\u017eiag\u0173 kiekio. \u0160is produktas puikiai tinka kasdien\u0117s mitybos papildymui ir yra lengvai pritaikomas \u012fvairiuose patiekaluose. D\u0117l savo neutralaus skonio gyslo\u010dio luobel\u0117s gali b\u016bti naudojamos tiek sald\u017eiuose, tiek s\u016briuose patiekaluose, nekei\u010diant \u012fprasto patiekal\u0173 skonio. Net 86 g skaidulini\u0173 med\u017eiag\u0173 100&#8230;<\/p>","protected":false},"featured_media":34744,"template":"","meta":{"_acf_changed":false},"product_brand":[],"product_cat":[65],"product_tag":[],"class_list":{"0":"post-13395","1":"product","2":"type-product","3":"status-publish","4":"has-post-thumbnail","6":"product_cat-supermaistas","7":"nt-post-class","8":"","9":"masonry-item","10":"col-lg-6","14":"excerpt-none","18":"first","19":"instock","20":"taxable","21":"shipping-taxable","22":"purchasable","23":"product-type-variable","24":"add-to-wishlist-after_add_to_cart"},"acf":[],"_links":{"self":[{"href":"https:\/\/chiaseklos.lt\/en\/wp-json\/wp\/v2\/product\/13395","targetHints":{"allow":["GET"]}}],"collection":[{"href":"https:\/\/chiaseklos.lt\/en\/wp-json\/wp\/v2\/product"}],"about":[{"href":"https:\/\/chiaseklos.lt\/en\/wp-json\/wp\/v2\/types\/product"}],"wp:featuredmedia":[{"embeddable":true,"href":"https:\/\/chiaseklos.lt\/en\/wp-json\/wp\/v2\/media\/34744"}],"wp:attachment":[{"href":"https:\/\/chiaseklos.lt\/en\/wp-json\/wp\/v2\/media?parent=13395"}],"wp:term":[{"taxonomy":"product_brand","embeddable":true,"href":"https:\/\/chiaseklos.lt\/en\/wp-json\/wp\/v2\/product_brand?post=13395"},{"taxonomy":"product_cat","embeddable":true,"href":"https:\/\/chiaseklos.lt\/en\/wp-json\/wp\/v2\/product_cat?post=13395"},{"taxonomy":"product_tag","embeddable":true,"href":"https:\/\/chiaseklos.lt\/en\/wp-json\/wp\/v2\/product_tag?post=13395"}],"curies":[{"name":"wp","href":"https:\/\/api.w.org\/{rel}","templated":true}]}}