{"id":13270,"date":"2020-06-23T08:44:03","date_gmt":"2020-06-23T08:44:03","guid":{"rendered":"http:\/\/chiaseklos.lt\/?post_type=product&#038;p=13270"},"modified":"2026-04-09T06:54:28","modified_gmt":"2026-04-09T06:54:28","slug":"kokosu-drozles","status":"publish","type":"product","link":"https:\/\/chiaseklos.lt\/en\/product\/kokosu-drozles\/","title":{"rendered":"Kokos\u0173 dro\u017el\u0117s"},"content":{"rendered":"<h2 class=\"product_title entry-title\">Kokos\u0173 dro\u017el\u0117s<\/h2>\n<p>Kokosai puikiai tinka desertams gaminti ar juos gardinti. Galima naudoti kepiniams, nes nebijo auk\u0161tos temperat\u016bros, nepraranda maistini\u0173 savybi\u0173.<\/p>\n<p>Energin\u0117 ir maistin\u0117 vert\u0117 100 g: 741 kcal\/3060 kJ, riebal\u0173 63 g, i\u0161 kuri\u0173 so\u010di\u0173j\u0173 riebal\u0173 r\u016bg\u0161\u010di\u0173 53 g, angliavandeni\u0173 27 g, i\u0161 kuri\u0173 cukr\u0173 6 g, baltym\u0173 5,7 g, druskos 0,17 g.<\/p>\n<p>Sudedamosios dalys: kokos\u0173 dro\u017el\u0117s.\u00a0Gali b\u016bti rie\u0161ut\u0173 p\u0117dsak\u0173.\u00a0Laikyti sausoje ir v\u0117sioje vietoje. Laikymo temperat\u016bra: nuo 0\u00b0C iki 25\u00b0C.<\/p>\n<p>Kilm\u0117s \u0161alis: Indonezija<\/p>\n<p>&nbsp;<\/p>","protected":false},"excerpt":{"rendered":"<p>Kokos\u0173 dro\u017el\u0117s Kokosai puikiai tinka desertams gaminti ar juos gardinti. Galima naudoti kepiniams, nes nebijo auk\u0161tos temperat\u016bros, nepraranda maistini\u0173 savybi\u0173. Energin\u0117 ir maistin\u0117 vert\u0117 100 g: 741 kcal\/3060 kJ, riebal\u0173 63 g, i\u0161 kuri\u0173 so\u010di\u0173j\u0173 riebal\u0173 r\u016bg\u0161\u010di\u0173 53 g, angliavandeni\u0173 27 g, i\u0161 kuri\u0173 cukr\u0173 6 g, baltym\u0173 5,7 g, druskos 0,17 g. Sudedamosios dalys:&#8230;<\/p>","protected":false},"featured_media":13274,"template":"","meta":{"_acf_changed":false},"product_brand":[],"product_cat":[70,61],"product_tag":[],"class_list":{"0":"post-13270","1":"product","2":"type-product","3":"status-publish","4":"has-post-thumbnail","6":"product_cat-akcijos","7":"product_cat-riesutai","8":"nt-post-class","9":"","10":"masonry-item","11":"col-lg-6","15":"excerpt-none","19":"first","20":"instock","21":"sale","22":"taxable","23":"shipping-taxable","24":"purchasable","25":"product-type-variable","26":"add-to-wishlist-after_add_to_cart"},"acf":[],"_links":{"self":[{"href":"https:\/\/chiaseklos.lt\/en\/wp-json\/wp\/v2\/product\/13270","targetHints":{"allow":["GET"]}}],"collection":[{"href":"https:\/\/chiaseklos.lt\/en\/wp-json\/wp\/v2\/product"}],"about":[{"href":"https:\/\/chiaseklos.lt\/en\/wp-json\/wp\/v2\/types\/product"}],"wp:featuredmedia":[{"embeddable":true,"href":"https:\/\/chiaseklos.lt\/en\/wp-json\/wp\/v2\/media\/13274"}],"wp:attachment":[{"href":"https:\/\/chiaseklos.lt\/en\/wp-json\/wp\/v2\/media?parent=13270"}],"wp:term":[{"taxonomy":"product_brand","embeddable":true,"href":"https:\/\/chiaseklos.lt\/en\/wp-json\/wp\/v2\/product_brand?post=13270"},{"taxonomy":"product_cat","embeddable":true,"href":"https:\/\/chiaseklos.lt\/en\/wp-json\/wp\/v2\/product_cat?post=13270"},{"taxonomy":"product_tag","embeddable":true,"href":"https:\/\/chiaseklos.lt\/en\/wp-json\/wp\/v2\/product_tag?post=13270"}],"curies":[{"name":"wp","href":"https:\/\/api.w.org\/{rel}","templated":true}]}}