{"id":13023,"date":"2020-05-20T07:56:29","date_gmt":"2020-05-20T07:56:29","guid":{"rendered":"http:\/\/chiaseklos.lt\/?post_type=product&#038;p=13023"},"modified":"2026-02-11T13:22:11","modified_gmt":"2026-02-11T13:22:11","slug":"anakardziu-riesutai-kepinti-ir-sudyti","status":"publish","type":"product","link":"https:\/\/chiaseklos.lt\/en\/product\/anakardziu-riesutai-kepinti-ir-sudyti\/","title":{"rendered":"Anakard\u017ei\u0173 rie\u0161utai kepinti  ir s\u016bdyti"},"content":{"rendered":"<p><strong>Anakard\u017ei\u0173 rie\u0161utai kepinti ir s\u016bdyti<\/strong><\/p>\n<h5 class=\"product_title entry-title\">Gard\u016bs ir tra\u0161k\u016bs anakard\u017ei\u0173 rie\u0161utai \u2013 puikiai tinka pa\u012fvairinti kasdieninius u\u017ekand\u017eius, i\u0161vykas. Pakepinti bei s\u016bdyti tampa itin malonaus bei pikanti\u0161ko skonio.<\/h5>\n<h5>Energin\u0117 ir maistin\u0117 vert\u0117 100 g: 634 kcal\/2630 kJ, riebal\u0173 49 g, i\u0161 kuri\u0173 so\u010di\u0173j\u0173 riebal\u0173 r\u016bg\u0161\u010di\u0173 9,5 g, angliavandeni\u0173 25 g, i\u0161 kuri\u0173 cukr\u0173 5 g, baltym\u0173 28 g, druskos 0,7 g.<\/h5>\n<h5>Sudedamosios dalys:\u00a0anakard\u017ei\u0173\u00a0rie\u0161utai, raps\u0173 aliejus, valgomoji druska, sud\u0117tyje yra\u00a0rie\u0161ut\u0173.<\/h5>\n<h5>Kilm\u0117s \u0161alis: Vietnamas<\/h5>","protected":false},"excerpt":{"rendered":"<p class=\"product_title entry-title\">Gard\u016bs ir tra\u0161k\u016bs anakard\u017ei\u0173 rie\u0161utai \u2013 puikiai tinka pa\u012fvairinti kasdieninius u\u017ekand\u017eius, i\u0161vykas. Pakepinti bei s\u016bdyti tampa itin malonaus bei pikanti\u0161ko skonio.<\/p>\n<p>&nbsp;<\/p>","protected":false},"featured_media":16502,"template":"","meta":{"_acf_changed":false},"product_brand":[],"product_cat":[61],"product_tag":[],"class_list":{"0":"post-13023","1":"product","2":"type-product","3":"status-publish","4":"has-post-thumbnail","6":"product_cat-riesutai","7":"nt-post-class","8":"","9":"masonry-item","10":"col-lg-6","18":"first","19":"instock","20":"taxable","21":"shipping-taxable","22":"purchasable","23":"product-type-variable","24":"has-default-attributes","25":"add-to-wishlist-after_add_to_cart"},"acf":[],"_links":{"self":[{"href":"https:\/\/chiaseklos.lt\/en\/wp-json\/wp\/v2\/product\/13023","targetHints":{"allow":["GET"]}}],"collection":[{"href":"https:\/\/chiaseklos.lt\/en\/wp-json\/wp\/v2\/product"}],"about":[{"href":"https:\/\/chiaseklos.lt\/en\/wp-json\/wp\/v2\/types\/product"}],"wp:featuredmedia":[{"embeddable":true,"href":"https:\/\/chiaseklos.lt\/en\/wp-json\/wp\/v2\/media\/16502"}],"wp:attachment":[{"href":"https:\/\/chiaseklos.lt\/en\/wp-json\/wp\/v2\/media?parent=13023"}],"wp:term":[{"taxonomy":"product_brand","embeddable":true,"href":"https:\/\/chiaseklos.lt\/en\/wp-json\/wp\/v2\/product_brand?post=13023"},{"taxonomy":"product_cat","embeddable":true,"href":"https:\/\/chiaseklos.lt\/en\/wp-json\/wp\/v2\/product_cat?post=13023"},{"taxonomy":"product_tag","embeddable":true,"href":"https:\/\/chiaseklos.lt\/en\/wp-json\/wp\/v2\/product_tag?post=13023"}],"curies":[{"name":"wp","href":"https:\/\/api.w.org\/{rel}","templated":true}]}}