{"id":13013,"date":"2020-05-20T07:30:34","date_gmt":"2020-05-20T07:30:34","guid":{"rendered":"http:\/\/chiaseklos.lt\/?post_type=product&#038;p=13013"},"modified":"2026-02-20T11:59:21","modified_gmt":"2026-02-20T11:59:21","slug":"migdolu-riesutai-kepinti-ir-sudyti","status":"publish","type":"product","link":"https:\/\/chiaseklos.lt\/en\/product\/migdolu-riesutai-kepinti-ir-sudyti\/","title":{"rendered":"Migdol\u0173 rie\u0161utai kepinti ir s\u016bdyti"},"content":{"rendered":"<p>Tai gard\u016bs tra\u0161k\u016bs migdol\u0173 rie\u0161utai &#8211; puikiai tinka pa\u012fvairinti kasdieninius u\u017ekand\u017eius. Pakepinti bei s\u016bdyti tampa itin pikanti\u0161ki.<\/p>\n<p>Migdol\u0173 rie\u0161utai labiausiai vertinami d\u0117l\u00a0didelio baltym\u0173 kiekio. Baltymai padeda auginti ir i\u0161saugoti raumen\u0173 mas\u0119, svarb\u016bs normaliai kaul\u0173 b\u016bklei palaikyti<\/p>\n<p>Sudedamosios dalys:\u00a0MIGDOLAI 98%, valgomoji druska 1,0%, rafinuotas nehidrintas raps\u0173 aliejus, nat\u016bralus antioksidantas rozmarino ekstraktas. Gali b\u016bti SEZAMO, \u017dEM\u0116S RIE\u0160UT\u0172, kit\u0173 RIE\u0160UT\u0172 p\u0117dsak\u0173.<\/p>\n<p>Energin\u0117 ir maistin\u0117 vert\u0117 100 g: 636 kcal\/2606 kJ, riebal\u0173 54 g, i\u0161 kuri\u0173 so\u010di\u0173j\u0173 riebal\u0173 r\u016bg\u0161\u010di\u0173 6,2 g, angliavandeni\u0173 23 g, i\u0161 kuri\u0173 cukr\u0173 4,4 g, baltym\u0173 22 g, druskos 0,7 g.<\/p>\n<p>Kilm\u0117s \u0161alis: JAV<\/p>\n<p>&nbsp;<\/p>","protected":false},"excerpt":{"rendered":"<p>Tai gard\u016bs tra\u0161k\u016bs migdol\u0173 rie\u0161utai &#8211; puikiai tinka pa\u012fvairinti kasdieninius u\u017ekand\u017eius. Pakepinti bei s\u016bdyti tampa itin pikanti\u0161ki.<\/p>\n<p>Migdol\u0173 rie\u0161utai labiausiai vertinami d\u0117l\u00a0didelio baltym\u0173 kiekio. Baltymai padeda auginti ir i\u0161saugoti raumen\u0173 mas\u0119, svarb\u016bs normaliai kaul\u0173 b\u016bklei palaikyti<\/p>\n<p>Energin\u0117 ir maistin\u0117 vert\u0117 100 g: 636 kcal\/2606 kJ, riebal\u0173 54 g, i\u0161 kuri\u0173 so\u010di\u0173j\u0173 riebal\u0173 r\u016bg\u0161\u010di\u0173 6,2 g, angliavandeni\u0173 23 g, i\u0161 kuri\u0173 cukr\u0173 4,4 g, baltym\u0173 22 g, druskos 0,7 g.<\/p>\n<p>Kilm\u0117s \u0161alis: JAV<\/p>","protected":false},"featured_media":13021,"template":"","meta":{"_acf_changed":false},"product_brand":[],"product_cat":[70,61],"product_tag":[],"class_list":{"0":"post-13013","1":"product","2":"type-product","3":"status-publish","4":"has-post-thumbnail","6":"product_cat-akcijos","7":"product_cat-riesutai","8":"nt-post-class","9":"","10":"masonry-item","11":"col-lg-6","19":"first","20":"instock","21":"sale","22":"taxable","23":"shipping-taxable","24":"purchasable","25":"product-type-variable","26":"has-default-attributes","27":"add-to-wishlist-after_add_to_cart"},"acf":[],"_links":{"self":[{"href":"https:\/\/chiaseklos.lt\/en\/wp-json\/wp\/v2\/product\/13013","targetHints":{"allow":["GET"]}}],"collection":[{"href":"https:\/\/chiaseklos.lt\/en\/wp-json\/wp\/v2\/product"}],"about":[{"href":"https:\/\/chiaseklos.lt\/en\/wp-json\/wp\/v2\/types\/product"}],"wp:featuredmedia":[{"embeddable":true,"href":"https:\/\/chiaseklos.lt\/en\/wp-json\/wp\/v2\/media\/13021"}],"wp:attachment":[{"href":"https:\/\/chiaseklos.lt\/en\/wp-json\/wp\/v2\/media?parent=13013"}],"wp:term":[{"taxonomy":"product_brand","embeddable":true,"href":"https:\/\/chiaseklos.lt\/en\/wp-json\/wp\/v2\/product_brand?post=13013"},{"taxonomy":"product_cat","embeddable":true,"href":"https:\/\/chiaseklos.lt\/en\/wp-json\/wp\/v2\/product_cat?post=13013"},{"taxonomy":"product_tag","embeddable":true,"href":"https:\/\/chiaseklos.lt\/en\/wp-json\/wp\/v2\/product_tag?post=13013"}],"curies":[{"name":"wp","href":"https:\/\/api.w.org\/{rel}","templated":true}]}}