{"id":12720,"date":"2020-04-21T08:38:31","date_gmt":"2020-04-21T08:38:31","guid":{"rendered":"http:\/\/chiaseklos.lt\/?post_type=product&#038;p=12720"},"modified":"2025-09-24T09:16:29","modified_gmt":"2025-09-24T09:16:29","slug":"brandintu-linu-semenu-duoneles-su-morkomis","status":"publish","type":"product","link":"https:\/\/chiaseklos.lt\/en\/product\/brandintu-linu-semenu-duoneles-su-morkomis\/","title":{"rendered":"Brandint\u0173 lin\u0173 s\u0117men\u0173 duonel\u0117s su morkomis"},"content":{"rendered":"<p>Brandint\u0173 lin\u0173 s\u0117men\u0173 duonel\u0117s su morkomis<\/p>\n<p>Tai puikus sveikas u\u017ekandukas. Tinka skanauti visur: darbe, mokykloje, i\u0161vykose&#8230; Gard\u016bs vieni ar prie salot\u0173 ar sriub\u0173! Patinka tiek ma\u017eiems tiek dideliems!<\/p>\n<p>D\u017eiovintos tik 41C temperat\u016broje.<\/p>\n<p>Sudedamosios dalys: brandinti lin\u0173 s\u0117menys (25%) morkos (30%) pomidorai, brandintos saul\u0117gr\u0105\u017e\u0173 s\u0117klos, brandinti grikiai, \u010desnakai, j\u016bros druska.<\/p>\n<p>Energin\u0117 vert\u0117: 1773 kcal \/ 422 kJ\u00a0Riebal\u0173 \u2013 16.93 &#8211; i\u0161 kuri\u0173 so\u010di\u0173j\u0173 riebal\u0173 r\u016bg\u0161\u010di\u0173 \u2013 1,56g;\u00a0Angliavandeni\u0173 \u2013 50.72g -i\u0161 kuri\u0173 cukr\u0173 \u2013 2.47g; Skaidulin\u0117s med\u017eiagos\u00a0 10.15g. Baltym\u0173 \u2013 15.85 g;\u00a0Druska \u2013 0.53 g.<\/p>","protected":false},"excerpt":{"rendered":"<p>Brandint\u0173 lin\u0173 s\u0117men\u0173 duonel\u0117s su morkomis Tai puikus sveikas u\u017ekandukas. Tinka skanauti visur: darbe, mokykloje, i\u0161vykose&#8230; Gard\u016bs vieni ar prie salot\u0173 ar sriub\u0173! Patinka tiek ma\u017eiems tiek dideliems! D\u017eiovintos tik 41C temperat\u016broje. Sudedamosios dalys: brandinti lin\u0173 s\u0117menys (25%) morkos (30%) pomidorai, brandintos saul\u0117gr\u0105\u017e\u0173 s\u0117klos, brandinti grikiai, \u010desnakai, j\u016bros druska. Energin\u0117 vert\u0117: 1773 kcal \/ 422&#8230;<\/p>","protected":false},"featured_media":12872,"template":"","meta":{"_acf_changed":false},"product_brand":[],"product_cat":[69,17],"product_tag":[],"class_list":{"0":"post-12720","1":"product","2":"type-product","3":"status-publish","4":"has-post-thumbnail","6":"product_cat-duoneles","7":"product_cat-seklos","8":"nt-post-class","9":"","10":"masonry-item","11":"col-lg-6","15":"excerpt-none","19":"first","20":"outofstock","21":"taxable","22":"shipping-taxable","23":"purchasable","24":"product-type-variable","25":"add-to-wishlist-after_add_to_cart"},"acf":[],"_links":{"self":[{"href":"https:\/\/chiaseklos.lt\/en\/wp-json\/wp\/v2\/product\/12720","targetHints":{"allow":["GET"]}}],"collection":[{"href":"https:\/\/chiaseklos.lt\/en\/wp-json\/wp\/v2\/product"}],"about":[{"href":"https:\/\/chiaseklos.lt\/en\/wp-json\/wp\/v2\/types\/product"}],"wp:featuredmedia":[{"embeddable":true,"href":"https:\/\/chiaseklos.lt\/en\/wp-json\/wp\/v2\/media\/12872"}],"wp:attachment":[{"href":"https:\/\/chiaseklos.lt\/en\/wp-json\/wp\/v2\/media?parent=12720"}],"wp:term":[{"taxonomy":"product_brand","embeddable":true,"href":"https:\/\/chiaseklos.lt\/en\/wp-json\/wp\/v2\/product_brand?post=12720"},{"taxonomy":"product_cat","embeddable":true,"href":"https:\/\/chiaseklos.lt\/en\/wp-json\/wp\/v2\/product_cat?post=12720"},{"taxonomy":"product_tag","embeddable":true,"href":"https:\/\/chiaseklos.lt\/en\/wp-json\/wp\/v2\/product_tag?post=12720"}],"curies":[{"name":"wp","href":"https:\/\/api.w.org\/{rel}","templated":true}]}}