{"id":12508,"date":"2020-04-06T18:01:03","date_gmt":"2020-04-06T18:01:03","guid":{"rendered":"https:\/\/chiaseklos.lt\/?post_type=product&#038;p=12508"},"modified":"2026-03-20T10:09:12","modified_gmt":"2026-03-20T10:09:12","slug":"pekaniniu-kariju-riesutai","status":"publish","type":"product","link":"https:\/\/chiaseklos.lt\/en\/product\/pekaniniu-kariju-riesutai\/","title":{"rendered":"Pekanini\u0173 karij\u0173 rie\u0161utai"},"content":{"rendered":"<p data-start=\"289\" data-end=\"364\"><strong data-start=\"289\" data-end=\"362\">Pekanini\u0173 karij\u0173 rie\u0161utai<\/strong><\/p>\n<p data-start=\"366\" data-end=\"854\">Pekanini\u0173 karij\u0173 rie\u0161utai yra\u00a0nat\u016bralus ir maistingas produktas, vertinamas d\u0117l \u0161velnaus skonio ir universalumo. \u0160ie <strong data-start=\"487\" data-end=\"506\">karij\u0173 rie\u0161utai<\/strong> puikiai tinka tiek kasdieniams u\u017ekand\u017eiams, tiek patiekal\u0173 gardinimui. Jie gali b\u016bti valgomi vieni, d\u0117ti \u012f ko\u0161es, desertus, kepinius ar salotas, suteikiant patiekalams malon\u0173 tra\u0161kum\u0105 ir nat\u016bral\u0173 rie\u0161ut\u0173 aromat\u0105. <strong data-start=\"720\" data-end=\"741\">Pekanini\u0173 rie\u0161ut\u0173<\/strong> \u0161velnus, \u0161iek tiek saldus skonis daro juos idealiu pasirinkimu tiems, kurie ie\u0161ko skanaus ir sveiko u\u017ekand\u017eio.<\/p>\n<p data-start=\"856\" data-end=\"1363\"><strong data-start=\"856\" data-end=\"875\">Sveiki rie\u0161utai<\/strong> yra ne tik gard\u016bs, bet ir naudingi organizmui. <strong data-start=\"923\" data-end=\"952\">Pekanini\u0173 karij\u0173 rie\u0161utai<\/strong> yra vertingas baltym\u0173, sveik\u0173j\u0173 riebal\u0173, vitamin\u0173 ir mineral\u0173 \u0161altinis. Jie gali prisid\u0117ti prie energijos palaikymo, organizmo stiprinimo bei bendros geros savijautos. Reguliarus \u0161i\u0173 rie\u0161ut\u0173 vartojimas padeda palaikyti sveik\u0105 \u0161irdies ir kraujagysli\u0173 sistem\u0105, nes <strong data-start=\"1216\" data-end=\"1235\">karij\u0173 rie\u0161utai<\/strong> turi daug mononeso\u010di\u0173j\u0173 riebal\u0173 r\u016bg\u0161\u010di\u0173, kurios vertinamos d\u0117l teigiamo poveikio kraujotakai ir bendram sveikatos palaikymui.<\/p>\n<p data-start=\"1365\" data-end=\"1761\"><strong data-start=\"1365\" data-end=\"1386\">Pekanini\u0173 rie\u0161ut\u0173<\/strong> universalumas leid\u017eia juos naudoti \u012fvairiais b\u016bdais. Jie puikiai dera ko\u0161\u0117se, granolose, kepiniuose, desertuose, salotose ar net tiesiog kaip sveikas u\u017ekandis tarp pagrindini\u0173 valgym\u0173. <strong data-start=\"1572\" data-end=\"1594\">Maistingi rie\u0161utai<\/strong> ne tik pagerina patiekal\u0173 skon\u012f, bet ir suteikia ilgalaik\u012f sotumo jausm\u0105, tod\u0117l tinka tiek vaikams, tiek suaugusiems, siekiantiems sveikos ir subalansuotos mitybos.<\/p>\n<p data-start=\"1763\" data-end=\"1982\"><strong data-start=\"1763\" data-end=\"1778\">Vartojimas:<\/strong> rekomenduojama valgyti nedideliais kiekiais kaip u\u017ekand\u012f arba d\u0117ti \u012f patiekalus pagal skon\u012f. \u0160ie <strong data-start=\"1876\" data-end=\"1899\">pekaniniai rie\u0161utai<\/strong> yra paruo\u0161ti vartoti, tad juos galima naudoti i\u0161 karto, be papildomo apdorojimo.<\/p>\n<p data-start=\"1984\" data-end=\"2212\"><strong data-start=\"1984\" data-end=\"2007\">Sudedamosios dalys:<\/strong> 100 % <strong data-start=\"2014\" data-end=\"2043\">pekanini\u0173 karij\u0173 rie\u0161utai<\/strong>, be pried\u0173, konservant\u0173 ar dirbtini\u0173 med\u017eiag\u0173. Laikyti sausoje, v\u0117sioje vietoje, sandariai u\u017edarytoje pakuot\u0117je, kad rie\u0161utai i\u0161laikyt\u0173 skon\u012f, aromat\u0105 ir maistingum\u0105.<\/p>\n<p data-start=\"2214\" data-end=\"2541\">Pasirinkdami <strong data-start=\"2227\" data-end=\"2246\">karij\u0173 rie\u0161utus<\/strong>, j\u016bs gaunate nat\u016bral\u0173, sveik\u0105 ir skan\u0173 u\u017ekand\u012f, tinkant\u012f kasdieniam vartojimui. \u0160ie <strong data-start=\"2331\" data-end=\"2354\">pekaniniai rie\u0161utai<\/strong> ne tik suteikia patiekalams skonio ir tra\u0161kumo, bet ir padeda palaikyti sveik\u0105 mityb\u0105 bei energij\u0105 visai dienai. Tai idealus pasirinkimas tiek nam\u0173 virtuv\u0117je, tiek kelion\u0117je ar darbui.<\/p>\n<p>Energin\u0117 ir maistin\u0117 vert\u0117 100g: 722 kcal \/ 2972 kJ, riebal\u0173 72g, i\u0161 kuri\u0173 so\u010di\u0173j\u0173 riebal\u0173 r\u016bg\u0161\u010di\u0173 6,2g, angliavandeni\u0173 4,4g, i\u0161 kuri\u0173 cukr\u0173 4g,\u00a0 baltym\u0173 9,2g, druskos &lt;0,01g.<\/p>\n<p>Vartoti atsargiai: gali pasitaikyti rie\u0161ut\u0173 keval\u0173 nuolau\u017e\u0173. Ma\u017ei vaikai gali u\u017espringti !<\/p>\n<p>Sudedamosios dalys:\u00a0 Pekanini\u0173 karij\u0173 rie\u0161utai\u00a0100%<\/p>\n<p>Laikymo s\u0105lygos:Laikyti sausoje, v\u0117sioje vietoje. Laikymo temperat\u016bra: nuo 0\u00b0C iki 25\u00b0C.<\/p>\n<p>Kilm\u0117s \u0161alis: JAV<\/p>","protected":false},"excerpt":{"rendered":"<p>Pekanini\u0173 karij\u0173 rie\u0161utai Pekanini\u0173 karij\u0173 rie\u0161utai yra\u00a0nat\u016bralus ir maistingas produktas, vertinamas d\u0117l \u0161velnaus skonio ir universalumo. \u0160ie karij\u0173 rie\u0161utai puikiai tinka tiek kasdieniams u\u017ekand\u017eiams, tiek patiekal\u0173 gardinimui. Jie gali b\u016bti valgomi vieni, d\u0117ti \u012f ko\u0161es, desertus, kepinius ar salotas, suteikiant patiekalams malon\u0173 tra\u0161kum\u0105 ir nat\u016bral\u0173 rie\u0161ut\u0173 aromat\u0105. Pekanini\u0173 rie\u0161ut\u0173 \u0161velnus, \u0161iek tiek saldus skonis daro&#8230;<\/p>","protected":false},"featured_media":16924,"template":"","meta":{"_acf_changed":false},"product_brand":[],"product_cat":[61],"product_tag":[],"class_list":{"0":"post-12508","1":"product","2":"type-product","3":"status-publish","4":"has-post-thumbnail","6":"product_cat-riesutai","7":"nt-post-class","8":"","9":"masonry-item","10":"col-lg-6","14":"excerpt-none","18":"first","19":"instock","20":"taxable","21":"shipping-taxable","22":"purchasable","23":"product-type-variable","24":"add-to-wishlist-after_add_to_cart"},"acf":[],"_links":{"self":[{"href":"https:\/\/chiaseklos.lt\/en\/wp-json\/wp\/v2\/product\/12508","targetHints":{"allow":["GET"]}}],"collection":[{"href":"https:\/\/chiaseklos.lt\/en\/wp-json\/wp\/v2\/product"}],"about":[{"href":"https:\/\/chiaseklos.lt\/en\/wp-json\/wp\/v2\/types\/product"}],"wp:featuredmedia":[{"embeddable":true,"href":"https:\/\/chiaseklos.lt\/en\/wp-json\/wp\/v2\/media\/16924"}],"wp:attachment":[{"href":"https:\/\/chiaseklos.lt\/en\/wp-json\/wp\/v2\/media?parent=12508"}],"wp:term":[{"taxonomy":"product_brand","embeddable":true,"href":"https:\/\/chiaseklos.lt\/en\/wp-json\/wp\/v2\/product_brand?post=12508"},{"taxonomy":"product_cat","embeddable":true,"href":"https:\/\/chiaseklos.lt\/en\/wp-json\/wp\/v2\/product_cat?post=12508"},{"taxonomy":"product_tag","embeddable":true,"href":"https:\/\/chiaseklos.lt\/en\/wp-json\/wp\/v2\/product_tag?post=12508"}],"curies":[{"name":"wp","href":"https:\/\/api.w.org\/{rel}","templated":true}]}}