{"id":12435,"date":"2020-03-29T09:16:37","date_gmt":"2020-03-29T09:16:37","guid":{"rendered":"https:\/\/chiaseklos.lt\/?post_type=product&#038;p=12435"},"modified":"2026-04-15T14:05:09","modified_gmt":"2026-04-15T14:05:09","slug":"zalioji-kanapiu-arbata","status":"publish","type":"product","link":"https:\/\/chiaseklos.lt\/en\/product\/zalioji-kanapiu-arbata\/","title":{"rendered":"\u017dalioji kanapi\u0173 arbata"},"content":{"rendered":"<p>\u017dalioji kanapi\u0173 arbata, 30 g.<\/p>\n<p>Tai gardi, maloniai kvapni bei raminanti arbata. Stiprina imunitet\u0105 bei gerina nuotaik\u0105. Gerdami arbat\u0105 ryte lengviau susikaupsite, o vakare &#8211; geriau pails\u0117site.<\/p>\n<p>Sudedamosios dalys: kanapi\u0173 \u017eiedyn\u0173, kanapi\u0173 lapeli\u0173 bei jaun\u0173 kanapi\u0173 s\u0117kl\u0173 arbata.<\/p>\n<p>Paruo\u0161imas: u\u017evirinkite vanden\u012f ir lukterkite 1-2 min kol vanduo bus 80-90C. U\u017epilkite 1 arbatin\u012f \u0161auk\u0161tel\u012f kanapi\u0173 \u017eoleli\u0173 (kuo daugiau d\u0117site arbata bus stipresn\u0117), palaikykite 5-8min.\u00a0\u012e arbatos puodel\u012f galima \u012fd\u0117ti ir pus\u0119 desertinio \u0161auk\u0161telio sviesto, kokos\u0173 ar kakavos sviesto. Manoma, kad taip geriau pasisavinamos gerosios augalo savyb\u0117s.<\/p>\n<p>Kilm\u0117s \u0161alis: Lietuva<\/p>","protected":false},"excerpt":{"rendered":"<p>\u017dalioji kanapi\u0173 arbata, 30 g. Tai gardi, maloniai kvapni bei raminanti arbata. Stiprina imunitet\u0105 bei gerina nuotaik\u0105. Gerdami arbat\u0105 ryte lengviau susikaupsite, o vakare &#8211; geriau pails\u0117site. Sudedamosios dalys: kanapi\u0173 \u017eiedyn\u0173, kanapi\u0173 lapeli\u0173 bei jaun\u0173 kanapi\u0173 s\u0117kl\u0173 arbata. Paruo\u0161imas: u\u017evirinkite vanden\u012f ir lukterkite 1-2 min kol vanduo bus 80-90C. U\u017epilkite 1 arbatin\u012f \u0161auk\u0161tel\u012f kanapi\u0173 \u017eoleli\u0173&#8230;<\/p>","protected":false},"featured_media":29866,"template":"","meta":{"_acf_changed":false},"product_brand":[],"product_cat":[63],"product_tag":[],"class_list":{"0":"post-12435","1":"product","2":"type-product","3":"status-publish","4":"has-post-thumbnail","6":"product_cat-arbatos","7":"nt-post-class","8":"","9":"masonry-item","10":"col-lg-6","14":"excerpt-none","18":"first","19":"instock","20":"taxable","21":"shipping-taxable","22":"purchasable","23":"product-type-simple","24":"add-to-wishlist-after_add_to_cart"},"acf":[],"_links":{"self":[{"href":"https:\/\/chiaseklos.lt\/en\/wp-json\/wp\/v2\/product\/12435","targetHints":{"allow":["GET"]}}],"collection":[{"href":"https:\/\/chiaseklos.lt\/en\/wp-json\/wp\/v2\/product"}],"about":[{"href":"https:\/\/chiaseklos.lt\/en\/wp-json\/wp\/v2\/types\/product"}],"wp:featuredmedia":[{"embeddable":true,"href":"https:\/\/chiaseklos.lt\/en\/wp-json\/wp\/v2\/media\/29866"}],"wp:attachment":[{"href":"https:\/\/chiaseklos.lt\/en\/wp-json\/wp\/v2\/media?parent=12435"}],"wp:term":[{"taxonomy":"product_brand","embeddable":true,"href":"https:\/\/chiaseklos.lt\/en\/wp-json\/wp\/v2\/product_brand?post=12435"},{"taxonomy":"product_cat","embeddable":true,"href":"https:\/\/chiaseklos.lt\/en\/wp-json\/wp\/v2\/product_cat?post=12435"},{"taxonomy":"product_tag","embeddable":true,"href":"https:\/\/chiaseklos.lt\/en\/wp-json\/wp\/v2\/product_tag?post=12435"}],"curies":[{"name":"wp","href":"https:\/\/api.w.org\/{rel}","templated":true}]}}