{"id":12429,"date":"2020-03-29T08:48:03","date_gmt":"2020-03-29T08:48:03","guid":{"rendered":"https:\/\/chiaseklos.lt\/?post_type=product&#038;p=12429"},"modified":"2026-04-15T08:14:35","modified_gmt":"2026-04-15T08:14:35","slug":"kanapiu-seklos-nelukstentos","status":"publish","type":"product","link":"https:\/\/chiaseklos.lt\/en\/product\/kanapiu-seklos-nelukstentos\/","title":{"rendered":"Kanapi\u0173 s\u0117klos, neluk\u0161tentos"},"content":{"rendered":"<p><strong>Kanapi\u0173 s\u0117klos, neluk\u0161tentos<\/strong><\/p>\n<p data-start=\"0\" data-end=\"402\"><strong data-start=\"0\" data-end=\"32\">Kanapi\u0173 s\u0117klos, neluk\u0161tentos<\/strong> \u2013 nat\u016bralus, maistingas ir universaliai naudojamas produktas, vertinamas d\u0117l savo sud\u0117ties ir plataus panaudojimo virtuv\u0117je. Tai visos kanapi\u0173 s\u0117klos su nat\u016braliu luk\u0161tu, kuris suteikia papildomos tekst\u016bros ir yra nat\u016bralus maistini\u0173 skaidul\u0173 \u0161altinis. Neluk\u0161tentos kanapi\u0173 s\u0117klos pasi\u017eymi \u0161velniu rie\u0161utiniu skoniu ir gali b\u016bti lengvai pritaikomos kasdien\u0117je mityboje.<\/p>\n<p data-start=\"404\" data-end=\"800\">\u0160ios s\u0117klos yra vertinamos d\u0117l savo <strong data-start=\"440\" data-end=\"463\">nat\u016bralios sud\u0117ties<\/strong>. Neluk\u0161tentose kanapi\u0173 s\u0117klose yra <strong data-start=\"499\" data-end=\"562\">augalini\u0173 baltym\u0173, skaidul\u0173 ir \u012fvairi\u0173 mineralini\u0173 med\u017eiag\u0173<\/strong>. D\u0117l i\u0161saugoto nat\u016bralaus luk\u0161to jose yra daugiau <strong data-start=\"613\" data-end=\"628\">l\u0105stelienos<\/strong>, kuri yra svarbi \u012fvairiai ir subalansuotai mitybai. Augalin\u0117s kilm\u0117s produktai, turintys skaidul\u0173, da\u017enai \u012ftraukiami \u012f kasdien\u012f racion\u0105 siekiant didesn\u0117s maisto \u012fvairov\u0117s.<\/p>\n<p data-start=\"802\" data-end=\"1153\">Kanapi\u0173 s\u0117klose taip pat nat\u016braliai randama \u012fvairi\u0173 <strong data-start=\"854\" data-end=\"866\">mineral\u0173<\/strong>, toki\u0173 kaip magnis, fosforas, gele\u017eis ir kalis. Be to, jose yra <strong data-start=\"931\" data-end=\"960\">augalini\u0173 riebal\u0173 r\u016bg\u0161\u010di\u0173<\/strong>, kurios yra b\u016bdingos daugeliui rie\u0161ut\u0173 ir s\u0117kl\u0173. D\u0117l \u0161ios sud\u0117ties kanapi\u0173 s\u0117klos vertinamos \u017emoni\u0173, kurie renkasi \u012fvairi\u0105 ir subalansuot\u0105 mityb\u0105 bei ie\u0161ko nat\u016brali\u0173 augalin\u0117s kilm\u0117s produkt\u0173.<\/p>\n<p data-start=\"1155\" data-end=\"1473\">Kadangi \u0161ios s\u0117klos yra <strong data-start=\"1179\" data-end=\"1195\">neluk\u0161tentos<\/strong>, jos pasi\u017eymi \u0161iek tiek tvirtesne tekst\u016bra ir nat\u016braliu tra\u0161kumu. Luk\u0161tas taip pat padeda apsaugoti s\u0117klos vid\u0173, tod\u0117l tokios s\u0117klos da\u017enai turi <strong data-start=\"1341\" data-end=\"1376\">ilgesn\u012f tinkamumo vartoti laik\u0105<\/strong>, jei laikomos tinkamomis s\u0105lygomis \u2013 sausoje ir v\u0117sioje vietoje, sandariai u\u017edarytoje pakuot\u0117je.<\/p>\n<p data-start=\"1475\" data-end=\"1875\"><strong data-start=\"1475\" data-end=\"1507\">Kanapi\u0173 s\u0117klos, neluk\u0161tentos<\/strong> yra labai universalios virtuv\u0117je. Jas galima vartoti \u012fvairiais b\u016bdais \u2013 tiek kaip atskir\u0105 ingredient\u0105, tiek kaip pried\u0105 prie kit\u0173 patiekal\u0173. Vienas papras\u010diausi\u0173 b\u016bd\u0173 \u2013 lengvai <strong data-start=\"1685\" data-end=\"1725\">paskrudinti s\u0117klas sausoje keptuv\u0117je<\/strong>. Kaitinkite jas apie <strong data-start=\"1747\" data-end=\"1762\">3\u20135 minutes<\/strong>, kol pajusite malon\u0173 rie\u0161utin\u012f aromat\u0105. Skrudinimas sustiprina skon\u012f ir suteikia s\u0117kloms dar malonesn\u0119 tekst\u016br\u0105.<\/p>\n<p data-start=\"1877\" data-end=\"2198\">\u0160ios s\u0117klos puikiai dera su \u012fvairiais kasdieniais patiekalais. Jas galima naudoti gardinant <strong data-start=\"1969\" data-end=\"2019\">salotas, dar\u017eovi\u0173 patiekalus, ko\u0161es ar jogurt\u0105<\/strong>. Taip pat jos gali b\u016bti dedamos \u012f <strong data-start=\"2054\" data-end=\"2104\">duon\u0105, kepinius ar \u012fvairius u\u017ekand\u017ei\u0173 mi\u0161inius<\/strong>. Neluk\u0161tentos kanapi\u0173 s\u0117klos suteikia patiekalams malon\u0173 tra\u0161kum\u0105 ir subtil\u0173 rie\u0161utin\u012f skon\u012f.<\/p>\n<p data-start=\"2200\" data-end=\"2594\">Lietuvi\u0161koje virtuv\u0117je kanapi\u0173 s\u0117klos turi ir savo tradicijas. I\u0161 j\u0173 galima ruo\u0161ti <strong data-start=\"2283\" data-end=\"2295\">kanapyn\u0119<\/strong> \u2013 tradicin\u012f patiekal\u0105, kuris da\u017enai gaminamas i\u0161 skrudint\u0173 ir sutrint\u0173 kanapi\u0173 s\u0117kl\u0173. Taip pat labai paprastas ir m\u0117gstamas derinys \u2013 <strong data-start=\"2430\" data-end=\"2502\">kar\u0161tos bulv\u0117s su lengvai apkeptomis ir pas\u016bdytomis kanapi\u0173 s\u0117klomis<\/strong>. Toks patiekalas pasi\u017eymi sodriu skoniu ir gali tapti puikiu pasirinkimu kasdieniam stalui.<\/p>\n<p data-start=\"2596\" data-end=\"2875\"><strong data-start=\"2596\" data-end=\"2628\">Kanapi\u0173 s\u0117klos, neluk\u0161tentos<\/strong> yra patogus ir nat\u016bralus produktas tiems, kurie m\u0117gsta eksperimentuoti virtuv\u0117je ir ie\u0161ko nauj\u0173 skoni\u0173. Jos gali b\u016bti naudojamos tiek tradiciniuose, tiek \u0161iuolaiki\u0161kuose receptuose, praturtinant patiekalus tekst\u016bra ir nat\u016braliu rie\u0161utiniu skoniu.<\/p>\n<p data-start=\"2877\" data-end=\"3191\" data-is-last-node=\"\" data-is-only-node=\"\">Rinkdamiesi <strong data-start=\"2889\" data-end=\"2920\">neluk\u0161tentas kanapi\u0173 s\u0117klas<\/strong>, j\u016bs pasirenkate nat\u016bral\u0173 augalin\u0117s kilm\u0117s produkt\u0105, kuris gali papildyti kasdien\u0119 mityb\u0105 ir suteikti daugiau \u012fvairov\u0117s virtuv\u0117je. Tai paprastas, universalus ir vertinamas ingredientas, tinkantis tiek kasdieniams patiekalams, tiek k\u016brybi\u0161kiems kulinariniams sprendimams.<\/p>\n<h4><span style=\"color: #000000;\"><strong>Sudedamosios dalys:<\/strong> 100% nat\u016bralios neluk\u0161tentos kanapi\u0173 s\u0117klos.<\/span><\/h4>\n<p><span style=\"color: #000000;\"><strong>Kilm\u0117s \u0161alis<\/strong>: Lietuva\/Lenkija\/Ukraina\/Kinija<\/span><\/p>\n<p><span style=\"color: #000000;\">Laikyti \u0161variose, gerai v\u0117dinamose patalpose. Laikymo temperat\u016bra: nuo 0\u00b0C iki 25\u00b0C<\/span><\/p>\n<p class=\"title--s\"><span style=\"color: #000000;\"><span style=\"font-size: 14.4px;\">Energin\u0117 ir maistin\u0117 vert\u0117 100 g: 1753 kJ\/424 kcal:\u00a0<\/span>riebal\u0173 30 g,\u00a0<span style=\"font-size: 14.4px;\">i\u0161 kuri\u0173 so\u010di\u0173j\u0173 3g,\u00a0<\/span><span style=\"font-size: 14.4px;\">\u00a0mononeso\u010di\u0173j\u0173 3g,\u00a0<\/span><span style=\"font-size: 14.4px;\">\u00a0polineso\u010di\u0173j\u0173 24g,\u00a0<\/span><span style=\"font-size: 14.4px;\">i\u0161 kuri\u0173 Omega-3 10g;\u00a0<\/span><span style=\"font-size: 14.4px;\">angliavandeni\u0173 1,5g,\u00a0<\/span><span style=\"font-size: 14.4px;\">\u00a0i\u0161 kuri\u0173 cukr\u0173 1,5 g;\u00a0<\/span><span style=\"font-size: 14.4px;\">skaidulini\u0173 med\u017eiag\u0173 24g;\u00a0<\/span><span style=\"font-size: 14.4px;\">baltym\u0173 25g;\u00a0<\/span><span style=\"font-size: 14.4px;\">druskos 0g.<\/span><\/span><\/p>","protected":false},"excerpt":{"rendered":"<p>Kanapi\u0173 s\u0117klos, neluk\u0161tentos Kanapi\u0173 s\u0117klos, neluk\u0161tentos \u2013 nat\u016bralus, maistingas ir universaliai naudojamas produktas, vertinamas d\u0117l savo sud\u0117ties ir plataus panaudojimo virtuv\u0117je. Tai visos kanapi\u0173 s\u0117klos su nat\u016braliu luk\u0161tu, kuris suteikia papildomos tekst\u016bros ir yra nat\u016bralus maistini\u0173 skaidul\u0173 \u0161altinis. Neluk\u0161tentos kanapi\u0173 s\u0117klos pasi\u017eymi \u0161velniu rie\u0161utiniu skoniu ir gali b\u016bti lengvai pritaikomos kasdien\u0117je mityboje. \u0160ios s\u0117klos yra&#8230;<\/p>","protected":false},"featured_media":12434,"template":"","meta":{"_acf_changed":false},"product_brand":[],"product_cat":[17,65],"product_tag":[],"class_list":{"0":"post-12429","1":"product","2":"type-product","3":"status-publish","4":"has-post-thumbnail","6":"product_cat-seklos","7":"product_cat-supermaistas","8":"nt-post-class","9":"","10":"masonry-item","11":"col-lg-6","15":"excerpt-none","19":"first","20":"instock","21":"taxable","22":"shipping-taxable","23":"purchasable","24":"product-type-variable","25":"add-to-wishlist-after_add_to_cart"},"acf":[],"_links":{"self":[{"href":"https:\/\/chiaseklos.lt\/en\/wp-json\/wp\/v2\/product\/12429","targetHints":{"allow":["GET"]}}],"collection":[{"href":"https:\/\/chiaseklos.lt\/en\/wp-json\/wp\/v2\/product"}],"about":[{"href":"https:\/\/chiaseklos.lt\/en\/wp-json\/wp\/v2\/types\/product"}],"wp:featuredmedia":[{"embeddable":true,"href":"https:\/\/chiaseklos.lt\/en\/wp-json\/wp\/v2\/media\/12434"}],"wp:attachment":[{"href":"https:\/\/chiaseklos.lt\/en\/wp-json\/wp\/v2\/media?parent=12429"}],"wp:term":[{"taxonomy":"product_brand","embeddable":true,"href":"https:\/\/chiaseklos.lt\/en\/wp-json\/wp\/v2\/product_brand?post=12429"},{"taxonomy":"product_cat","embeddable":true,"href":"https:\/\/chiaseklos.lt\/en\/wp-json\/wp\/v2\/product_cat?post=12429"},{"taxonomy":"product_tag","embeddable":true,"href":"https:\/\/chiaseklos.lt\/en\/wp-json\/wp\/v2\/product_tag?post=12429"}],"curies":[{"name":"wp","href":"https:\/\/api.w.org\/{rel}","templated":true}]}}