{"id":12423,"date":"2020-03-29T08:02:50","date_gmt":"2020-03-29T08:02:50","guid":{"rendered":"https:\/\/chiaseklos.lt\/?post_type=product&#038;p=12423"},"modified":"2026-01-16T15:40:19","modified_gmt":"2026-01-16T15:40:19","slug":"linu-semenys","status":"publish","type":"product","link":"https:\/\/chiaseklos.lt\/en\/product\/linu-semenys\/","title":{"rendered":"Lin\u0173 s\u0117menys (linai)"},"content":{"rendered":"<h1 class=\"name\">Lin\u0173 s\u0117menys (lot. Linum)<\/h1>\n<p><span style=\"color: #000000;\">Rinktiniai, puikiai i\u0161valyti nuo priemai\u0161\u0173 lin\u0173 s\u0117menys.<\/span><\/p>\n<p><span style=\"color: #000000;\">Sudedamosios dalys: 100% lin\u0173 s\u0117m\u0117nys<\/span><\/p>\n<p><span style=\"color: #000000;\">Maistin\u0117 vert\u0117 100g: 533 kcal; lipidai 42g, i\u0161 j\u0173 sotieji riebalai 3,7g, polinesotieji riebalai 29g, mononesotieji riebalai 5g; natris 30mg; kalis 813 mg; angliavandeniai 29g, i\u0161 j\u0173 maistin\u0117s skaidulos 27g, cukrus 1,6g; baltymai 18g; kalcis 255 mg; vitaminas C 0,6 mg; gele\u017eis 5,7 mg; vitaminas B6 0,5 mg; magnis 392 mg.<\/span><\/p>\n<p><span style=\"color: #282828;\">Rekomenduojama dienos norma: 1 \u2013 2 valgomieji \u0161auk\u0161tai per dien\u0105.<\/span><\/p>\n<p><span style=\"color: #282828;\">Laikymo s\u0105lygos:\u00a0Laikyti sausoje, gerai v\u0117dinamoje patalpoje.<\/span><\/p>\n<p><span style=\"color: #000000;\">Kilm\u0117s \u0161alis<strong>:<\/strong>\u00a0Kazachstanas\/Lietuva\/Ukraina<\/span><\/p>\n<p>&nbsp;<\/p>","protected":false},"excerpt":{"rendered":"<p>Lin\u0173 s\u0117menys (lot. Linum) Rinktiniai, puikiai i\u0161valyti nuo priemai\u0161\u0173 lin\u0173 s\u0117menys. Sudedamosios dalys: 100% lin\u0173 s\u0117m\u0117nys Maistin\u0117 vert\u0117 100g: 533 kcal; lipidai 42g, i\u0161 j\u0173 sotieji riebalai 3,7g, polinesotieji riebalai 29g, mononesotieji riebalai 5g; natris 30mg; kalis 813 mg; angliavandeniai 29g, i\u0161 j\u0173 maistin\u0117s skaidulos 27g, cukrus 1,6g; baltymai 18g; kalcis 255 mg; vitaminas C&#8230;<\/p>","protected":false},"featured_media":12428,"template":"","meta":{"_acf_changed":false},"product_brand":[],"product_cat":[17],"product_tag":[],"class_list":{"0":"post-12423","1":"product","2":"type-product","3":"status-publish","4":"has-post-thumbnail","6":"product_cat-seklos","7":"nt-post-class","8":"","9":"masonry-item","10":"col-lg-6","14":"excerpt-none","18":"first","19":"instock","20":"taxable","21":"shipping-taxable","22":"purchasable","23":"product-type-variable","24":"add-to-wishlist-after_add_to_cart"},"acf":[],"_links":{"self":[{"href":"https:\/\/chiaseklos.lt\/en\/wp-json\/wp\/v2\/product\/12423","targetHints":{"allow":["GET"]}}],"collection":[{"href":"https:\/\/chiaseklos.lt\/en\/wp-json\/wp\/v2\/product"}],"about":[{"href":"https:\/\/chiaseklos.lt\/en\/wp-json\/wp\/v2\/types\/product"}],"wp:featuredmedia":[{"embeddable":true,"href":"https:\/\/chiaseklos.lt\/en\/wp-json\/wp\/v2\/media\/12428"}],"wp:attachment":[{"href":"https:\/\/chiaseklos.lt\/en\/wp-json\/wp\/v2\/media?parent=12423"}],"wp:term":[{"taxonomy":"product_brand","embeddable":true,"href":"https:\/\/chiaseklos.lt\/en\/wp-json\/wp\/v2\/product_brand?post=12423"},{"taxonomy":"product_cat","embeddable":true,"href":"https:\/\/chiaseklos.lt\/en\/wp-json\/wp\/v2\/product_cat?post=12423"},{"taxonomy":"product_tag","embeddable":true,"href":"https:\/\/chiaseklos.lt\/en\/wp-json\/wp\/v2\/product_tag?post=12423"}],"curies":[{"name":"wp","href":"https:\/\/api.w.org\/{rel}","templated":true}]}}