{"id":12217,"date":"2020-03-04T10:12:24","date_gmt":"2020-03-04T10:12:24","guid":{"rendered":"https:\/\/chiaseklos.lt\/?post_type=product&#038;p=12217"},"modified":"2026-03-12T12:11:27","modified_gmt":"2026-03-12T12:11:27","slug":"spirulinos-tabletes","status":"publish","type":"product","link":"https:\/\/chiaseklos.lt\/en\/product\/spirulinos-tabletes\/","title":{"rendered":"Spirulinos tablet\u0117s"},"content":{"rendered":"<p><strong>Spirulinos tablet\u0117s<\/strong><\/p>\n<p>100 g. &#8211; 380 vnt table\u010di\u0173<br \/>\n300 g &#8211; 1140 vnt table\u010di\u0173<\/p>\n<p data-start=\"0\" data-end=\"425\"><strong data-start=\"0\" data-end=\"47\">Spirulinos tablet\u0117s (Arthrospira platensis)<\/strong> \u2013 tai nat\u016bralus augalin\u0117s kilm\u0117s produktas, pagamintas i\u0161 spirulinos mikrodumbli\u0173. Spirulina yra \u017ealiai melsvas mikrodumblis, kuris nat\u016braliai auga \u0161iltuose vandens telkiniuose ir nuo seno naudojamas kaip maisto produktas \u012fvairiose pasaulio kult\u016brose. D\u0117l savo sud\u0117ties spirulina \u0161iandien yra vertinama kaip vienas i\u0161 populiariausi\u0173 mikrodumbli\u0173, naudojam\u0173 kasdien\u0117je mityboje.<\/p>\n<p data-start=\"427\" data-end=\"760\"><strong data-start=\"427\" data-end=\"450\">Spirulinos tablet\u0117s<\/strong> yra patogi \u0161io mikrodumblio forma, leid\u017eianti lengvai \u012ftraukti spirulin\u0105 \u012f kasdien\u012f racion\u0105. Tablet\u0117s pagamintos i\u0161 d\u017eiovintos ir suspaustos spirulinos, tod\u0117l i\u0161laikomos nat\u016bralios \u0161io produkto savyb\u0117s. Tokia forma ypa\u010d patogi \u017emon\u0117ms, kurie nori vartoti spirulin\u0105 be papildomo paruo\u0161imo ar mai\u0161ymo su maistu.<\/p>\n<p data-start=\"762\" data-end=\"1122\">Spirulina pasi\u017eymi turtinga maistine sud\u0117timi. Joje nat\u016braliai yra <strong data-start=\"829\" data-end=\"894\">augalini\u0173 baltym\u0173, vitamin\u0173, mineralini\u0173 med\u017eiag\u0173 ir pigment\u0173<\/strong>, kurie b\u016bdingi \u0161iems mikrodumbliams. Spirulina taip pat turi <strong data-start=\"956\" data-end=\"992\">chlorofilo ir nat\u016brali\u0173 pigment\u0173<\/strong>, kurie suteikia jai b\u016bding\u0105 \u017ealiai melsv\u0105 spalv\u0105. D\u0117l \u0161ios sud\u0117ties spirulina da\u017enai \u012ftraukiama \u012f \u012fvairi\u0105 ir subalansuot\u0105 mityb\u0105.<\/p>\n<p data-start=\"1124\" data-end=\"1432\"><strong data-start=\"1124\" data-end=\"1171\">Spirulinos tablet\u0117s (Arthrospira platensis)<\/strong> yra augalin\u0117s kilm\u0117s produktas, tod\u0117l tinka <strong data-start=\"1216\" data-end=\"1242\">veganams ir vegetarams<\/strong>, taip pat visiems, kurie nori papildyti savo kasdien\u0119 mityb\u0105 mikrodumbliais. Spirulina yra nat\u016bralus ingredientas, kuris da\u017enai pasirenkamas \u017emoni\u0173, besidomin\u010di\u0173 \u012fvairia ir augaline mityba.<\/p>\n<p data-start=\"1434\" data-end=\"1659\">Viena i\u0161 spirulinos vartojimo prie\u017eas\u010di\u0173 \u2013 jos patogumas. Tablet\u0117s leid\u017eia lengvai kontroliuoti suvartojam\u0105 kiek\u012f ir patogiai vartoti produkt\u0105 bet kurioje dienos dalyje. Jas galima vartoti su vandeniu ar kitu m\u0117gstamu g\u0117rimu.<\/p>\n<p data-start=\"1661\" data-end=\"1904\"><strong data-start=\"1661\" data-end=\"1676\">Vartojimas.<\/strong><br data-start=\"1676\" data-end=\"1679\" \/>Vartojimo b\u016bdas: suaugusiems po 2 tabletes 3 kartus per dien\u0105 gausiai u\u017esigeriant vandeniu, pageidautina prie\u0161 valg\u012f. Rekomenduojama prad\u0117ti nuo ma\u017eiausio kiekio. Rekomenduojamas vartojimo kiekis gali skirtis priklausomai nuo individuali\u0173 poreiki\u0173.<\/p>\n<p data-start=\"1906\" data-end=\"1970\"><strong data-start=\"1906\" data-end=\"1929\">Sudedamosios dalys:<\/strong> 100 % spirulina (Arthrospira platensis).<\/p>\n<p data-start=\"1972\" data-end=\"2100\"><strong data-start=\"1972\" data-end=\"1992\">Laikymo s\u0105lygos:<\/strong> laikyti sausoje, v\u0117sioje vietoje, sandariai u\u017edarytoje pakuot\u0117je, saugoti nuo tiesiogini\u0173 saul\u0117s spinduli\u0173.<\/p>\n<p data-start=\"2102\" data-end=\"2329\">Rinkdamiesi <strong data-start=\"2114\" data-end=\"2137\">spirulinos tabletes<\/strong>, j\u016bs pasirenkate patogi\u0105 ir paprast\u0105 form\u0105 vartoti spirulin\u0105 kasdien\u0117je mityboje. Tai nat\u016bralus augalin\u0117s kilm\u0117s produktas, kuris gali b\u016bti lengvai \u012ftrauktas \u012f \u012fvairi\u0105 ir subalansuot\u0105 mityb\u0105.<\/p>\n<p>Kilm\u0117s \u0161alis: Kinija.<\/p>\n<p>\u012esp\u0117jimas<strong>:<\/strong>\u00a0jei esate n\u0117\u0161\u010dia, \u017eindote k\u016bdik\u012f, sergate arba vartojate vaistus \u2013 d\u0117l maisto papildo vartojimo pasitarkite su gydytoju<\/p>","protected":false},"excerpt":{"rendered":"<p>Spirulinos tablet\u0117s 100 g. &#8211; 380 vnt table\u010di\u0173 300 g &#8211; 1140 vnt table\u010di\u0173 Spirulinos tablet\u0117s (Arthrospira platensis) \u2013 tai nat\u016bralus augalin\u0117s kilm\u0117s produktas, pagamintas i\u0161 spirulinos mikrodumbli\u0173. Spirulina yra \u017ealiai melsvas mikrodumblis, kuris nat\u016braliai auga \u0161iltuose vandens telkiniuose ir nuo seno naudojamas kaip maisto produktas \u012fvairiose pasaulio kult\u016brose. D\u0117l savo sud\u0117ties spirulina \u0161iandien yra&#8230;<\/p>","protected":false},"featured_media":34544,"template":"","meta":{"_acf_changed":false},"product_brand":[],"product_cat":[70,65],"product_tag":[],"class_list":{"0":"post-12217","1":"product","2":"type-product","3":"status-publish","4":"has-post-thumbnail","6":"product_cat-akcijos","7":"product_cat-supermaistas","8":"nt-post-class","9":"","10":"masonry-item","11":"col-lg-6","15":"excerpt-none","19":"first","20":"instock","21":"sale","22":"taxable","23":"shipping-taxable","24":"purchasable","25":"product-type-variable","26":"has-default-attributes","27":"add-to-wishlist-after_add_to_cart"},"acf":[],"_links":{"self":[{"href":"https:\/\/chiaseklos.lt\/en\/wp-json\/wp\/v2\/product\/12217","targetHints":{"allow":["GET"]}}],"collection":[{"href":"https:\/\/chiaseklos.lt\/en\/wp-json\/wp\/v2\/product"}],"about":[{"href":"https:\/\/chiaseklos.lt\/en\/wp-json\/wp\/v2\/types\/product"}],"wp:featuredmedia":[{"embeddable":true,"href":"https:\/\/chiaseklos.lt\/en\/wp-json\/wp\/v2\/media\/34544"}],"wp:attachment":[{"href":"https:\/\/chiaseklos.lt\/en\/wp-json\/wp\/v2\/media?parent=12217"}],"wp:term":[{"taxonomy":"product_brand","embeddable":true,"href":"https:\/\/chiaseklos.lt\/en\/wp-json\/wp\/v2\/product_brand?post=12217"},{"taxonomy":"product_cat","embeddable":true,"href":"https:\/\/chiaseklos.lt\/en\/wp-json\/wp\/v2\/product_cat?post=12217"},{"taxonomy":"product_tag","embeddable":true,"href":"https:\/\/chiaseklos.lt\/en\/wp-json\/wp\/v2\/product_tag?post=12217"}],"curies":[{"name":"wp","href":"https:\/\/api.w.org\/{rel}","templated":true}]}}