{"id":12107,"date":"2020-02-09T11:14:03","date_gmt":"2020-02-09T11:14:03","guid":{"rendered":"https:\/\/chiaseklos.lt\/?post_type=product&#038;p=12107"},"modified":"2026-01-27T18:31:26","modified_gmt":"2026-01-27T18:31:26","slug":"bertoletiju-riesutai","status":"publish","type":"product","link":"https:\/\/chiaseklos.lt\/en\/product\/bertoletiju-riesutai\/","title":{"rendered":"Bertoletij\u0173 rie\u0161utai &#8211; Brazili\u0161ki rie\u0161utai"},"content":{"rendered":"<p><strong>Bertoletij\u0173 rie\u0161utai<\/strong><\/p>\n<p>Itin maistingi bei gard\u017eiai tra\u0161k\u016bs bertoletij\u0173 rie\u0161utai, dar vadinami Brazili\u0161kais rie\u0161utais.<\/p>\n<p>Maistin\u0117 vert\u0117 100g: 655 kcal; angliavandeniai 12,27g; riebalai 66,43g; baltymai 14,32g; vitaminas B1 0,617 mg; vitaminas B2 &#8211; 0,035 mg; vitaminas B3 0,295 mg; vitaminas B6 0.101 mg; vitaminas B9 22 \u03bcg; vitaminas C 0,7 mg; vitaminas E 5,73 mg; kalcis 160 mg; gele\u017eis 2.43 mg; magnis 376 mg; manganas 1,2 mg; fosforas 725 mg; kalis 659 mg; natris 3 mg; cinkas 4,06 mg.<\/p>\n<p>Sudedamosios dalys:\u00a0Bertoletij\u0173 rie\u0161utai 100%<\/p>\n<p>LAIKYMO S\u0104LYGOS:Laikyti sausoje, v\u0117sioje vietoje. Laikymo temperat\u016bra: nuo 5\u00b0C iki 16\u00b0C.<\/p>\n<p>KILM\u0116S \u0160ALIS:\u00a0Bolivija<\/p>\n<p>&nbsp;<\/p>","protected":false},"excerpt":{"rendered":"<p>Bertoletij\u0173 rie\u0161utai Itin maistingi bei gard\u017eiai tra\u0161k\u016bs bertoletij\u0173 rie\u0161utai, dar vadinami Brazili\u0161kais rie\u0161utais. Maistin\u0117 vert\u0117 100g: 655 kcal; angliavandeniai 12,27g; riebalai 66,43g; baltymai 14,32g; vitaminas B1 0,617 mg; vitaminas B2 &#8211; 0,035 mg; vitaminas B3 0,295 mg; vitaminas B6 0.101 mg; vitaminas B9 22 \u03bcg; vitaminas C 0,7 mg; vitaminas E 5,73 mg; kalcis 160&#8230;<\/p>","protected":false},"featured_media":25012,"template":"","meta":{"_acf_changed":false},"product_brand":[],"product_cat":[61],"product_tag":[],"class_list":{"0":"post-12107","1":"product","2":"type-product","3":"status-publish","4":"has-post-thumbnail","6":"product_cat-riesutai","7":"nt-post-class","8":"","9":"masonry-item","10":"col-lg-6","14":"excerpt-none","18":"first","19":"instock","20":"taxable","21":"shipping-taxable","22":"purchasable","23":"product-type-variable","24":"add-to-wishlist-after_add_to_cart"},"acf":[],"_links":{"self":[{"href":"https:\/\/chiaseklos.lt\/en\/wp-json\/wp\/v2\/product\/12107","targetHints":{"allow":["GET"]}}],"collection":[{"href":"https:\/\/chiaseklos.lt\/en\/wp-json\/wp\/v2\/product"}],"about":[{"href":"https:\/\/chiaseklos.lt\/en\/wp-json\/wp\/v2\/types\/product"}],"wp:featuredmedia":[{"embeddable":true,"href":"https:\/\/chiaseklos.lt\/en\/wp-json\/wp\/v2\/media\/25012"}],"wp:attachment":[{"href":"https:\/\/chiaseklos.lt\/en\/wp-json\/wp\/v2\/media?parent=12107"}],"wp:term":[{"taxonomy":"product_brand","embeddable":true,"href":"https:\/\/chiaseklos.lt\/en\/wp-json\/wp\/v2\/product_brand?post=12107"},{"taxonomy":"product_cat","embeddable":true,"href":"https:\/\/chiaseklos.lt\/en\/wp-json\/wp\/v2\/product_cat?post=12107"},{"taxonomy":"product_tag","embeddable":true,"href":"https:\/\/chiaseklos.lt\/en\/wp-json\/wp\/v2\/product_tag?post=12107"}],"curies":[{"name":"wp","href":"https:\/\/api.w.org\/{rel}","templated":true}]}}