{"id":12102,"date":"2020-02-09T10:47:52","date_gmt":"2020-02-09T10:47:52","guid":{"rendered":"https:\/\/chiaseklos.lt\/?post_type=product&#038;p=12102"},"modified":"2026-01-15T07:51:58","modified_gmt":"2026-01-15T07:51:58","slug":"dideli-anakardziu-riesutai","status":"publish","type":"product","link":"https:\/\/chiaseklos.lt\/en\/product\/dideli-anakardziu-riesutai\/","title":{"rendered":"Anakard\u017ei\u0173 rie\u0161utai"},"content":{"rendered":"<p><strong>Anakard\u017ei\u0173 rie\u0161utai\u00a0\u00a0W240<\/strong><\/p>\n<p>Dideli, gard\u016bs, tra\u0161k\u016bs anakard\u017ei\u0173 rie\u0161utai. Puikus u\u017ekandis pilnavertei mitybai.<\/p>\n<p>Maistin\u0117 vert\u0117 100g: 593 kcal; angliavandeniai 30,19g, i\u0161 kuri\u0173 cukrus 5,8g; baltymai 18,22g; riebal\u0173 43,85g, i\u0161 kuri\u0173 riebal\u0173 r\u016bg\u0161tis 8,5g; skaidulos 3g. Juose yra mums reikalingo vario, mangano, magnio ir fosforo.<\/p>\n<p>Sudedamosios dalys:anakard\u017eiai\u00a0rie\u0161utai\u00a0W240 &#8211; 100%<\/p>\n<p>Kilm\u0117s \u0161alis: Vietnamas<\/p>\n<p>LAIKYMO S\u0104LYGOS<strong>: l<\/strong>aikyti sausoje, v\u0117sioje vietoje. Laikymo temperat\u016bra: nuo 5\u00b0C iki 16\u00b0C.<\/p>\n<p>&nbsp;<\/p>\n<p>&nbsp;<\/p>","protected":false},"excerpt":{"rendered":"<p>Anakard\u017ei\u0173 rie\u0161utai\u00a0\u00a0W240 Dideli, gard\u016bs, tra\u0161k\u016bs anakard\u017ei\u0173 rie\u0161utai. Puikus u\u017ekandis pilnavertei mitybai. Maistin\u0117 vert\u0117 100g: 593 kcal; angliavandeniai 30,19g, i\u0161 kuri\u0173 cukrus 5,8g; baltymai 18,22g; riebal\u0173 43,85g, i\u0161 kuri\u0173 riebal\u0173 r\u016bg\u0161tis 8,5g; skaidulos 3g. Juose yra mums reikalingo vario, mangano, magnio ir fosforo. Sudedamosios dalys:anakard\u017eiai\u00a0rie\u0161utai\u00a0W240 &#8211; 100% Kilm\u0117s \u0161alis: Vietnamas LAIKYMO S\u0104LYGOS: laikyti sausoje, v\u0117sioje vietoje&#8230;.<\/p>","protected":false},"featured_media":12106,"template":"","meta":{"_acf_changed":false},"product_brand":[],"product_cat":[61],"product_tag":[],"class_list":{"0":"post-12102","1":"product","2":"type-product","3":"status-publish","4":"has-post-thumbnail","6":"product_cat-riesutai","7":"nt-post-class","8":"","9":"masonry-item","10":"col-lg-6","14":"excerpt-none","18":"first","19":"instock","20":"taxable","21":"shipping-taxable","22":"purchasable","23":"product-type-variable","24":"add-to-wishlist-after_add_to_cart"},"acf":[],"_links":{"self":[{"href":"https:\/\/chiaseklos.lt\/en\/wp-json\/wp\/v2\/product\/12102","targetHints":{"allow":["GET"]}}],"collection":[{"href":"https:\/\/chiaseklos.lt\/en\/wp-json\/wp\/v2\/product"}],"about":[{"href":"https:\/\/chiaseklos.lt\/en\/wp-json\/wp\/v2\/types\/product"}],"wp:featuredmedia":[{"embeddable":true,"href":"https:\/\/chiaseklos.lt\/en\/wp-json\/wp\/v2\/media\/12106"}],"wp:attachment":[{"href":"https:\/\/chiaseklos.lt\/en\/wp-json\/wp\/v2\/media?parent=12102"}],"wp:term":[{"taxonomy":"product_brand","embeddable":true,"href":"https:\/\/chiaseklos.lt\/en\/wp-json\/wp\/v2\/product_brand?post=12102"},{"taxonomy":"product_cat","embeddable":true,"href":"https:\/\/chiaseklos.lt\/en\/wp-json\/wp\/v2\/product_cat?post=12102"},{"taxonomy":"product_tag","embeddable":true,"href":"https:\/\/chiaseklos.lt\/en\/wp-json\/wp\/v2\/product_tag?post=12102"}],"curies":[{"name":"wp","href":"https:\/\/api.w.org\/{rel}","templated":true}]}}