{"id":12016,"date":"2020-01-21T08:42:12","date_gmt":"2020-01-21T08:42:12","guid":{"rendered":"https:\/\/chiaseklos.lt\/?post_type=product&#038;p=12016"},"modified":"2023-12-28T08:45:22","modified_gmt":"2023-12-28T08:45:22","slug":"datules-deglet-nour-su-kauliuku","status":"publish","type":"product","link":"https:\/\/chiaseklos.lt\/en\/product\/datules-deglet-nour-su-kauliuku\/","title":{"rendered":"Datul\u0117s &#8220;Deglet Nour&#8221; su kauliuku"},"content":{"rendered":"<p><strong>Datul\u0117s &#8220;Deglet Nour&#8221; su kauliuku <\/strong><\/p>\n<p><span style=\"color: #000000;\">Datul\u0117s gardus bei saldus u\u017ekandis, kupinas vitamin\u0173 bei skaidul\u0173.\u00a0Datul\u0117s lengvai vir\u0161kinamos, tod\u0117l vartojamos kaip greitas ir veiksmingas energijos \u0161altinis. Gard\u017eios valgyti vienas, saldinti ko\u0161es, kokteilius.<\/span><\/p>\n<p><span style=\"color: #000000;\">Energin\u0117 ir maistin\u0117 vert\u0117 100g: 319 kcal\/1350 kJ, riebal\u0173 0,5 g, i\u0161 kuri\u0173 so\u010di\u0173j\u0173 riebal\u0173 r\u016bg\u0161\u010di\u0173 0,1 g, angliavandeni\u0173 72,7 g, i\u0161 kuri\u0173 cukr\u0173 67,9 g, baltym\u0173 2,3 g, druskos 0,1g.<\/span><\/p>\n<p><span style=\"color: #000000;\">Kilm\u0117s \u0161alis: Tunisas<\/span><\/p>\n<p><span style=\"color: #000000;\">Laikymo s\u0105lygos: laikyti v\u0117sioje vietoje, temperat\u016bra\u00a0nuo 0\u00b0C iki 25\u00b0C<\/span><\/p>\n<p>&nbsp;<\/p>\n<p>&nbsp;<\/p>","protected":false},"excerpt":{"rendered":"<p>Datul\u0117s &#8220;Deglet Nour&#8221; su kauliuku Datul\u0117s gardus bei saldus u\u017ekandis, kupinas vitamin\u0173 bei skaidul\u0173.\u00a0Datul\u0117s lengvai vir\u0161kinamos, tod\u0117l vartojamos kaip greitas ir veiksmingas energijos \u0161altinis. Gard\u017eios valgyti vienas, saldinti ko\u0161es, kokteilius. Energin\u0117 ir maistin\u0117 vert\u0117 100g: 319 kcal\/1350 kJ, riebal\u0173 0,5 g, i\u0161 kuri\u0173 so\u010di\u0173j\u0173 riebal\u0173 r\u016bg\u0161\u010di\u0173 0,1 g, angliavandeni\u0173 72,7 g, i\u0161 kuri\u0173 cukr\u0173 67,9&#8230;<\/p>","protected":false},"featured_media":12017,"template":"","meta":{"_acf_changed":false},"product_brand":[],"product_cat":[70,42],"product_tag":[],"class_list":{"0":"post-12016","1":"product","2":"type-product","3":"status-publish","4":"has-post-thumbnail","6":"product_cat-akcijos","7":"product_cat-dziovinti-vaisiai-uogos","8":"nt-post-class","9":"","10":"masonry-item","11":"col-lg-6","15":"excerpt-none","19":"first","20":"outofstock","21":"sale","22":"taxable","23":"shipping-taxable","24":"purchasable","25":"product-type-variable","26":"has-default-attributes","27":"add-to-wishlist-after_add_to_cart"},"acf":[],"_links":{"self":[{"href":"https:\/\/chiaseklos.lt\/en\/wp-json\/wp\/v2\/product\/12016","targetHints":{"allow":["GET"]}}],"collection":[{"href":"https:\/\/chiaseklos.lt\/en\/wp-json\/wp\/v2\/product"}],"about":[{"href":"https:\/\/chiaseklos.lt\/en\/wp-json\/wp\/v2\/types\/product"}],"wp:featuredmedia":[{"embeddable":true,"href":"https:\/\/chiaseklos.lt\/en\/wp-json\/wp\/v2\/media\/12017"}],"wp:attachment":[{"href":"https:\/\/chiaseklos.lt\/en\/wp-json\/wp\/v2\/media?parent=12016"}],"wp:term":[{"taxonomy":"product_brand","embeddable":true,"href":"https:\/\/chiaseklos.lt\/en\/wp-json\/wp\/v2\/product_brand?post=12016"},{"taxonomy":"product_cat","embeddable":true,"href":"https:\/\/chiaseklos.lt\/en\/wp-json\/wp\/v2\/product_cat?post=12016"},{"taxonomy":"product_tag","embeddable":true,"href":"https:\/\/chiaseklos.lt\/en\/wp-json\/wp\/v2\/product_tag?post=12016"}],"curies":[{"name":"wp","href":"https:\/\/api.w.org\/{rel}","templated":true}]}}