{"id":11646,"date":"2019-11-20T13:24:10","date_gmt":"2019-11-20T13:24:10","guid":{"rendered":"https:\/\/chiaseklos.lt\/?post_type=product&#038;p=11646"},"modified":"2025-11-20T10:57:54","modified_gmt":"2025-11-20T10:57:54","slug":"lazdynu-riesutai","status":"publish","type":"product","link":"https:\/\/chiaseklos.lt\/en\/product\/lazdynu-riesutai\/","title":{"rendered":"Gliaudyti lazdyn\u0173 rie\u0161utai"},"content":{"rendered":"<p><strong><span style=\"color: #000000;\">Gliaudyti lazdyn\u0173 rie\u0161utai<\/span><\/strong><\/p>\n<p><span style=\"color: #000000;\">Lazdyn\u0173<\/span><span style=\"color: #000000;\">\u00a0rie\u0161utai tinkamas u\u017ekandis sportuojantiems, aktyv\u0173 fizin\u012f darb\u0105 dirbantiems \u017emon\u0117ms.<\/span><\/p>\n<p><span style=\"color: #000000;\"><strong>Sudedamosios dalys:<\/strong> lazdyno\u00a0rie\u0161utai gliaudyti.<\/span><\/p>\n<p><span style=\"color: #000000;\"><strong>Kilm\u0117s \u0161alis<\/strong>: Sakartvelas\/Azerbaid\u017eanas<\/span><\/p>\n<p><strong>Maistin\u0117 vert\u0117:<\/strong>\u00a0<span style=\"color: #000000;\">100 g: 705 kcal\/2910 kJ, riebal\u0173 66 g, i\u0161 kuri\u0173 so\u010di\u0173j\u0173 riebal\u0173 r\u016bg\u0161\u010di\u0173 6,1 g, angliavandeni\u0173 10 g, i\u0161 kuri\u0173 cukr\u0173 3 g, baltym\u0173 15,2 g, druskos 0,1 g.<\/span><\/p>\n<p><span style=\"color: #000000;\">Laikyti sausoje, \u0161varioje ir v\u0117sioje vietoje. Laikymo temperat\u016bra: nuo 5\u00b0C iki 16\u00b0C.<\/span><\/p>\n<p>&nbsp;<\/p>","protected":false},"excerpt":{"rendered":"<p>Gliaudyti lazdyn\u0173 rie\u0161utai Lazdyn\u0173\u00a0rie\u0161utai tinkamas u\u017ekandis sportuojantiems, aktyv\u0173 fizin\u012f darb\u0105 dirbantiems \u017emon\u0117ms. Sudedamosios dalys: lazdyno\u00a0rie\u0161utai gliaudyti. Kilm\u0117s \u0161alis: Sakartvelas\/Azerbaid\u017eanas Maistin\u0117 vert\u0117:\u00a0100 g: 705 kcal\/2910 kJ, riebal\u0173 66 g, i\u0161 kuri\u0173 so\u010di\u0173j\u0173 riebal\u0173 r\u016bg\u0161\u010di\u0173 6,1 g, angliavandeni\u0173 10 g, i\u0161 kuri\u0173 cukr\u0173 3 g, baltym\u0173 15,2 g, druskos 0,1 g. Laikyti sausoje, \u0161varioje ir v\u0117sioje vietoje&#8230;.<\/p>","protected":false},"featured_media":11677,"template":"","meta":{"_acf_changed":false},"product_brand":[],"product_cat":[61],"product_tag":[],"class_list":{"0":"post-11646","1":"product","2":"type-product","3":"status-publish","4":"has-post-thumbnail","6":"product_cat-riesutai","7":"nt-post-class","8":"","9":"masonry-item","10":"col-lg-6","14":"excerpt-none","18":"first","19":"instock","20":"taxable","21":"shipping-taxable","22":"purchasable","23":"product-type-variable","24":"add-to-wishlist-after_add_to_cart"},"acf":[],"_links":{"self":[{"href":"https:\/\/chiaseklos.lt\/en\/wp-json\/wp\/v2\/product\/11646","targetHints":{"allow":["GET"]}}],"collection":[{"href":"https:\/\/chiaseklos.lt\/en\/wp-json\/wp\/v2\/product"}],"about":[{"href":"https:\/\/chiaseklos.lt\/en\/wp-json\/wp\/v2\/types\/product"}],"wp:featuredmedia":[{"embeddable":true,"href":"https:\/\/chiaseklos.lt\/en\/wp-json\/wp\/v2\/media\/11677"}],"wp:attachment":[{"href":"https:\/\/chiaseklos.lt\/en\/wp-json\/wp\/v2\/media?parent=11646"}],"wp:term":[{"taxonomy":"product_brand","embeddable":true,"href":"https:\/\/chiaseklos.lt\/en\/wp-json\/wp\/v2\/product_brand?post=11646"},{"taxonomy":"product_cat","embeddable":true,"href":"https:\/\/chiaseklos.lt\/en\/wp-json\/wp\/v2\/product_cat?post=11646"},{"taxonomy":"product_tag","embeddable":true,"href":"https:\/\/chiaseklos.lt\/en\/wp-json\/wp\/v2\/product_tag?post=11646"}],"curies":[{"name":"wp","href":"https:\/\/api.w.org\/{rel}","templated":true}]}}