{"id":11607,"date":"2019-11-15T09:45:37","date_gmt":"2019-11-15T09:45:37","guid":{"rendered":"https:\/\/chiaseklos.lt\/?post_type=product&#038;p=11607"},"modified":"2025-11-15T13:17:33","modified_gmt":"2025-11-15T13:17:33","slug":"goji-uogos","status":"publish","type":"product","link":"https:\/\/chiaseklos.lt\/en\/product\/goji-uogos\/","title":{"rendered":"Goji uogos"},"content":{"rendered":"<p><strong>Goji uogos &#8211; Dygliuotojo o\u017eer\u0161kio uogos<\/strong><\/p>\n<p>Goji uogas gardu skanauti vienas, berti \u012f ko\u0161es, jogurtus, tro\u0161kinius. Puikiai tinka gardinti kalakutienos bei kiaulienos patiekalus.<\/p>\n<p>Sudedamosios dalys: Goji uogos, konservantas sieros dioksidas<\/p>\n<p>Alergenai: sud\u0117tyje yra sieros dioksido<\/p>\n<p>Kilm\u0117s \u0161alis: Kinija<\/p>\n<p>Laikymo s\u0105lygos: laikyti sausoje, v\u0117sioje vietoje. Laikymo temperat\u016bra: nuo 5\u00b0C iki 16\u00b0C.<\/p>","protected":false},"excerpt":{"rendered":"<p>Goji uogos &#8211; Dygliuotojo o\u017eer\u0161kio uogos Goji uogas gardu skanauti vienas, berti \u012f ko\u0161es, jogurtus, tro\u0161kinius. Puikiai tinka gardinti kalakutienos bei kiaulienos patiekalus. Sudedamosios dalys: Goji uogos, konservantas sieros dioksidas Alergenai: sud\u0117tyje yra sieros dioksido Kilm\u0117s \u0161alis: Kinija Laikymo s\u0105lygos: laikyti sausoje, v\u0117sioje vietoje. Laikymo temperat\u016bra: nuo 5\u00b0C iki 16\u00b0C.<\/p>","protected":false},"featured_media":34734,"template":"","meta":{"_acf_changed":false},"product_brand":[],"product_cat":[42,65],"product_tag":[],"class_list":{"0":"post-11607","1":"product","2":"type-product","3":"status-publish","4":"has-post-thumbnail","6":"product_cat-dziovinti-vaisiai-uogos","7":"product_cat-supermaistas","8":"nt-post-class","9":"","10":"masonry-item","11":"col-lg-6","15":"excerpt-none","19":"first","20":"instock","21":"taxable","22":"shipping-taxable","23":"purchasable","24":"product-type-variable","25":"has-default-attributes","26":"add-to-wishlist-after_add_to_cart"},"acf":[],"_links":{"self":[{"href":"https:\/\/chiaseklos.lt\/en\/wp-json\/wp\/v2\/product\/11607","targetHints":{"allow":["GET"]}}],"collection":[{"href":"https:\/\/chiaseklos.lt\/en\/wp-json\/wp\/v2\/product"}],"about":[{"href":"https:\/\/chiaseklos.lt\/en\/wp-json\/wp\/v2\/types\/product"}],"wp:featuredmedia":[{"embeddable":true,"href":"https:\/\/chiaseklos.lt\/en\/wp-json\/wp\/v2\/media\/34734"}],"wp:attachment":[{"href":"https:\/\/chiaseklos.lt\/en\/wp-json\/wp\/v2\/media?parent=11607"}],"wp:term":[{"taxonomy":"product_brand","embeddable":true,"href":"https:\/\/chiaseklos.lt\/en\/wp-json\/wp\/v2\/product_brand?post=11607"},{"taxonomy":"product_cat","embeddable":true,"href":"https:\/\/chiaseklos.lt\/en\/wp-json\/wp\/v2\/product_cat?post=11607"},{"taxonomy":"product_tag","embeddable":true,"href":"https:\/\/chiaseklos.lt\/en\/wp-json\/wp\/v2\/product_tag?post=11607"}],"curies":[{"name":"wp","href":"https:\/\/api.w.org\/{rel}","templated":true}]}}