{"id":11558,"date":"2019-11-05T13:18:59","date_gmt":"2019-11-05T13:18:59","guid":{"rendered":"https:\/\/chiaseklos.lt\/?post_type=product&#038;p=11558"},"modified":"2025-07-21T06:40:10","modified_gmt":"2025-07-21T06:40:10","slug":"naturalus-nerafinuotas-kakavos-sviestas","status":"publish","type":"product","link":"https:\/\/chiaseklos.lt\/en\/product\/naturalus-nerafinuotas-kakavos-sviestas\/","title":{"rendered":"Nat\u016bralus nerafinuotas kakavos sviestas"},"content":{"rendered":"<p><span style=\"color: #000000;\"><strong>Nat\u016bralus nerafinuotas kakavos sviestas<\/strong>\u00a0Bot.\u00a0<em>Theobroma cacao<\/em><\/span><\/p>\n<p><span style=\"color: #000000;\">Kakavos sviestas\u00a0arba aliejus vertinamas kaip augalinis riebalas, neturintis cholesterolio. Tinka tiek maistui, tiek odai.<\/span><\/p>\n<p><span style=\"color: #000000;\">Turi subtil\u0173 \u0161okolado aromat\u0105 bei skon\u012f. Naudojamas \u0161okoladams, \u012fvairiems kepiniams. Ta\u010diau pla\u010diai naudojamas ir kosmetikoje, odai mink\u0161tinti bei dr\u0117kinti.\u00a0Tai kietos konsistencijos, lengvai l\u016b\u017etantis, \u0161viesiai geltonos spalvos sviestas, tirpsta prie\u00a032\u02daC \u2013 35\u02daC.<\/span><\/p>\n<p><span style=\"color: #000000;\">Kakavos svieste gausu riebal\u0173 r\u016bg\u0161\u010di\u0173, tarp j\u0173 &#8211; ypa\u010d vertingos oleino riebal\u0173 r\u016bg\u0161ties (Omega-9), taip pat nema\u017eai mineral\u0173, vitamin\u0173, antioksidant\u0173.<\/span><\/p>\n<p><span style=\"color: #000000;\">Kakavos sviestas:<\/span><\/p>\n<ul>\n<li><span style=\"color: #000000;\">labai mink\u0161tina od\u0105, padarydamas j\u0105 \u0161velni\u0105 lyg \u0161ilkas;<\/span><\/li>\n<li><span style=\"color: #000000;\">turi raminam\u0173j\u0173 ir regeneruojam\u0173j\u0173 savybi\u0173, stabdo rauk\u0161leli\u0173 susidarym\u0105;<\/span><\/li>\n<li><span style=\"color: #000000;\">labai padeda siekiant i\u0161vengti strij\u0173 susidarymo n\u0117\u0161tumo metu;<\/span><\/li>\n<li><span style=\"color: #000000;\">mink\u0161tina randus, dr\u0117kina saus\u0105, \u0161erpetot\u0105 od\u0105;<\/span><\/li>\n<li><span style=\"color: #000000;\">rekomenduotinas brand\u017eiai, vystan\u010diai, elastingum\u0105 praradusiai odai;<\/span><\/li>\n<li><span style=\"color: #000000;\">d\u0117l malonaus skonio bei aromato puikiai tinka naudoti \u012fvairiems kepiniams, desertams ruo\u0161ti.<\/span><\/li>\n<li><span style=\"color: #000000; font-size: 14.4px;\">nepakei\u010diamas gydant per\u0161alim\u0105 ir gerkl\u0117s skausm\u0105. \u0160auk\u0161telis \u0161io sviesto puodeliui \u0161ilto pieno ar arbatos &#8211; tikrai numal\u0161ins gerkl\u0117s skausm\u0105.<\/span><\/li>\n<\/ul>\n<p><span style=\"color: #000000;\">Sudedamosisos dalys: nat\u016bralus nerafinuotas kakavos sviestas 100%<\/span><\/p>\n<p><span style=\"color: #282828;\">Kilm\u0117s \u0161alis: Ekvadoras\/Gana<\/span><\/p>\n<p><span style=\"color: #000000;\">Laikyti \u0161varioje, sausoje vietoje: +12 &#8211; +20 temp<\/span><\/p>\n<p>&nbsp;<\/p>","protected":false},"excerpt":{"rendered":"<p>Nat\u016bralus nerafinuotas kakavos sviestas\u00a0Bot.\u00a0Theobroma cacao Kakavos sviestas\u00a0arba aliejus vertinamas kaip augalinis riebalas, neturintis cholesterolio. Tinka tiek maistui, tiek odai. Turi subtil\u0173 \u0161okolado aromat\u0105 bei skon\u012f. Naudojamas \u0161okoladams, \u012fvairiems kepiniams. Ta\u010diau pla\u010diai naudojamas ir kosmetikoje, odai mink\u0161tinti bei dr\u0117kinti.\u00a0Tai kietos konsistencijos, lengvai l\u016b\u017etantis, \u0161viesiai geltonos spalvos sviestas, tirpsta prie\u00a032\u02daC \u2013 35\u02daC. Kakavos svieste gausu riebal\u0173 r\u016bg\u0161\u010di\u0173,&#8230;<\/p>","protected":false},"featured_media":11563,"template":"","meta":{"_acf_changed":false},"product_brand":[],"product_cat":[64,67],"product_tag":[],"class_list":{"0":"post-11558","1":"product","2":"type-product","3":"status-publish","4":"has-post-thumbnail","6":"product_cat-naturalios-priemones-odai","7":"product_cat-sviestai-bei-aliejai","8":"nt-post-class","9":"","10":"masonry-item","11":"col-lg-6","15":"excerpt-none","19":"first","20":"instock","21":"taxable","22":"shipping-taxable","23":"purchasable","24":"product-type-variable","25":"add-to-wishlist-after_add_to_cart"},"acf":[],"_links":{"self":[{"href":"https:\/\/chiaseklos.lt\/en\/wp-json\/wp\/v2\/product\/11558","targetHints":{"allow":["GET"]}}],"collection":[{"href":"https:\/\/chiaseklos.lt\/en\/wp-json\/wp\/v2\/product"}],"about":[{"href":"https:\/\/chiaseklos.lt\/en\/wp-json\/wp\/v2\/types\/product"}],"wp:featuredmedia":[{"embeddable":true,"href":"https:\/\/chiaseklos.lt\/en\/wp-json\/wp\/v2\/media\/11563"}],"wp:attachment":[{"href":"https:\/\/chiaseklos.lt\/en\/wp-json\/wp\/v2\/media?parent=11558"}],"wp:term":[{"taxonomy":"product_brand","embeddable":true,"href":"https:\/\/chiaseklos.lt\/en\/wp-json\/wp\/v2\/product_brand?post=11558"},{"taxonomy":"product_cat","embeddable":true,"href":"https:\/\/chiaseklos.lt\/en\/wp-json\/wp\/v2\/product_cat?post=11558"},{"taxonomy":"product_tag","embeddable":true,"href":"https:\/\/chiaseklos.lt\/en\/wp-json\/wp\/v2\/product_tag?post=11558"}],"curies":[{"name":"wp","href":"https:\/\/api.w.org\/{rel}","templated":true}]}}