{"id":11532,"date":"2019-10-30T12:40:31","date_gmt":"2019-10-30T12:40:31","guid":{"rendered":"https:\/\/chiaseklos.lt\/?post_type=product&#038;p=11532"},"modified":"2026-04-17T10:50:15","modified_gmt":"2026-04-17T10:50:15","slug":"spirulinos-milteliai","status":"publish","type":"product","link":"https:\/\/chiaseklos.lt\/en\/product\/spirulinos-milteliai\/","title":{"rendered":"Spirulinos milteliai"},"content":{"rendered":"<p><strong>Spirulinos milteliai<\/strong><\/p>\n<p data-start=\"0\" data-end=\"471\"><strong data-start=\"0\" data-end=\"37\">Spirulina (Arthrospira platensis)<\/strong> \u2013 tai nat\u016bralus \u017ealiai melsvas mikrodumblis, vertinamas d\u0117l savo i\u0161skirtin\u0117s sud\u0117ties ir plataus panaudojimo \u012fvairiose pasaulio virtuv\u0117se. Spirulina nat\u016braliai auga \u0161iltuose vandens telkiniuose ir jau daugel\u012f met\u0173 naudojama kaip maisto produktas \u012fvairiose kult\u016brose. \u0160iandien <strong data-start=\"314\" data-end=\"327\">spirulina<\/strong> yra vienas \u017einomiausi\u0173 mikrodumbli\u0173, kuris da\u017enai pasirenkamas \u017emoni\u0173, siekian\u010di\u0173 pa\u012fvairinti savo kasdien\u0119 mityb\u0105 augalin\u0117s kilm\u0117s produktais.<\/p>\n<p data-start=\"473\" data-end=\"883\">Spirulina pasi\u017eymi ry\u0161kia \u017ealiai melsva spalva, kuri atsiranda d\u0117l nat\u016brali\u0173 pigment\u0173, esan\u010di\u0173 \u0161iame mikrodumblyje. \u0160ie pigmentai, kartu su kitomis nat\u016braliomis med\u017eiagomis, suteikia spirulinai i\u0161skirtin\u0119 i\u0161vaizd\u0105 ir padaro j\u0105 lengvai atpa\u017e\u012fstamu ingredientu. Spirulina da\u017enai naudojama \u012fvairiuose receptuose, kur ji ne tik praturtina patiekalus maistin\u0117mis med\u017eiagomis, bet ir suteikia jiems nat\u016brali\u0105 spalv\u0105.<\/p>\n<p data-start=\"885\" data-end=\"1255\"><strong data-start=\"885\" data-end=\"922\">Spirulina (Arthrospira platensis)<\/strong> pasi\u017eymi turtinga maistine sud\u0117timi. Joje nat\u016braliai yra <strong data-start=\"980\" data-end=\"1035\">augalini\u0173 baltym\u0173, vitamin\u0173 ir mineralini\u0173 med\u017eiag\u0173<\/strong>, kurios b\u016bdingos mikrodumbliams. Spirulinoje taip pat randama <strong data-start=\"1098\" data-end=\"1139\">chlorofilo ir kit\u0173 nat\u016brali\u0173 pigment\u0173<\/strong>, kurie suteikia jai b\u016bding\u0105 spalv\u0105. D\u0117l \u0161ios sud\u0117ties spirulina da\u017enai \u012ftraukiama \u012f \u012fvairi\u0105 ir subalansuot\u0105 mityb\u0105.<\/p>\n<p data-start=\"1257\" data-end=\"1520\">Kadangi spirulina yra <strong data-start=\"1279\" data-end=\"1309\">augalin\u0117s kilm\u0117s produktas<\/strong>, ji tinka <strong data-start=\"1320\" data-end=\"1346\">veganams ir vegetarams<\/strong> bei visiems, kurie renkasi augalin\u0117s kilm\u0117s maist\u0105. Spirulina gali b\u016bti paprastas b\u016bdas papildyti kasdien\u012f racion\u0105 mikrodumbliais ir i\u0161bandyti naujus ingredientus virtuv\u0117je.<\/p>\n<p data-start=\"1522\" data-end=\"1873\"><strong data-start=\"1522\" data-end=\"1535\">Spirulina<\/strong> da\u017eniausiai vartojama \u012fvairiais b\u016bdais. Jei tai yra spirulinos milteliai, juos galima lengvai \u012fmai\u0161yti \u012f <strong data-start=\"1641\" data-end=\"1677\">glotnu\u010dius, kokteilius ar sultis<\/strong>. Taip pat spirulina gali b\u016bti dedama \u012f <strong data-start=\"1717\" data-end=\"1768\">jogurt\u0105, pusry\u010di\u0173 ko\u0161es ar energijos baton\u0117lius<\/strong>. Nedidelis kiekis spirulinos gali suteikti patiekalams ry\u0161kesn\u0119 spalv\u0105 ir papildyti juos mikrodumbliais.<\/p>\n<p data-start=\"1875\" data-end=\"2128\">Spirulina taip pat naudojama ruo\u0161iant \u012fvairius <strong data-start=\"1922\" data-end=\"1974\">sveikuoli\u0161kus desertus, glotnu\u010dius ar u\u017ekand\u017eius<\/strong>. Ji gali b\u016bti derinama su vaisiais, dar\u017eov\u0117mis, s\u0117klomis ar kitais augaliniais ingredientais, tod\u0117l puikiai tinka k\u016brybi\u0161kiems kulinariniams sprendimams.<\/p>\n<p data-start=\"2130\" data-end=\"2394\"><strong data-start=\"2130\" data-end=\"2145\">Vartojimas. <\/strong><\/p>\n<p data-start=\"2130\" data-end=\"2394\">Rekomenduojama paros norma \u2013 apie <strong data-start=\"52\" data-end=\"84\">4 g (1 arbatinis \u0161auk\u0161telis)<\/strong>. Spirulin\u0105 galima \u012fmai\u0161yti \u012f <strong data-start=\"114\" data-end=\"161\">jogurt\u0105, vanden\u012f, vaisi\u0173 ar dar\u017eovi\u0173 sultis<\/strong>, taip pat d\u0117ti \u012f glotnu\u010dius ar kitus m\u0117gstamus g\u0117rimus bei patiekalus. Pradedant vartoti spirulin\u0105 rekomenduojama prad\u0117ti nuo ma\u017eesnio kiekio ir palaipsniui j\u012f didinti. Vartojant spirulin\u0105 patariama <strong data-start=\"361\" data-end=\"386\">gerti daugiau vandens<\/strong>.<\/p>\n<p data-start=\"2396\" data-end=\"2460\"><strong data-start=\"2396\" data-end=\"2419\">Sudedamosios dalys:<\/strong> 100 % spirulina (Arthrospira platensis).<\/p>\n<p data-start=\"2462\" data-end=\"2592\"><strong data-start=\"2462\" data-end=\"2482\">Laikymo s\u0105lygos:<\/strong> laikyti sausoje ir v\u0117sioje vietoje, sandariai u\u017edarytoje pakuot\u0117je, saugoti nuo tiesiogini\u0173 saul\u0117s spinduli\u0173.<\/p>\n<p><strong>Kilm\u0117s \u0161alis<\/strong>: Kinija.<\/p>","protected":false},"excerpt":{"rendered":"<p>Spirulinos milteliai Spirulina (Arthrospira platensis) \u2013 tai nat\u016bralus \u017ealiai melsvas mikrodumblis, vertinamas d\u0117l savo i\u0161skirtin\u0117s sud\u0117ties ir plataus panaudojimo \u012fvairiose pasaulio virtuv\u0117se. Spirulina nat\u016braliai auga \u0161iltuose vandens telkiniuose ir jau daugel\u012f met\u0173 naudojama kaip maisto produktas \u012fvairiose kult\u016brose. \u0160iandien spirulina yra vienas \u017einomiausi\u0173 mikrodumbli\u0173, kuris da\u017enai pasirenkamas \u017emoni\u0173, siekian\u010di\u0173 pa\u012fvairinti savo kasdien\u0119 mityb\u0105 augalin\u0117s kilm\u0117s&#8230;<\/p>","protected":false},"featured_media":34545,"template":"","meta":{"_acf_changed":false},"product_brand":[],"product_cat":[65],"product_tag":[],"class_list":{"0":"post-11532","1":"product","2":"type-product","3":"status-publish","4":"has-post-thumbnail","6":"product_cat-supermaistas","7":"nt-post-class","8":"","9":"masonry-item","10":"col-lg-6","14":"excerpt-none","18":"first","19":"instock","20":"taxable","21":"shipping-taxable","22":"purchasable","23":"product-type-variable","24":"add-to-wishlist-after_add_to_cart"},"acf":[],"_links":{"self":[{"href":"https:\/\/chiaseklos.lt\/en\/wp-json\/wp\/v2\/product\/11532","targetHints":{"allow":["GET"]}}],"collection":[{"href":"https:\/\/chiaseklos.lt\/en\/wp-json\/wp\/v2\/product"}],"about":[{"href":"https:\/\/chiaseklos.lt\/en\/wp-json\/wp\/v2\/types\/product"}],"wp:featuredmedia":[{"embeddable":true,"href":"https:\/\/chiaseklos.lt\/en\/wp-json\/wp\/v2\/media\/34545"}],"wp:attachment":[{"href":"https:\/\/chiaseklos.lt\/en\/wp-json\/wp\/v2\/media?parent=11532"}],"wp:term":[{"taxonomy":"product_brand","embeddable":true,"href":"https:\/\/chiaseklos.lt\/en\/wp-json\/wp\/v2\/product_brand?post=11532"},{"taxonomy":"product_cat","embeddable":true,"href":"https:\/\/chiaseklos.lt\/en\/wp-json\/wp\/v2\/product_cat?post=11532"},{"taxonomy":"product_tag","embeddable":true,"href":"https:\/\/chiaseklos.lt\/en\/wp-json\/wp\/v2\/product_tag?post=11532"}],"curies":[{"name":"wp","href":"https:\/\/api.w.org\/{rel}","templated":true}]}}