{"id":11521,"date":"2019-10-29T08:47:27","date_gmt":"2019-10-29T08:47:27","guid":{"rendered":"https:\/\/chiaseklos.lt\/?post_type=product&#038;p=11521"},"modified":"2026-01-19T11:55:48","modified_gmt":"2026-01-19T11:55:48","slug":"kokosu-traskuciai","status":"publish","type":"product","link":"https:\/\/chiaseklos.lt\/en\/product\/kokosu-traskuciai\/","title":{"rendered":"Kokos\u0173 tra\u0161ku\u010diai"},"content":{"rendered":"<p>Kokos\u0173 tra\u0161ku\u010diai<\/p>\n<p>Kokos\u0173 tra\u0161ku\u010diais pagardinsite \u012fvairiausius desertus, jogurtus, padekoruosite kepinius, salotoms ir kitiems patiekalams gardinti.<\/p>\n<p>Sveikas u\u017ekandis, kuris patiks ir vaikams, ir suaugusiesiems.<\/p>\n<p>Kilm\u0117s \u0161alis: \u0160ri Lanka<\/p>\n<p><span style=\"font-size: 14.4px;\">Sudedamosios dalys: kokosas. Laikyti sausoje, \u0161varioje ir v\u0117sioje vietoje. Laikymo temperat\u016bra: nuo 0\u00b0C iki 25\u00b0C.<\/span>Energin\u0117 ir maistin\u0117 vert\u0117 100g: 659 kcal\/2760 kJ, riebal\u0173 64,5 g, i\u0161 kuri\u0173 so\u010di\u0173j\u0173 riebal\u0173 r\u016bg\u0161\u010di\u0173 57,2 g, angliavandeni\u0173 7,4 g, i\u0161 kuri\u0173 cukr\u0173 7,4 g, baltym\u0173 6,9 g, druskos 0,09 g.<\/p>","protected":false},"excerpt":{"rendered":"<p>Kokos\u0173 tra\u0161ku\u010diai Kokos\u0173 tra\u0161ku\u010diais pagardinsite \u012fvairiausius desertus, jogurtus, padekoruosite kepinius, salotoms ir kitiems patiekalams gardinti. Sveikas u\u017ekandis, kuris patiks ir vaikams, ir suaugusiesiems. Kilm\u0117s \u0161alis: \u0160ri Lanka Sudedamosios dalys: kokosas. Laikyti sausoje, \u0161varioje ir v\u0117sioje vietoje. Laikymo temperat\u016bra: nuo 0\u00b0C iki 25\u00b0C.Energin\u0117 ir maistin\u0117 vert\u0117 100g: 659 kcal\/2760 kJ, riebal\u0173 64,5 g, i\u0161 kuri\u0173 so\u010di\u0173j\u0173&#8230;<\/p>","protected":false},"featured_media":34741,"template":"","meta":{"_acf_changed":false},"product_brand":[],"product_cat":[42,61],"product_tag":[],"class_list":{"0":"post-11521","1":"product","2":"type-product","3":"status-publish","4":"has-post-thumbnail","6":"product_cat-dziovinti-vaisiai-uogos","7":"product_cat-riesutai","8":"nt-post-class","9":"","10":"masonry-item","11":"col-lg-6","15":"excerpt-none","19":"first","20":"outofstock","21":"taxable","22":"shipping-taxable","23":"purchasable","24":"product-type-variable","25":"add-to-wishlist-after_add_to_cart"},"acf":[],"_links":{"self":[{"href":"https:\/\/chiaseklos.lt\/en\/wp-json\/wp\/v2\/product\/11521","targetHints":{"allow":["GET"]}}],"collection":[{"href":"https:\/\/chiaseklos.lt\/en\/wp-json\/wp\/v2\/product"}],"about":[{"href":"https:\/\/chiaseklos.lt\/en\/wp-json\/wp\/v2\/types\/product"}],"wp:featuredmedia":[{"embeddable":true,"href":"https:\/\/chiaseklos.lt\/en\/wp-json\/wp\/v2\/media\/34741"}],"wp:attachment":[{"href":"https:\/\/chiaseklos.lt\/en\/wp-json\/wp\/v2\/media?parent=11521"}],"wp:term":[{"taxonomy":"product_brand","embeddable":true,"href":"https:\/\/chiaseklos.lt\/en\/wp-json\/wp\/v2\/product_brand?post=11521"},{"taxonomy":"product_cat","embeddable":true,"href":"https:\/\/chiaseklos.lt\/en\/wp-json\/wp\/v2\/product_cat?post=11521"},{"taxonomy":"product_tag","embeddable":true,"href":"https:\/\/chiaseklos.lt\/en\/wp-json\/wp\/v2\/product_tag?post=11521"}],"curies":[{"name":"wp","href":"https:\/\/api.w.org\/{rel}","templated":true}]}}