{"id":11515,"date":"2019-10-28T14:04:42","date_gmt":"2019-10-28T14:04:42","guid":{"rendered":"https:\/\/chiaseklos.lt\/?post_type=product&#038;p=11515"},"modified":"2026-03-12T12:05:56","modified_gmt":"2026-03-12T12:05:56","slug":"guaranos-milteliai","status":"publish","type":"product","link":"https:\/\/chiaseklos.lt\/en\/product\/guaranos-milteliai\/","title":{"rendered":"Guaranos milteliai"},"content":{"rendered":"<p><strong>Guaranos milteliai<\/strong><\/p>\n<p data-start=\"258\" data-end=\"682\"><strong data-start=\"258\" data-end=\"279\">Guaranos milteliai<\/strong> \u2013 tai nat\u016bralus augalin\u0117s kilm\u0117s stimuliantas, turintis auk\u0161t\u0105 nat\u016bralaus kofeino kiek\u012f ir pasi\u017eymintis ilgalaikiu energijos poveikiu. Jei ie\u0161kote efektyvios ir nat\u016bralios alternatyvos kavai ar energetiniams g\u0117rimams, <strong data-start=\"498\" data-end=\"519\">guarana <\/strong>yra vienas populiariausi\u0173 pasirinkim\u0173 aktyviems \u017emon\u0117ms. M\u016bs\u0173 si\u016bloma sud\u0117tis \u2013 <strong data-start=\"600\" data-end=\"627\">guaranos milteliai 100%<\/strong>, be joki\u0173 pried\u0173, be u\u017epild\u0173 ir be dirbtini\u0173 med\u017eiag\u0173.<\/p>\n<p data-start=\"684\" data-end=\"1081\">Guarana kilusi i\u0161 Amazon\u0117s regiono ir tradici\u0161kai naudojama kaip energij\u0105 bei budrum\u0105 didinantis augalas. Skirtingai nei kava, guaranos kofeinas i\u0161siskiria l\u0117\u010diau, tod\u0117l energija suteikiama ilgesniam laikui ir i\u0161vengiama staigaus \u201ekritimo\u201c poj\u016b\u010dio. D\u0117l \u0161ios savyb\u0117s <strong data-start=\"950\" data-end=\"971\">guarana milteliai<\/strong> yra vertinami sportuojan\u010di\u0173, dirban\u010di\u0173 intensyv\u0173 protin\u012f darb\u0105 ir aktyv\u0173 gyvenimo b\u016bd\u0105 propaguojan\u010di\u0173 \u017emoni\u0173.<\/p>\n<h4 data-start=\"1083\" data-end=\"1100\">Guarana nauda.\u00a0Guarana gali pad\u0117ti:<\/h4>\n<ul data-start=\"1122\" data-end=\"1292\">\n<li data-start=\"1122\" data-end=\"1156\">\n<p data-start=\"1124\" data-end=\"1156\">ma\u017einti nuovarg\u012f ir mieguistum\u0105,<\/p>\n<\/li>\n<li data-start=\"1157\" data-end=\"1196\">\n<p data-start=\"1159\" data-end=\"1196\">gerinti koncentracij\u0105 ir susikaupim\u0105,<\/p>\n<\/li>\n<li data-start=\"1197\" data-end=\"1241\">\n<p data-start=\"1199\" data-end=\"1241\">didinti fizin\u012f paj\u0117gum\u0105 prie\u0161 treniruotes,<\/p>\n<\/li>\n<li data-start=\"1242\" data-end=\"1292\">\n<p data-start=\"1244\" data-end=\"1292\">palaikyti energijos balans\u0105 kasdien\u0117je veikloje.<\/p>\n<\/li>\n<\/ul>\n<h4 data-start=\"1549\" data-end=\"1574\">Kaip vartoti guaran\u0105?<\/h4>\n<p data-start=\"0\" data-end=\"325\">Guarana milteliai gali b\u016bti lengvai \u012fmai\u0161omi \u012f \u012fvairius g\u0117rimus ir maisto produktus. Produktas tinkamas mai\u0161yti su kokteiliais, baltyminiais g\u0117rimais, sultimis bei augaliniais pieno g\u0117rimais. Taip pat juos galima \u012fmai\u0161yti \u012f kavos alternatyvas, matcha g\u0117rimus ar kitus funkcinius g\u0117rimus siekiant papildomo energijos poveikio.<\/p>\n<p data-start=\"327\" data-end=\"668\">Guaranos milteliai gali b\u016bti naudojami \u012fmai\u0161ant juos \u012f avi\u017ein\u0119 ko\u0161\u0119, jogurt\u0105, chia s\u0117kl\u0173 puding\u0105 ar kitus pusry\u010di\u0173 patiekalus. Jie taip pat tinkami mai\u0161yti su maisto papild\u0173 mi\u0161iniais, baltyminiais desertais ar energiniais u\u017ekand\u017eiais. D\u0117l smulkios milteli\u0173 tekst\u016bros produktas lengvai disperguojasi ir nesudaro gumul\u0117li\u0173 tinkamai i\u0161mai\u0161ius.<\/p>\n<p data-start=\"670\" data-end=\"934\" data-is-last-node=\"\" data-is-only-node=\"\">Siekiant optimalaus poveikio, rekomenduojama guaranos miltelius gerai i\u0161mai\u0161yti skystyje ar maisto produkte prie\u0161 vartojim\u0105. Produktas gali b\u016bti derinamas su kitais nat\u016braliais ingredientais, ta\u010diau reik\u0117t\u0173 atsi\u017evelgti \u012f bendr\u0105 suvartojamo kofeino kiek\u012f per dien\u0105.<\/p>\n<p data-start=\"0\" data-end=\"387\">Rekomenduojama doz\u0117: prad\u0117ti nuo 0,5 g \u2013 1 g per dien\u0105 ir steb\u0117ti individuali\u0105 organizmo reakcij\u0105. Tai leid\u017eia \u012fvertinti tolerancij\u0105 nat\u016braliam kofeinui ir palaipsniui, jei reikia, didinti doz\u0119. Vidutin\u0117 rekomenduojama paros doz\u0117 yra 1 g \u2013 3 g. Vienkartin\u0117 doz\u0117 netur\u0117t\u0173 vir\u0161yti 3 g. Nerekomenduojama vir\u0161yti 3\u20135 g per dien\u0105, nebent kitaip rekomenduoja sveikatos prie\u017ei\u016bros specialistas.<\/p>\n<p data-start=\"389\" data-end=\"692\">Guarana milteliai turi nat\u016bralaus kofeino, tod\u0117l produktas pasi\u017eymi stimuliuojan\u010diu poveikiu. D\u0117l \u0161ios prie\u017easties rekomenduojama vartoti ryte arba pirmoje dienos pus\u0117je, prie\u0161 fizin\u012f kr\u016bv\u012f ar intensyv\u0173 protin\u012f darb\u0105. Vartojimas vakare gali tur\u0117ti \u012ftakos miego kokybei, tod\u0117l tokio laiko reik\u0117t\u0173 vengti.<\/p>\n<p data-start=\"694\" data-end=\"891\" data-is-last-node=\"\" data-is-only-node=\"\">Produktas skirtas vartoti saikingai, laikantis rekomenduojam\u0173 dozi\u0173. Individualus jautrumas kofeinui gali skirtis, tod\u0117l dozavimas tur\u0117t\u0173 b\u016bti pritaikomas pagal asmeninius poreikius ir tolerancij\u0105.<\/p>\n<p>Sudedamosios dalys: guaranos milteliai\u00a0100%.<\/p>\n<p>Energin\u0117 ir maistin\u0117 vert\u0117 100g: 322 kcal\/1350 kJ, riebal\u0173 2,9 g, i\u0161 kuri\u0173 so\u010di\u0173j\u0173 riebal\u0173 r\u016bg\u0161\u010di\u0173 0,5 g, angliavandeni\u0173 47 g, i\u0161 kuri\u0173 cukr\u0173 2,2 g, baltym\u0173 14 g, druskos 0 g.<\/p>\n<p>Kilm\u0117s \u0161alis: Brazilija<\/p>\n<p>&nbsp;<\/p>","protected":false},"excerpt":{"rendered":"<p>Guaranos milteliai Guaranos milteliai \u2013 tai nat\u016bralus augalin\u0117s kilm\u0117s stimuliantas, turintis auk\u0161t\u0105 nat\u016bralaus kofeino kiek\u012f ir pasi\u017eymintis ilgalaikiu energijos poveikiu. Jei ie\u0161kote efektyvios ir nat\u016bralios alternatyvos kavai ar energetiniams g\u0117rimams, guarana yra vienas populiariausi\u0173 pasirinkim\u0173 aktyviems \u017emon\u0117ms. M\u016bs\u0173 si\u016bloma sud\u0117tis \u2013 guaranos milteliai 100%, be joki\u0173 pried\u0173, be u\u017epild\u0173 ir be dirbtini\u0173 med\u017eiag\u0173. Guarana kilusi&#8230;<\/p>","protected":false},"featured_media":11518,"template":"","meta":{"_acf_changed":false},"product_brand":[],"product_cat":[65],"product_tag":[],"class_list":{"0":"post-11515","1":"product","2":"type-product","3":"status-publish","4":"has-post-thumbnail","6":"product_cat-supermaistas","7":"nt-post-class","8":"","9":"masonry-item","10":"col-lg-6","14":"excerpt-none","18":"first","19":"instock","20":"taxable","21":"shipping-taxable","22":"purchasable","23":"product-type-variable","24":"add-to-wishlist-after_add_to_cart"},"acf":[],"_links":{"self":[{"href":"https:\/\/chiaseklos.lt\/en\/wp-json\/wp\/v2\/product\/11515","targetHints":{"allow":["GET"]}}],"collection":[{"href":"https:\/\/chiaseklos.lt\/en\/wp-json\/wp\/v2\/product"}],"about":[{"href":"https:\/\/chiaseklos.lt\/en\/wp-json\/wp\/v2\/types\/product"}],"wp:featuredmedia":[{"embeddable":true,"href":"https:\/\/chiaseklos.lt\/en\/wp-json\/wp\/v2\/media\/11518"}],"wp:attachment":[{"href":"https:\/\/chiaseklos.lt\/en\/wp-json\/wp\/v2\/media?parent=11515"}],"wp:term":[{"taxonomy":"product_brand","embeddable":true,"href":"https:\/\/chiaseklos.lt\/en\/wp-json\/wp\/v2\/product_brand?post=11515"},{"taxonomy":"product_cat","embeddable":true,"href":"https:\/\/chiaseklos.lt\/en\/wp-json\/wp\/v2\/product_cat?post=11515"},{"taxonomy":"product_tag","embeddable":true,"href":"https:\/\/chiaseklos.lt\/en\/wp-json\/wp\/v2\/product_tag?post=11515"}],"curies":[{"name":"wp","href":"https:\/\/api.w.org\/{rel}","templated":true}]}}