{"id":11511,"date":"2019-10-28T13:48:49","date_gmt":"2019-10-28T13:48:49","guid":{"rendered":"https:\/\/chiaseklos.lt\/?post_type=product&#038;p=11511"},"modified":"2026-04-09T06:39:15","modified_gmt":"2026-04-09T06:39:15","slug":"ceilono-cinamonas-maltas","status":"publish","type":"product","link":"https:\/\/chiaseklos.lt\/en\/product\/ceilono-cinamonas-maltas\/","title":{"rendered":"Ceilono Cinamonas maltas"},"content":{"rendered":"<h4 data-section-id=\"maceqg\" data-start=\"169\" data-end=\"213\">Ceilono Cinamonas Maltas \u2013 100 % nat\u016bralus<\/h4>\n<p data-section-id=\"odm2w4\" data-start=\"215\" data-end=\"267\"><span style=\"font-size: 16px;\">Ceilono cinamonas maltas yra i\u0161skirtin\u0117s kokyb\u0117s prieskonis, kurio t\u0117vyn\u0117 \u2013 Ceilonas (\u0160ri Lanka). \u0160is cinamonas gars\u0117ja \u0161velniu, sald\u017eiu, \u0161iek tiek kar\u0161t\u0173 ir pikanti\u0161k\u0173 nat\u0173 skoniu bei \u012fsimintinu aromatu, kuris puikiai praturtina \u012fvairius patiekalus. Tai nat\u016bralus prieskonis, kurio sud\u0117tyje n\u0117ra joki\u0173 pried\u0173 ar dirbtini\u0173 med\u017eiag\u0173 \u2013 100 % Ceilono cinamonas.<\/span><\/p>\n<p data-start=\"628\" data-end=\"843\">Maltas cinamonas yra universalus prieskonis, tinkantis tiek saldiems, tiek s\u016briems patiekalams. Jo aromatas yra pakankamai intensyvus, tod\u0117l net nedidelis kiekis gali suteikti patiekalui i\u0161skirtin\u0119 skonio dimensij\u0105.<\/p>\n<h4 data-section-id=\"31a1ac\" data-start=\"850\" data-end=\"883\">Kaip naudoti Ceilono cinamon\u0105?<\/h4>\n<p data-start=\"885\" data-end=\"971\">Ceilono cinamonas puikiai tinka \u012fvairiems patiekalams ir kulinariniams eksperimentams:<\/p>\n<ul data-start=\"973\" data-end=\"1291\">\n<li data-section-id=\"zoetci\" data-start=\"973\" data-end=\"1025\">\n<p data-start=\"975\" data-end=\"1025\">Gardinti ry\u017eius, kruopas ir ank\u0161tinius produktus<\/p>\n<\/li>\n<li data-section-id=\"php3t\" data-start=\"1026\" data-end=\"1074\">\n<p data-start=\"1028\" data-end=\"1074\">Pagardinti dar\u017eovi\u0173 patiekalus ar u\u017ekand\u017eius<\/p>\n<\/li>\n<li data-section-id=\"1h3kbrk\" data-start=\"1075\" data-end=\"1134\">\n<p data-start=\"1077\" data-end=\"1134\">Naudoti pada\u017euose, pada\u017euose, pada\u017euose ar tro\u0161kiniuose<\/p>\n<\/li>\n<li data-section-id=\"vfghhr\" data-start=\"1135\" data-end=\"1207\">\n<p data-start=\"1137\" data-end=\"1207\">\u012ed\u0117ti \u012f sald\u017eiuosius kepinius, pyragus, desertus ar gardinti g\u0117rimus<\/p>\n<\/li>\n<li data-section-id=\"1720cpd\" data-start=\"1208\" data-end=\"1291\">\n<p data-start=\"1210\" data-end=\"1291\">Pakeisti dal\u012f cukraus receptuose, suteikiant nat\u016bral\u0173 saldumo ir aromato efekt\u0105<\/p>\n<\/li>\n<\/ul>\n<p data-start=\"1293\" data-end=\"1527\">Cinamonas yra puikus priedas prie kavos, arbatos, kokteili\u0173 ar kar\u0161t\u0173 g\u0117rim\u0173, suteikiantis \u0161velnaus saldumo ir pikanti\u0161ko aromato. Jo universali panaudojimo galimyb\u0117 leid\u017eia eksperimentuoti tiek tradicin\u0117je, tiek modernioje virtuv\u0117je.<\/p>\n<p data-start=\"1564\" data-end=\"1622\"><strong data-start=\"1564\" data-end=\"1587\">Sudedamosios dalys:<\/strong><br data-start=\"1587\" data-end=\"1590\" \/>100 % Ceilono cinamonas maltas<\/p>\n<p data-start=\"1624\" data-end=\"1653\"><strong data-start=\"1624\" data-end=\"1651\">Maistin\u0117 vert\u0117 (100 g):<\/strong><\/p>\n<ul data-start=\"1654\" data-end=\"1801\">\n<li data-section-id=\"f7uko3\" data-start=\"1654\" data-end=\"1692\">\n<p data-start=\"1656\" data-end=\"1692\">Energin\u0117 vert\u0117: 247 kcal \/ 1232 kJ<\/p>\n<\/li>\n<li data-section-id=\"ynqa8n\" data-start=\"1693\" data-end=\"1713\">\n<p data-start=\"1695\" data-end=\"1713\">Riebalai: 1,24 g<\/p>\n<\/li>\n<li data-section-id=\"14q9pez\" data-start=\"1714\" data-end=\"1742\">\n<p data-start=\"1716\" data-end=\"1742\">Angliavandeniai: 50,59 g<\/p>\n<\/li>\n<li data-section-id=\"8l9gp9\" data-start=\"1743\" data-end=\"1763\">\n<p data-start=\"1745\" data-end=\"1763\">Baltymai: 3,99 g<\/p>\n<\/li>\n<li data-section-id=\"8x03fj\" data-start=\"1764\" data-end=\"1785\">\n<p data-start=\"1766\" data-end=\"1785\">Skaidulos: 53,1 g<\/p>\n<\/li>\n<li data-section-id=\"1cxhxkv\" data-start=\"1786\" data-end=\"1801\">\n<p data-start=\"1788\" data-end=\"1801\">Druska: 0 g<\/p>\n<\/li>\n<\/ul>\n<p data-start=\"1803\" data-end=\"2001\">Ceilono cinamonas suteikia nat\u016brali\u0105 skonio intensyvum\u0105 be prid\u0117tinio cukraus ar druskos. Jis gali praturtinti patiekalus aromatu, o didelis skaidul\u0173 kiekis prisideda prie nat\u016bralios mitybos vert\u0117s.<\/p>\n<h4 data-section-id=\"1hh2gvd\" data-start=\"2008\" data-end=\"2026\">Laikymo s\u0105lygos<\/h4>\n<p data-section-id=\"1hh2gvd\" data-start=\"2008\" data-end=\"2026\">Ceilono cinamon\u0105 rekomenduojama laikyti sausoje, v\u0117sioje vietoje, saugant nuo dr\u0117gm\u0117s ir tiesiogini\u0173 saul\u0117s spinduli\u0173.<\/p>\n<p data-start=\"2315\" data-end=\"2754\">Ceilono cinamonas maltas \u2013 tai nat\u016bralus, auk\u0161tos kokyb\u0117s prieskonis, kurio aromatas ir skonis puikiai tinka \u012fvairiems patiekalams. Jo universali panaudojimo galimyb\u0117 leid\u017eia gardinti tiek tradicinius, tiek modernius patiekalus. Produktas yra 100 % nat\u016bralus, be pried\u0173, tod\u0117l tai saugus ir patikimas pasirinkimas kasdieninei kulinarijai. Cinamonas suteikia galimyb\u0119 suma\u017einti cukraus kiek\u012f receptuose, tuo pa\u010diu pagerinant skon\u012f.<\/p>\n<p><span style=\"color: #000000;\">Kilm\u0117s \u0161alis: Madagaskaras\/\u0160ri Lanka\/Tanzanija<\/span><\/p>","protected":false},"excerpt":{"rendered":"<p>Ceilono Cinamonas Maltas \u2013 100 % nat\u016bralus Ceilono cinamonas maltas yra i\u0161skirtin\u0117s kokyb\u0117s prieskonis, kurio t\u0117vyn\u0117 \u2013 Ceilonas (\u0160ri Lanka). \u0160is cinamonas gars\u0117ja \u0161velniu, sald\u017eiu, \u0161iek tiek kar\u0161t\u0173 ir pikanti\u0161k\u0173 nat\u0173 skoniu bei \u012fsimintinu aromatu, kuris puikiai praturtina \u012fvairius patiekalus. Tai nat\u016bralus prieskonis, kurio sud\u0117tyje n\u0117ra joki\u0173 pried\u0173 ar dirbtini\u0173 med\u017eiag\u0173 \u2013 100 % Ceilono&#8230;<\/p>","protected":false},"featured_media":11514,"template":"","meta":{"_acf_changed":false},"product_brand":[],"product_cat":[68],"product_tag":[],"class_list":{"0":"post-11511","1":"product","2":"type-product","3":"status-publish","4":"has-post-thumbnail","6":"product_cat-prieskoniai","7":"nt-post-class","8":"","9":"masonry-item","10":"col-lg-6","14":"excerpt-none","18":"first","19":"instock","20":"sale","21":"taxable","22":"shipping-taxable","23":"purchasable","24":"product-type-variable","25":"add-to-wishlist-after_add_to_cart"},"acf":[],"_links":{"self":[{"href":"https:\/\/chiaseklos.lt\/en\/wp-json\/wp\/v2\/product\/11511","targetHints":{"allow":["GET"]}}],"collection":[{"href":"https:\/\/chiaseklos.lt\/en\/wp-json\/wp\/v2\/product"}],"about":[{"href":"https:\/\/chiaseklos.lt\/en\/wp-json\/wp\/v2\/types\/product"}],"wp:featuredmedia":[{"embeddable":true,"href":"https:\/\/chiaseklos.lt\/en\/wp-json\/wp\/v2\/media\/11514"}],"wp:attachment":[{"href":"https:\/\/chiaseklos.lt\/en\/wp-json\/wp\/v2\/media?parent=11511"}],"wp:term":[{"taxonomy":"product_brand","embeddable":true,"href":"https:\/\/chiaseklos.lt\/en\/wp-json\/wp\/v2\/product_brand?post=11511"},{"taxonomy":"product_cat","embeddable":true,"href":"https:\/\/chiaseklos.lt\/en\/wp-json\/wp\/v2\/product_cat?post=11511"},{"taxonomy":"product_tag","embeddable":true,"href":"https:\/\/chiaseklos.lt\/en\/wp-json\/wp\/v2\/product_tag?post=11511"}],"curies":[{"name":"wp","href":"https:\/\/api.w.org\/{rel}","templated":true}]}}