{"id":11499,"date":"2019-10-28T09:29:09","date_gmt":"2019-10-28T09:29:09","guid":{"rendered":"https:\/\/chiaseklos.lt\/?post_type=product&#038;p=11499"},"modified":"2024-05-30T12:38:49","modified_gmt":"2024-05-30T12:38:49","slug":"nerafinuotas-sviestmedzio-sviestas-100-naturalus-pakuote-maiselyje","status":"publish","type":"product","link":"https:\/\/chiaseklos.lt\/en\/product\/nerafinuotas-sviestmedzio-sviestas-100-naturalus-pakuote-maiselyje\/","title":{"rendered":"Nerafinuotas sviestmed\u017eio sviestas (taukmedis), 100% nat\u016bralus. Pakuot\u0117 mai\u0161elyje"},"content":{"rendered":"<p><strong>Nerafinuotas sviestmed\u017eio sviestas (taukmedis), 100% nat\u016bralus<\/strong><\/p>\n<p>Sviest\u0173 karaliumi vadinamas nat\u016bralus sviestmed\u017eio sviestas \u2014 tai ypatinga kosmetikos priemon\u0117, nat\u016braliai i\u0161gauta i\u0161 sviestmed\u017eio rie\u0161ut\u0173 ir turtinga riebal\u0173 r\u016bg\u0161\u010di\u0173, kurios daug prana\u0161esn\u0117s nei kitos sviesto ar augalinio aliejaus r\u016b\u0161ys. \u0160is sviestas ramina, intensyviai dr\u0117kina ir maitina od\u0105, apsaugo j\u0105 nuo ultravioletini\u0173 saul\u0117s spinduli\u0173 ir \u0161al\u010dio, tad jis Jums pravers tiek \u017eiem\u0105, tiek vasar\u0105!<\/p>\n<p>Sviestmed\u017eio\u00a0sviestas gali b\u016bti naudojamas:<\/p>\n<ul>\n<li>veido bei k\u016bno odai dr\u0117kinti ir maitinti;<\/li>\n<li>odos dr\u0117gm\u0117s balansui atstatyti po saul\u0117s voni\u0173 ar nu\u0161alus;<\/li>\n<li>sausos ir pleiskanojan\u010dios odos prie\u017ei\u016brai;<\/li>\n<li>plauk\u0173 augimui skatinti, j\u0173 \u0161velninimui bei gyvybingumui palaikyti;<\/li>\n<li>tinka rand\u0173 prevencijai;<\/li>\n<li>vaik\u0173 ir k\u016bdiki\u0173 odos prie\u017ei\u016brai;<\/li>\n<li>strij\u0173 prevencijai n\u0117\u0161tumo metu;<\/li>\n<li>odos d\u0117mi\u0173, spuog\u0173, rand\u0173 bei rauk\u0161li\u0173 ma\u017einimui;<\/li>\n<li>norint su\u0161velninti od\u0105 po skutimosi;<\/li>\n<li>k\u016bno masa\u017eams.<\/li>\n<\/ul>\n<p>Sviestmed\u017eio sviesto reikia labai nedaug \u2014 pakanka ma\u017e\u0105 jo gabal\u0117l\u012f i\u0161trinti tarp deln\u0173 ir juo pasitepti kart\u0105 per dien\u0105, taigi \u0161io produkto u\u017eteks tikrai ilgam!<\/p>\n<p>Sviest\u0105 ypa\u010d\u00a0<strong>rekomenduojama naudoti sausos, senstan\u010dios ir sudirgusios odos prie\u017ei\u016brai, taip pat gydant odos ligas (egzem\u0105, psoriaz\u0119, dermatit\u0105)<\/strong>. Sviestmed\u017eio sviestas palengva tirpsta ant odos, labai gerai ir greitai \u012fsigeria, be to, turi konservuojan\u010di\u0173 ir bakterijas naikinan\u010di\u0173 savybi\u0173, tod\u0117l ilgai negenda.<br \/>\n<strong>D\u0117mesio slidininkams:<\/strong>\u00a0\u0161is sviestas ne tik apsaugos od\u0105 nuo v\u0117jo ir \u0161al\u010dio, bet ir nuo UV spinduli\u0173 \u2014 SPF 3\u20146.<\/p>\n<p>Produkto kilm\u0117s \u0161alis \u2014 Gana.<\/p>\n<p>Pakuot\u0117 mai\u0161elyje.<\/p>","protected":false},"excerpt":{"rendered":"<p>Nerafinuotas sviestmed\u017eio sviestas (taukmedis), 100% nat\u016bralus Sviest\u0173 karaliumi vadinamas nat\u016bralus sviestmed\u017eio sviestas \u2014 tai ypatinga kosmetikos priemon\u0117, nat\u016braliai i\u0161gauta i\u0161 sviestmed\u017eio rie\u0161ut\u0173 ir turtinga riebal\u0173 r\u016bg\u0161\u010di\u0173, kurios daug prana\u0161esn\u0117s nei kitos sviesto ar augalinio aliejaus r\u016b\u0161ys. \u0160is sviestas ramina, intensyviai dr\u0117kina ir maitina od\u0105, apsaugo j\u0105 nuo ultravioletini\u0173 saul\u0117s spinduli\u0173 ir \u0161al\u010dio, tad jis Jums&#8230;<\/p>","protected":false},"featured_media":11500,"template":"","meta":{"_acf_changed":false},"product_brand":[],"product_cat":[64,67],"product_tag":[],"class_list":{"0":"post-11499","1":"product","2":"type-product","3":"status-publish","4":"has-post-thumbnail","6":"product_cat-naturalios-priemones-odai","7":"product_cat-sviestai-bei-aliejai","8":"nt-post-class","9":"","10":"masonry-item","11":"col-lg-6","15":"excerpt-none","19":"first","20":"instock","21":"taxable","22":"shipping-taxable","23":"purchasable","24":"product-type-variable","25":"add-to-wishlist-after_add_to_cart"},"acf":[],"_links":{"self":[{"href":"https:\/\/chiaseklos.lt\/en\/wp-json\/wp\/v2\/product\/11499","targetHints":{"allow":["GET"]}}],"collection":[{"href":"https:\/\/chiaseklos.lt\/en\/wp-json\/wp\/v2\/product"}],"about":[{"href":"https:\/\/chiaseklos.lt\/en\/wp-json\/wp\/v2\/types\/product"}],"wp:featuredmedia":[{"embeddable":true,"href":"https:\/\/chiaseklos.lt\/en\/wp-json\/wp\/v2\/media\/11500"}],"wp:attachment":[{"href":"https:\/\/chiaseklos.lt\/en\/wp-json\/wp\/v2\/media?parent=11499"}],"wp:term":[{"taxonomy":"product_brand","embeddable":true,"href":"https:\/\/chiaseklos.lt\/en\/wp-json\/wp\/v2\/product_brand?post=11499"},{"taxonomy":"product_cat","embeddable":true,"href":"https:\/\/chiaseklos.lt\/en\/wp-json\/wp\/v2\/product_cat?post=11499"},{"taxonomy":"product_tag","embeddable":true,"href":"https:\/\/chiaseklos.lt\/en\/wp-json\/wp\/v2\/product_tag?post=11499"}],"curies":[{"name":"wp","href":"https:\/\/api.w.org\/{rel}","templated":true}]}}