{"id":11481,"date":"2019-10-26T08:43:05","date_gmt":"2019-10-26T08:43:05","guid":{"rendered":"http:\/\/chiaseklos.lt\/?post_type=product&#038;p=11481"},"modified":"2025-11-24T18:38:29","modified_gmt":"2025-11-24T18:38:29","slug":"ceilono-cinamono-lazdeles","status":"publish","type":"product","link":"https:\/\/chiaseklos.lt\/en\/product\/ceilono-cinamono-lazdeles\/","title":{"rendered":"Ceilono cinamono lazdel\u0117s 30g"},"content":{"rendered":"<p>Ceilono cinamono lazdel\u0117s 30g<\/p>\n<p>Ceilono cinamono t\u0117vyn\u0117 \u2013 Ceilonas, \u0160ri Lanka.. Cinamono aromatas yra \u012fsimenantis, kar\u0161tas, pikanti\u0161kas, skonis \u2013 saldus.<\/p>\n<p>Cinamono dedama \u012f ry\u017ei\u0173, kit\u0173 kruop\u0173, ank\u0161tini\u0173, dar\u017eovi\u0173 patiekalus, u\u017ekand\u017eius, pada\u017eus, sald\u017eiuosius patiekalus. Taip galima cinamonu galima pakeisti cukr\u0173.<\/p>\n<p>Veikia kaip antioksidantas;<\/p>\n<p>* Kovoja su grybelin\u0117mis infekcijomis;<\/p>\n<p>* Ma\u017eina cholesterol\u012f;<\/p>\n<p>* Stiprina imunin\u0119 sistem\u0105 (medus su cinamonu);<\/p>\n<p>* Aktyvina kraujotak\u0105;<\/p>\n<p>* Gerina bei subalansuoja vir\u0161kinim\u0105, stiprina \u0161ird\u012f (pagal ajurved\u0105).<\/p>\n<p>Maistin\u0117 vert\u0117 100 g: 247 kcal\/1232 kJ, riebal\u0173 1,24 g, angliavandeni\u0173 50,59 g, baltym\u0173 3,99 g, skaidulos 53,1 g.; druska 0.<\/p>\n<p>Laikymo s\u0105lygos \u2013 laikyti sausoje, v\u0117sioje vietoje.<\/p>\n<p>Sud\u0117tis: Ceilono cinamono lazdel\u0117s 100%<\/p>\n<p>Kilm\u0117s \u0161alis: \u0160ri Lanka<\/p>","protected":false},"excerpt":{"rendered":"<p>Ceilono cinamono lazdel\u0117s 30g Ceilono cinamono t\u0117vyn\u0117 \u2013 Ceilonas, \u0160ri Lanka.. Cinamono aromatas yra \u012fsimenantis, kar\u0161tas, pikanti\u0161kas, skonis \u2013 saldus. Cinamono dedama \u012f ry\u017ei\u0173, kit\u0173 kruop\u0173, ank\u0161tini\u0173, dar\u017eovi\u0173 patiekalus, u\u017ekand\u017eius, pada\u017eus, sald\u017eiuosius patiekalus. Taip galima cinamonu galima pakeisti cukr\u0173. Veikia kaip antioksidantas; * Kovoja su grybelin\u0117mis infekcijomis; * Ma\u017eina cholesterol\u012f; * Stiprina imunin\u0119 sistem\u0105 (medus&#8230;<\/p>","protected":false},"featured_media":11483,"template":"","meta":{"_acf_changed":false},"product_brand":[],"product_cat":[68],"product_tag":[],"class_list":{"0":"post-11481","1":"product","2":"type-product","3":"status-publish","4":"has-post-thumbnail","6":"product_cat-prieskoniai","7":"nt-post-class","8":"","9":"masonry-item","10":"col-lg-6","14":"excerpt-none","18":"first","19":"instock","20":"taxable","21":"shipping-taxable","22":"purchasable","23":"product-type-variable","24":"add-to-wishlist-after_add_to_cart"},"acf":[],"_links":{"self":[{"href":"https:\/\/chiaseklos.lt\/en\/wp-json\/wp\/v2\/product\/11481","targetHints":{"allow":["GET"]}}],"collection":[{"href":"https:\/\/chiaseklos.lt\/en\/wp-json\/wp\/v2\/product"}],"about":[{"href":"https:\/\/chiaseklos.lt\/en\/wp-json\/wp\/v2\/types\/product"}],"wp:featuredmedia":[{"embeddable":true,"href":"https:\/\/chiaseklos.lt\/en\/wp-json\/wp\/v2\/media\/11483"}],"wp:attachment":[{"href":"https:\/\/chiaseklos.lt\/en\/wp-json\/wp\/v2\/media?parent=11481"}],"wp:term":[{"taxonomy":"product_brand","embeddable":true,"href":"https:\/\/chiaseklos.lt\/en\/wp-json\/wp\/v2\/product_brand?post=11481"},{"taxonomy":"product_cat","embeddable":true,"href":"https:\/\/chiaseklos.lt\/en\/wp-json\/wp\/v2\/product_cat?post=11481"},{"taxonomy":"product_tag","embeddable":true,"href":"https:\/\/chiaseklos.lt\/en\/wp-json\/wp\/v2\/product_tag?post=11481"}],"curies":[{"name":"wp","href":"https:\/\/api.w.org\/{rel}","templated":true}]}}