{"id":11460,"date":"2019-10-26T07:58:42","date_gmt":"2019-10-26T07:58:42","guid":{"rendered":"http:\/\/chiaseklos.lt\/?post_type=product&#038;p=11460"},"modified":"2026-02-23T09:22:10","modified_gmt":"2026-02-23T09:22:10","slug":"naturalus-dziovinti-abrikosai","status":"publish","type":"product","link":"https:\/\/chiaseklos.lt\/en\/product\/naturalus-dziovinti-abrikosai\/","title":{"rendered":"Nat\u016bral\u016bs d\u017eiovinti abrikosai"},"content":{"rendered":"<p><strong>Nat\u016bral\u016bs d\u017eiovinti abrikosai<\/strong><\/p>\n<p>d\u017eiovinti abrikosai &#8211; labai gardus bei saldus u\u017ekandis skanumyn\u0173 m\u0117g\u0117jams! \u0160ie abrikosai yra nat\u016braliai d\u017eiovinti, be prid\u0117tinio cukraus.<\/p>\n<p>Tinka skanauti vienus arba gardinti desertus, \u012fvairius kepinius.<\/p>\n<p>Energin\u0117 ir maistin\u0117 vert\u0117 100 g: 241 kcal\/1008 kJ, riebal\u0173 0,8 g, i\u0161 kuri\u0173 so\u010di\u0173j\u0173 riebal\u0173 r\u016bg\u0161\u010di\u0173 0 g, angliavandeni\u0173 58.9 g, i\u0161 kuri\u0173 cukr\u0173 28,8 g, baltym\u0173 1,5 g, druskos 0 g.<\/p>\n<p>Sudedamosios dalys: 99,96% abrikosai, konservantas sieros dioksidas 0,04%.<\/p>\n<p>Laikyti sausoje, \u0161varioje ir v\u0117sioje vietoje. Laikymo temperat\u016bra: nuo 0\u00b0C iki 25\u00b0C.<\/p>\n<p>Kilm\u0117s \u0161alis: Turkija\/Uzbekistanas<\/p>","protected":false},"excerpt":{"rendered":"<p>Nat\u016bral\u016bs d\u017eiovinti abrikosai d\u017eiovinti abrikosai &#8211; labai gardus bei saldus u\u017ekandis skanumyn\u0173 m\u0117g\u0117jams! \u0160ie abrikosai yra nat\u016braliai d\u017eiovinti, be prid\u0117tinio cukraus. Tinka skanauti vienus arba gardinti desertus, \u012fvairius kepinius. Energin\u0117 ir maistin\u0117 vert\u0117 100 g: 241 kcal\/1008 kJ, riebal\u0173 0,8 g, i\u0161 kuri\u0173 so\u010di\u0173j\u0173 riebal\u0173 r\u016bg\u0161\u010di\u0173 0 g, angliavandeni\u0173 58.9 g, i\u0161 kuri\u0173 cukr\u0173 28,8&#8230;<\/p>","protected":false},"featured_media":34550,"template":"","meta":{"_acf_changed":false},"product_brand":[],"product_cat":[42],"product_tag":[],"class_list":{"0":"post-11460","1":"product","2":"type-product","3":"status-publish","4":"has-post-thumbnail","6":"product_cat-dziovinti-vaisiai-uogos","7":"nt-post-class","8":"","9":"masonry-item","10":"col-lg-6","14":"excerpt-none","18":"first","19":"instock","20":"taxable","21":"shipping-taxable","22":"purchasable","23":"product-type-variable","24":"add-to-wishlist-after_add_to_cart"},"acf":[],"_links":{"self":[{"href":"https:\/\/chiaseklos.lt\/en\/wp-json\/wp\/v2\/product\/11460","targetHints":{"allow":["GET"]}}],"collection":[{"href":"https:\/\/chiaseklos.lt\/en\/wp-json\/wp\/v2\/product"}],"about":[{"href":"https:\/\/chiaseklos.lt\/en\/wp-json\/wp\/v2\/types\/product"}],"wp:featuredmedia":[{"embeddable":true,"href":"https:\/\/chiaseklos.lt\/en\/wp-json\/wp\/v2\/media\/34550"}],"wp:attachment":[{"href":"https:\/\/chiaseklos.lt\/en\/wp-json\/wp\/v2\/media?parent=11460"}],"wp:term":[{"taxonomy":"product_brand","embeddable":true,"href":"https:\/\/chiaseklos.lt\/en\/wp-json\/wp\/v2\/product_brand?post=11460"},{"taxonomy":"product_cat","embeddable":true,"href":"https:\/\/chiaseklos.lt\/en\/wp-json\/wp\/v2\/product_cat?post=11460"},{"taxonomy":"product_tag","embeddable":true,"href":"https:\/\/chiaseklos.lt\/en\/wp-json\/wp\/v2\/product_tag?post=11460"}],"curies":[{"name":"wp","href":"https:\/\/api.w.org\/{rel}","templated":true}]}}