{"id":11442,"date":"2019-10-26T07:35:48","date_gmt":"2019-10-26T07:35:48","guid":{"rendered":"http:\/\/chiaseklos.lt\/?post_type=product&#038;p=11442"},"modified":"2025-11-15T13:09:20","modified_gmt":"2025-11-15T13:09:20","slug":"dziovintos-baltosios-silkmedzio-uogos","status":"publish","type":"product","link":"https:\/\/chiaseklos.lt\/en\/product\/dziovintos-baltosios-silkmedzio-uogos\/","title":{"rendered":"D\u017eiovintos baltosios \u0161ilkmed\u017eio uogos"},"content":{"rendered":"<p>D\u017eiovintos baltosios \u0161ilkmed\u017eio uogos<\/p>\n<p>Tai \u0161viesios, sald\u017eios bei gard\u017eios uogos. Labai skanu u\u017ekand\u017eiauti vienas, saldinti rytines ko\u0161es, jogurtus, \u012fvairius desertus.<\/p>\n<p>\u0160ilkmed\u017eio uogos turtingos vitaminais: yra riebaluose tirpi\u0173 vitamin\u0173 A ir E, taip pat vitamino C ir B grup\u0117s vitamin\u0173.\u00a0Teigiama, kad \u0161ilkmed\u017eio uogos gali pad\u0117ti stiprinti krauj\u0105, gerinti jo apykait\u0105 ir sud\u0117t\u012f, tod\u0117l tinkamos vartoti sergant ma\u017eakraujyste. Uogos naudingos \u0161irdies ir nerv\u0173 sistemoms, tinka diabetikams.<\/p>\n<p>Kilm\u0117s \u0161alis: Turkija\/Uzbekistanas<\/p>\n<p>&nbsp;<\/p>","protected":false},"excerpt":{"rendered":"<hr \/>\n<p>&nbsp;<\/p>","protected":false},"featured_media":34733,"template":"","meta":{"_acf_changed":false},"product_brand":[],"product_cat":[42],"product_tag":[],"class_list":{"0":"post-11442","1":"product","2":"type-product","3":"status-publish","4":"has-post-thumbnail","6":"product_cat-dziovinti-vaisiai-uogos","7":"nt-post-class","8":"","9":"masonry-item","10":"col-lg-6","18":"first","19":"instock","20":"taxable","21":"shipping-taxable","22":"purchasable","23":"product-type-variable","24":"add-to-wishlist-after_add_to_cart"},"acf":[],"_links":{"self":[{"href":"https:\/\/chiaseklos.lt\/en\/wp-json\/wp\/v2\/product\/11442","targetHints":{"allow":["GET"]}}],"collection":[{"href":"https:\/\/chiaseklos.lt\/en\/wp-json\/wp\/v2\/product"}],"about":[{"href":"https:\/\/chiaseklos.lt\/en\/wp-json\/wp\/v2\/types\/product"}],"wp:featuredmedia":[{"embeddable":true,"href":"https:\/\/chiaseklos.lt\/en\/wp-json\/wp\/v2\/media\/34733"}],"wp:attachment":[{"href":"https:\/\/chiaseklos.lt\/en\/wp-json\/wp\/v2\/media?parent=11442"}],"wp:term":[{"taxonomy":"product_brand","embeddable":true,"href":"https:\/\/chiaseklos.lt\/en\/wp-json\/wp\/v2\/product_brand?post=11442"},{"taxonomy":"product_cat","embeddable":true,"href":"https:\/\/chiaseklos.lt\/en\/wp-json\/wp\/v2\/product_cat?post=11442"},{"taxonomy":"product_tag","embeddable":true,"href":"https:\/\/chiaseklos.lt\/en\/wp-json\/wp\/v2\/product_tag?post=11442"}],"curies":[{"name":"wp","href":"https:\/\/api.w.org\/{rel}","templated":true}]}}