{"id":11431,"date":"2019-10-26T06:55:15","date_gmt":"2019-10-26T06:55:15","guid":{"rendered":"http:\/\/chiaseklos.lt\/?post_type=product&#038;p=11431"},"modified":"2026-04-17T12:30:32","modified_gmt":"2026-04-17T12:30:32","slug":"margainio-seklos","status":"publish","type":"product","link":"https:\/\/chiaseklos.lt\/en\/product\/margainio-seklos\/","title":{"rendered":"Margainio s\u0117klos"},"content":{"rendered":"<p><span style=\"color: #000000;\"><strong>Margainio s\u0117klos\u00a0<\/strong><\/span><\/p>\n<p class=\"isSelectedEnd\"><span style=\"color: #000000;\">Margainio s\u0117klos \u2013 nat\u016bralus, augalin\u0117s kilm\u0117s produktas, vertinamas d\u0117l turtingos sud\u0117ties ir naudojamas jau daugiau nei 2000 met\u0173. Tikrasis margainis nuo seno siejamas su kepen\u0173 funkcijos palaikymu ir organizmo valymo procesais. Tai vienas populiariausi\u0173 augal\u0173 sveikos gyvensenos ir subalansuotos mitybos m\u0117g\u0117j\u0173 tarpe.<\/span><\/p>\n<p class=\"isSelectedEnd\"><span style=\"color: #000000;\">Did\u017eiausia margainio s\u0117kl\u0173 vert\u0117 \u2013 jose esantis silimarinas. \u0160i biologi\u0161kai aktyvi med\u017eiaga pasi\u017eymi stipriomis antioksidacin\u0117mis savyb\u0117mis ir padeda apsaugoti l\u0105steles nuo oksidacinio streso. Margainio s\u0117klos da\u017enai \u012ftraukiamos \u012f kasdien\u0119 mityb\u0105 siekiant palaikyti normali\u0105 kepen\u0173 veikl\u0105, ypa\u010d po gausesnio maisto, riebi\u0173 patiekal\u0173 ar intensyvesnio gyvenimo ritmo.<\/span><\/p>\n<p class=\"isSelectedEnd\"><span style=\"color: #000000;\">Silimarinas prisideda prie kepen\u0173 l\u0105steli\u0173 apsaugos nuo neigiamo aplinkos veiksni\u0173 poveikio, padeda palaikyti nat\u016bralius organizmo valymosi procesus ir skatina regeneracijos procesus. Taip pat margainio s\u0117klos pasi\u017eymi antioksidacin\u0117mis savyb\u0117mis, kurios padeda neutralizuoti laisvuosius radikalus. Be to, \u0161is augalas gali skatinti tul\u017eies i\u0161siskyrim\u0105 ir geresn\u012f riebal\u0173 vir\u0161kinim\u0105.<\/span><\/p>\n<p class=\"isSelectedEnd\"><span style=\"color: #000000;\">Margainio s\u0117klos gali b\u016bti vartojamos \u012fvairiais b\u016bdais. Jas galima sumalti ir \u012fmai\u0161yti \u012f ko\u0161es, jogurt\u0105, kokteilius ar glotnu\u010dius, taip pat berti \u012f salotas ar kepinius. \u0160velniai rie\u0161utinio skonio s\u0117klos lengvai pritaikomos kasdien\u0117je virtuv\u0117je ir tampa paprastu b\u016bdu papildyti mityb\u0105 augalin\u0117s kilm\u0117s produktais.<\/span><\/p>\n<p class=\"isSelectedEnd\"><span style=\"color: #000000;\"><strong>Paruo\u0161imas ir vartojimas:<\/strong><\/span><br \/>\n<span style=\"color: #000000;\">1 arbatin\u012f \u0161auk\u0161tel\u012f margainio s\u0117kl\u0173 u\u017eplikyti stikline kar\u0161to vandens, palaikyti 10\u201320 minu\u010di\u0173 ir nuko\u0161ti. Rekomenduojama gerti po pus\u0119 stiklin\u0117s 2 kartus per dien\u0105, geriausia prie\u0161 valg\u012f.<\/span><\/p>\n<p class=\"isSelectedEnd\"><span style=\"color: #000000;\">Taip pat galima s\u0117klas sumalti kavamale ir vartoti po nedidel\u012f kiek\u012f su vandeniu ar \u012fmai\u0161ius \u012f maist\u0105. Reguliarus vartojimas padeda palaikyti bendr\u0105 savijaut\u0105 ir subalansuot\u0105 mityb\u0105.<\/span><\/p>\n<p><span style=\"color: #000000;\">Laikyti sandariai u\u017edarytoje pakuot\u0117je, sausoje ir v\u0117sioje vietoje, saugoti nuo tiesiogini\u0173 saul\u0117s spinduli\u0173.<\/span><\/p>\n<p><span style=\"color: #000000;\">Maistin\u0117 vert\u0117 100g.:\u00a01657kj\/402kcal; riebalai 34g. (I\u0161 kuri\u0173 so\u010dI\u0173j\u0173 riebal\u0173 4,8g.); anglevandeniai 1,5g. (I\u0161 kuri\u0173 cukrus 1,1g.); skaidulin\u0117s med\u017eiagos 41g.; baltymai 20g.; druska 0,02g.<\/span><\/p>\n<p><span style=\"color: #000000;\">Rekomenduojama 1 arbatin\u012f \u0161auk\u0161tel\u012f margainio s\u0117kl\u0173 u\u017eplikyti stikline kar\u0161to vandens, palaikyti \u0161iltai 10-20 min., nuko\u0161ti. Gerti po pus\u0119 stiklin\u0117s 2 katrus per dien\u0105, geriau prie\u0161 valg\u012f.<\/span><\/p>\n<p><span style=\"color: #000000;\"><strong>Sud\u0117tis:\u00a0<\/strong>tikrojo margainio s\u0117klos 100%.<\/span><\/p>\n<p><span style=\"color: #000000;\"><strong>Kilm\u0117s \u0161alis:<\/strong> Ukraina\/Lenkija\/Kazachstanas<\/span><\/p>","protected":false},"excerpt":{"rendered":"<p>Margainio s\u0117klos\u00a0 Margainio s\u0117klos \u2013 nat\u016bralus, augalin\u0117s kilm\u0117s produktas, vertinamas d\u0117l turtingos sud\u0117ties ir naudojamas jau daugiau nei 2000 met\u0173. Tikrasis margainis nuo seno siejamas su kepen\u0173 funkcijos palaikymu ir organizmo valymo procesais. Tai vienas populiariausi\u0173 augal\u0173 sveikos gyvensenos ir subalansuotos mitybos m\u0117g\u0117j\u0173 tarpe. Did\u017eiausia margainio s\u0117kl\u0173 vert\u0117 \u2013 jose esantis silimarinas. \u0160i biologi\u0161kai aktyvi&#8230;<\/p>","protected":false},"featured_media":279,"template":"","meta":{"_acf_changed":false},"product_brand":[],"product_cat":[70,17,65],"product_tag":[],"class_list":{"0":"post-11431","1":"product","2":"type-product","3":"status-publish","4":"has-post-thumbnail","6":"product_cat-akcijos","7":"product_cat-seklos","8":"product_cat-supermaistas","9":"nt-post-class","10":"","11":"masonry-item","12":"col-lg-6","16":"excerpt-none","20":"first","21":"instock","22":"sale","23":"taxable","24":"shipping-taxable","25":"purchasable","26":"product-type-variable","27":"add-to-wishlist-after_add_to_cart"},"acf":[],"_links":{"self":[{"href":"https:\/\/chiaseklos.lt\/en\/wp-json\/wp\/v2\/product\/11431","targetHints":{"allow":["GET"]}}],"collection":[{"href":"https:\/\/chiaseklos.lt\/en\/wp-json\/wp\/v2\/product"}],"about":[{"href":"https:\/\/chiaseklos.lt\/en\/wp-json\/wp\/v2\/types\/product"}],"wp:featuredmedia":[{"embeddable":true,"href":"https:\/\/chiaseklos.lt\/en\/wp-json\/wp\/v2\/media\/279"}],"wp:attachment":[{"href":"https:\/\/chiaseklos.lt\/en\/wp-json\/wp\/v2\/media?parent=11431"}],"wp:term":[{"taxonomy":"product_brand","embeddable":true,"href":"https:\/\/chiaseklos.lt\/en\/wp-json\/wp\/v2\/product_brand?post=11431"},{"taxonomy":"product_cat","embeddable":true,"href":"https:\/\/chiaseklos.lt\/en\/wp-json\/wp\/v2\/product_cat?post=11431"},{"taxonomy":"product_tag","embeddable":true,"href":"https:\/\/chiaseklos.lt\/en\/wp-json\/wp\/v2\/product_tag?post=11431"}],"curies":[{"name":"wp","href":"https:\/\/api.w.org\/{rel}","templated":true}]}}