{"id":92,"date":"2013-08-11T19:06:15","date_gmt":"2013-08-11T19:06:15","guid":{"rendered":"http:\/\/localhost:8888\/test\/?page_id=520"},"modified":"2026-02-11T14:28:42","modified_gmt":"2026-02-11T14:28:42","slug":"apie-mus","status":"publish","type":"page","link":"https:\/\/chiaseklos.lt\/en\/elements\/pages\/apie-mus\/","title":{"rendered":"Apie mus | Chiaseklos.lt"},"content":{"rendered":"<p>Chiaseklos.lt gim\u0117 2012 metais \u2013 po ilg\u0173 paie\u0161k\u0173, kur rasti tikrai sveik\u0105 ir nat\u016bral\u0173 maist\u0105, tinkam\u0105 m\u016bs\u0173 \u0161eimai. \u0160ios patirtys pad\u0117jo mums suprasti, k\u0105 i\u0161 ties\u0173 norime pasi\u016blyti savo klientams: auk\u0161tos kokyb\u0117s produktus, plat\u0173 pasirinkim\u0105 ir nat\u016bralum\u0105.<\/p>\n<p>M\u016bs\u0173 tikslas \u2013 suteikti jums galimyb\u0119 atrasti sveikesnius, skanesnius ir nat\u016bralesnius pasirinkimus kasdieniam gyvenimui. Tikime, kad sveika gyvensena gali b\u016bti ne pareiga, o tikras d\u017eiaugsmas: paprasta ir maloni. Siekiame, kad kiekvienas apsilankymas m\u016bs\u0173 parduotuv\u0117je b\u016bt\u0173 patogi ir maloni patirtis, kurioje jaustum\u0117t\u0117s laukiami ir palaikomi savo sveikos gyvensenos keliuose.<\/p>\n<p>Kiekvienas m\u016bs\u0173 \u017eingsnis \u2013 nuo produkt\u0173 atrankos iki klient\u0173 aptarnavimo \u2013 grind\u017eiamas profesionalumu, r\u016bpes\u010diu ir nuo\u0161irdumu. Siekiame pad\u0117ti jums gyventi sveikiau bei maloniau, suteikiant ne tik kokybi\u0161kus produktus, bet ir pasitik\u0117jim\u0105 bei maloni\u0105 patirt\u012f.<\/p>\n<p>Sveiki atvyk\u0119 \u012f Chiaseklos.lt \u2013 atraskite, ragaukite ir m\u0117gaukit\u0117s sveika, nat\u016bralia kasdienybe!<\/p>","protected":false},"excerpt":{"rendered":"<p>Chiaseklos.lt gim\u0117 2012 metais \u2013 po ilg\u0173 paie\u0161k\u0173, kur rasti tikrai sveik\u0105 ir nat\u016bral\u0173 maist\u0105, tinkam\u0105 m\u016bs\u0173 \u0161eimai. \u0160ios patirtys pad\u0117jo mums suprasti, k\u0105 i\u0161 ties\u0173 norime pasi\u016blyti savo klientams: auk\u0161tos kokyb\u0117s produktus, plat\u0173 pasirinkim\u0105 ir nat\u016bralum\u0105. M\u016bs\u0173 tikslas \u2013 suteikti jums galimyb\u0119 atrasti sveikesnius, skanesnius ir nat\u016bralesnius pasirinkimus kasdieniam gyvenimui. Tikime, kad sveika gyvensena&#8230;<\/p>","protected":false},"author":2,"featured_media":18,"parent":53,"menu_order":0,"comment_status":"closed","ping_status":"closed","template":"","meta":{"_acf_changed":false,"footnotes":""},"class_list":{"0":"post-92","1":"page","2":"type-page","3":"status-publish","4":"has-post-thumbnail","5":"hentry","6":"nt-post-class","7":"","8":"masonry-item","9":"col-lg-6","13":"excerpt-none"},"acf":[],"_links":{"self":[{"href":"https:\/\/chiaseklos.lt\/en\/wp-json\/wp\/v2\/pages\/92","targetHints":{"allow":["GET"]}}],"collection":[{"href":"https:\/\/chiaseklos.lt\/en\/wp-json\/wp\/v2\/pages"}],"about":[{"href":"https:\/\/chiaseklos.lt\/en\/wp-json\/wp\/v2\/types\/page"}],"author":[{"embeddable":true,"href":"https:\/\/chiaseklos.lt\/en\/wp-json\/wp\/v2\/users\/2"}],"replies":[{"embeddable":true,"href":"https:\/\/chiaseklos.lt\/en\/wp-json\/wp\/v2\/comments?post=92"}],"version-history":[{"count":4,"href":"https:\/\/chiaseklos.lt\/en\/wp-json\/wp\/v2\/pages\/92\/revisions"}],"predecessor-version":[{"id":36939,"href":"https:\/\/chiaseklos.lt\/en\/wp-json\/wp\/v2\/pages\/92\/revisions\/36939"}],"up":[{"embeddable":true,"href":"https:\/\/chiaseklos.lt\/en\/wp-json\/wp\/v2\/pages\/53"}],"wp:featuredmedia":[{"embeddable":true,"href":"https:\/\/chiaseklos.lt\/en\/wp-json\/wp\/v2\/media\/18"}],"wp:attachment":[{"href":"https:\/\/chiaseklos.lt\/en\/wp-json\/wp\/v2\/media?parent=92"}],"curies":[{"name":"wp","href":"https:\/\/api.w.org\/{rel}","templated":true}]}}