{"id":8795,"date":"2018-06-05T07:44:29","date_gmt":"2018-06-05T07:44:29","guid":{"rendered":"http:\/\/chiaseklos.lt\/?page_id=8795"},"modified":"2018-06-05T07:47:24","modified_gmt":"2018-06-05T07:47:24","slug":"privatumo-politika","status":"publish","type":"page","link":"https:\/\/chiaseklos.lt\/en\/kontaktai\/privatumo-politika\/","title":{"rendered":"Privatumo politika"},"content":{"rendered":"<h2>Kas mes esame:<\/h2>\n<p>M\u016bs\u0173 tinklalapio adresas yra: http:\/\/chiaseklos.lt. \u012emon\u0117 UAB Lirola \u0160ilut\u0117s pl.19B Klaip\u0117da 91107.<\/p>\n<p>Bendroji informacija<br \/>\nUAB Lirola (toliau &#8211; Duomen\u0173 tvarkytojas) \u0161iomis privatumo taisykl\u0117mis (toliau \u2013 PT) nustato\u00a0 asmens duomen\u0173 tvarkymo s\u0105lygas naudojantis Duomen\u0173 valdytojo valdomomis interneto svetain\u0117mis. PT nustatytos s\u0105lygos taikomos kiekvien\u0105 kart\u0105 jums norint pasiekti m\u016bs\u0173 teikiam\u0105 turin\u012f ir \/ar paslaug\u0105, nepaisant to, kok\u012f \u012frengin\u012f naudojate.<\/p>\n<p>Siekiant u\u017etikrinti 2016 m. baland\u017eio 27 d. Europos parlamento ir Tarybos reglamento (ES) Nr. 2016\/679, Lietuvos Respublikos asmens duomen\u0173 teisin\u0117s apsaugos \u012fstatymo, Elektronini\u0173 ry\u0161i\u0173 \u012fstatymo, kit\u0173 \u012fstatym\u0173 bei teis\u0117s akt\u0173, reglamentuojan\u010di\u0173 asmens duomen\u0173 apsaugos tvarkym\u0105 ir apsaug\u0105, laikym\u0105si ir \u012fgyvendinim\u0105, patvirtiname, kad UAB &#8220;Lirola&#8221; teikdama savo paslaugas, vadovaujasi visais auk\u0161\u010diau i\u0161vardintais teis\u0117s aktais.<br \/>\nAsmenys, kurie yra jaunesni negu 16 met\u0173, negali teikti joki\u0173 asmens duomen\u0173 per m\u016bs\u0173 svetain\u0119 (-es) ir socialini\u0173 tinkl\u0173 paskyras. Jei esate asmuo, kuris yra jaunesnis negu 16 met\u0173, prie\u0161 pateikdami asmenin\u0119 informacij\u0105) turite gauti savo t\u0117v\u0173 arba kit\u0173 teis\u0117t\u0173 glob\u0117j\u0173 sutikim\u0105 ir j\u012f pateikti mums.<br \/>\nTaisykl\u0117se vartojamos s\u0105vokos suprantamos taip, kaip jos yra apibr\u0117\u017etos Bendrajame duomen\u0173 apsaugos reglamente Nr. 2016\/679 (ES).<\/p>\n<h2>Kokius asmeninius duomenis renkame ir kod\u0117l tai darome:<\/h2>\n<p>1.1 Tiesiogiai kliento pateikta informacija. www.chiaseklos.lt parduotuv\u0117je pirkti prekes leid\u017eiama tik registruotiems asmenims. Registracijos metu pra\u0161oma pateikti vard\u0105, pavard\u0119, telefono numer\u012f, adres\u0105. \u0160i informacija reikalinga \u012fvykdyti kliento u\u017esakym\u0105.<br \/>\n1.2\u00a0Informacij\u0105, kaip naudojate www.chiaseklos.lt internetin\u0119 parduotuv\u0119:<br \/>\n\u012erenginio informacij\u0105, t.y., IP adresas, operacin\u0117s sistemos versija ir \u012frenginio, kur\u012f naudojate turiniui\/prek\u0117ms pasiekti, parametrai.<br \/>\nPrisijungimo informacij\u0105, t. y. j\u016bs\u0173 sesijos naudojimo laikas ir trukm\u0117, u\u017eklaus\u0173 terminai, kuriuos \u012fvedate m\u016bs\u0173 svetain\u0117se, ir bet kokia informacija, saugoma slapukuose, kuriuos nustat\u0117me j\u016bs\u0173 \u012frenginyje (slapuk\u0173 politika pateikiama \u017eemiau).<\/p>\n<h3>Slapukai<\/h3>\n<p>Jei J\u016bs turite paskyr\u0105 ir prisijungiate m\u016bs\u0173 tinklalapyje, mes sukuriame laikin\u0105 slapuk\u0105, kuriame \u012fra\u0161oma, ar J\u016bs\u0173 nar\u0161ykl\u0117 priima slapukus. \u0160is slapukas nesaugo jokios asmenin\u0117s informacijos ir yra i\u0161trinamas kai u\u017edarote savo nar\u0161ykl\u0119.<\/p>\n<p>Kai J\u016bs prisijungiate, mes taip pat sukuriame kelis slapukus, kuriuose saugoma J\u016bs\u0173 prisijungimo informacija ir J\u016bs\u0173 ekrano rodymo pasirinkimai. Prisijungimo slapukai galioja 2 dienas, o ekrano nustatym\u0173 &#8211; vienerius metus. Jei J\u016bs pa\u017eymite pasirinkim\u0105 &#8220;Prisiminti mane&#8221;, J\u016bs\u0173 prisijungimo slapukas galios 2 savaites. Kai atsijungiate i\u0161 savo paskyros, prisijungimo slapukai i\u0161trinami.<\/p>\n<p>Jei redaguojate ar paskelbiate \u012fra\u0161\u0105, J\u016bs\u0173 nar\u0161ykl\u0117je i\u0161saugomas papildomas slapukas. \u0160is slapukas nesaugo asmenini\u0173 duomen\u0173, ta\u010diau i\u0161saugo \u012fra\u0161o, kur\u012f k\u0105 tik redagavote ar paskelb\u0117ti, ID. \u0160is slapukas baigia galioti po 1 dienos.<\/p>\n<p class=\"lead\"><span style=\"color: #000000;\"><strong>Kokiais tikslais renkame informacij\u0105 apie Jus?<\/strong><\/span><\/p>\n<p>U\u017eregistruoti jus tam, kad gal\u0117tum\u0117te naudotis m\u016bs\u0173 teikiama internetinio pirkimo paslauga.<br \/>\nPirkimo krep\u0161elio apmok\u0117jimui per pasirinkt\u0105 i\u0161orin\u012f bankini\u0173 paslaug\u0173 teik\u0117j\u0105.<br \/>\nSi\u0173sti turin\u012f (pvz. naujienlai\u0161kius) aktualiomis temomis.*<br \/>\nRinkodaros tikslu*, pvz., pateikti individualiai pritaikytus reklaminius skelbimus ir r\u0117m\u0117j\u0173 turin\u012f ir si\u0173sti prane\u0161imus apie akcijas, \u012fvertinti ir analizuoti savo rink\u0105, klientus, produktus ir paslaugas (\u012fskaitant ir j\u016bs\u0173 nuomon\u0117s apie produktus ir paslaugas rinkim\u0105 bei klient\u0173 apklaus\u0173 organizavim\u0105).<\/p>\n<h2>Su kuo mes dalinam\u0117s J\u016bs\u0173 duomenimis<\/h2>\n<p>\u012emon\u0117ms, kurios teikia paslaugas m\u016bs\u0173 pra\u0161ymu, pavyzd\u017eiui: kurjeri\u0173 tarnyboms ar kitoms \u012fmon\u0117ms, pristatan\u010dioms siuntinius, bankams\/\u012fmon\u0117ms, kurios padeda vykdyti atsiskaitymo operacijas. \u0160i\u0173 \u012fmoni\u0173 galimyb\u0117 naudoti j\u016bs\u0173 informacij\u0105 yra ribota.<br \/>\n\u012emon\u0117ms, kurios padeda organizuoti konkursus\/\u017eaidimus\/akcijas, tokioms kaip reklamos agent\u016bros, rinkodaros agent\u016bros. \u0160i\u0173 \u012fmoni\u0173 galimyb\u0117 naudoti j\u016bs\u0173 informacij\u0105 yra ribota.<br \/>\nKitoms \u0161alims, kai to reikalaujama pagal \u012fstatymus.<br \/>\nAtvejai, kai galime atskleisti j\u016bs\u0173 informacij\u0105 kitoms \u0161alims:<br \/>\nnor\u0117dami nepa\u017eeisti \u012fstatym\u0173 arba reaguodami \u012f privalom\u0105 teismo proceso reikalavim\u0105 (pvz., gav\u0119 teis\u0117t\u0105 nutarim\u0105 ar nutart\u012f daryti krat\u0105 arba kit\u0105 teismo sprendim\u0105);<br \/>\nnor\u0117dami patvirtinti savo veiksm\u0173 teis\u0117tum\u0105;<br \/>\nnor\u0117dami apsaugoti Duomen\u0173 valdytoj\u0105 arba UAB Lirola \u012fmon\u0117s teises, turt\u0105 ar u\u017etikrinti j\u0173 saugum\u0105;<br \/>\nkitais atvejais su j\u016bs\u0173 sutikimu arba teis\u0117tu j\u016bs\u0173 pra\u0161ymu.<\/p>\n<h2>Kaip ilgai mes saugome J\u016bs\u0173 duomenis<\/h2>\n<p>\u012edieg\u0117me patikimas fizines ir technines priemones, kad apsaugotume informacij\u0105, kuri\u0105 renkame turinio\/paslaug\u0173 teikimo tikslais.<br \/>\nJ\u016bs\u0173 duomenis saugosime 3 metus po paskutinio j\u016bs\u0173 naudojimosi m\u016bs\u0173 paslaugomis ar turiniu dienos. Pasibaigus \u0161iam terminui, duomenys bus i\u0161trinami taip, kad j\u0173 negalima b\u016bt\u0173 atgaminti.<\/p>\n<h2>J\u016bs\u0173 teis\u0117s<\/h2>\n<p>\u017dinoti (b\u016bti informuotas) apie savo duomen\u0173 tvarkym\u0105 (teis\u0117 \u017einoti).<br \/>\nSusipa\u017einti su savo duomenimis ir kaip jie yra tvarkomi (teis\u0117 susipa\u017einti).<br \/>\nReikalauti i\u0161taisyti arba, atsi\u017evelgiant \u012f asmens duomen\u0173 tvarkymo tikslus, papildyti asmens nei\u0161samius asmens duomenis (teis\u0117 i\u0161taisyti).<br \/>\nSavo duomenis sunaikinti arba sustabdyti savo duomen\u0173 tvarkymo veiksmus (i\u0161skyrus saugojim\u0105) (teis\u0117 sunaikinti ir teis\u0117 \u201eb\u016bti pamir\u0161tam\u201c).<br \/>\nTuri teis\u0119 reikalauti, kad asmens Duomen\u0173 valdytojas apribot\u0173 asmens duomen\u0173 tvarkym\u0105 esant vienai i\u0161 teis\u0117t\u0173 prie\u017eas\u010di\u0173 (teis\u0117 apriboti).<\/p>\n<h2>Kontaktin\u0117 informacija<\/h2>\n<p>Jei turite klausim\u0173 d\u0117l Privatumo politikos kreipkit\u0117s \u0161iais kontaktais:<br \/>\nUAB Lirola<br \/>\nel. pa\u0161to adresu: sekloschia@gmail.com<br \/>\nTel.Nr. +37068126323<br \/>\n\u0160ilut\u0117s pl. 19B Klaip\u0117da<\/p>\n<h2><\/h2>","protected":false},"excerpt":{"rendered":"<p>Kas mes esame: M\u016bs\u0173 tinklalapio adresas yra: http:\/\/chiaseklos.lt. \u012emon\u0117 UAB Lirola \u0160ilut\u0117s pl.19B Klaip\u0117da 91107. Bendroji informacija UAB Lirola (toliau &#8211; Duomen\u0173 tvarkytojas) \u0161iomis privatumo taisykl\u0117mis (toliau \u2013 PT) nustato\u00a0 asmens duomen\u0173 tvarkymo s\u0105lygas naudojantis Duomen\u0173 valdytojo valdomomis interneto svetain\u0117mis. PT nustatytos s\u0105lygos taikomos kiekvien\u0105 kart\u0105 jums norint pasiekti m\u016bs\u0173 teikiam\u0105 turin\u012f ir \/ar paslaug\u0105,&#8230;<\/p>","protected":false},"author":2,"featured_media":0,"parent":60,"menu_order":0,"comment_status":"closed","ping_status":"closed","template":"","meta":{"_acf_changed":false,"footnotes":""},"class_list":{"0":"post-8795","1":"page","2":"type-page","3":"status-publish","4":"hentry","5":"nt-post-class","6":"","7":"masonry-item","8":"col-lg-6","10":"thumb-none","12":"excerpt-none"},"acf":[],"_links":{"self":[{"href":"https:\/\/chiaseklos.lt\/en\/wp-json\/wp\/v2\/pages\/8795","targetHints":{"allow":["GET"]}}],"collection":[{"href":"https:\/\/chiaseklos.lt\/en\/wp-json\/wp\/v2\/pages"}],"about":[{"href":"https:\/\/chiaseklos.lt\/en\/wp-json\/wp\/v2\/types\/page"}],"author":[{"embeddable":true,"href":"https:\/\/chiaseklos.lt\/en\/wp-json\/wp\/v2\/users\/2"}],"replies":[{"embeddable":true,"href":"https:\/\/chiaseklos.lt\/en\/wp-json\/wp\/v2\/comments?post=8795"}],"version-history":[{"count":3,"href":"https:\/\/chiaseklos.lt\/en\/wp-json\/wp\/v2\/pages\/8795\/revisions"}],"predecessor-version":[{"id":8798,"href":"https:\/\/chiaseklos.lt\/en\/wp-json\/wp\/v2\/pages\/8795\/revisions\/8798"}],"up":[{"embeddable":true,"href":"https:\/\/chiaseklos.lt\/en\/wp-json\/wp\/v2\/pages\/60"}],"wp:attachment":[{"href":"https:\/\/chiaseklos.lt\/en\/wp-json\/wp\/v2\/media?parent=8795"}],"curies":[{"name":"wp","href":"https:\/\/api.w.org\/{rel}","templated":true}]}}