{"id":60,"date":"2014-03-09T20:02:12","date_gmt":"2014-03-09T20:02:12","guid":{"rendered":"http:\/\/svetaine24.lt\/perziura\/chijaseklos\/?page_id=60"},"modified":"2023-09-11T13:03:40","modified_gmt":"2023-09-11T13:03:40","slug":"kontaktai","status":"publish","type":"page","link":"https:\/\/chiaseklos.lt\/en\/kontaktai\/","title":{"rendered":"Kontaktai"},"content":{"rendered":"<p>\u012emon\u0117: UAB Lirola<\/p>\n<p>\u012emon\u0117s kodas: 302772434<\/p>\n<p>Adresas: \u0160ilut\u0117s pl. 19B, 91107 Klaip\u0117da<\/p>\n<p>Tel. Nr.: +37068126323<\/p>\n<p><a href=\"mailto:sekloschia@gmail.com\">info@chiaseklos.lt<\/a><\/p>\n<p>Valstybin\u0117s maisto ir veterinarijos tarnybos atpa\u017einimo (licencijos) nr: <strong>210006133<\/strong><\/p>","protected":false},"excerpt":{"rendered":"<p>\u012emon\u0117: UAB Lirola \u012emon\u0117s kodas: 302772434 Adresas: \u0160ilut\u0117s pl. 19B, 91107 Klaip\u0117da Tel. Nr.: +37068126323 info@chiaseklos.lt Valstybin\u0117s maisto ir veterinarijos tarnybos atpa\u017einimo (licencijos) nr: 210006133<\/p>","protected":false},"author":1,"featured_media":0,"parent":0,"menu_order":0,"comment_status":"closed","ping_status":"closed","template":"","meta":{"_acf_changed":false,"footnotes":""},"class_list":{"0":"post-60","1":"page","2":"type-page","3":"status-publish","4":"hentry","5":"nt-post-class","6":"","7":"masonry-item","8":"col-lg-6","10":"thumb-none","12":"excerpt-none"},"acf":[],"_links":{"self":[{"href":"https:\/\/chiaseklos.lt\/en\/wp-json\/wp\/v2\/pages\/60","targetHints":{"allow":["GET"]}}],"collection":[{"href":"https:\/\/chiaseklos.lt\/en\/wp-json\/wp\/v2\/pages"}],"about":[{"href":"https:\/\/chiaseklos.lt\/en\/wp-json\/wp\/v2\/types\/page"}],"author":[{"embeddable":true,"href":"https:\/\/chiaseklos.lt\/en\/wp-json\/wp\/v2\/users\/1"}],"replies":[{"embeddable":true,"href":"https:\/\/chiaseklos.lt\/en\/wp-json\/wp\/v2\/comments?post=60"}],"version-history":[{"count":16,"href":"https:\/\/chiaseklos.lt\/en\/wp-json\/wp\/v2\/pages\/60\/revisions"}],"predecessor-version":[{"id":23609,"href":"https:\/\/chiaseklos.lt\/en\/wp-json\/wp\/v2\/pages\/60\/revisions\/23609"}],"wp:attachment":[{"href":"https:\/\/chiaseklos.lt\/en\/wp-json\/wp\/v2\/media?parent=60"}],"curies":[{"name":"wp","href":"https:\/\/api.w.org\/{rel}","templated":true}]}}