{"id":246,"date":"2014-05-02T06:07:58","date_gmt":"2014-05-02T06:07:58","guid":{"rendered":"http:\/\/chiaseklos.lt\/?page_id=246"},"modified":"2026-04-15T13:40:13","modified_gmt":"2026-04-15T13:40:13","slug":"pristatymo-salygos","status":"publish","type":"page","link":"https:\/\/chiaseklos.lt\/en\/pristatymo-salygos\/","title":{"rendered":"Pristatymo s\u0105lygos"},"content":{"rendered":"<p>1) <strong>Per 1 darbo dien\u0105<\/strong> su kurjeriu tiesiai \u012f namus arba \u012f darb\u0105. Siuntos i\u0161siun\u010diamos darbo dienomis gavus apmok\u0117jim\u0105 iki 12:00 val.. Pristatymas &#8211; kit\u0105 darbo dien\u0105, darbo valandomis *. Kaina &#8211; <strong>4,69\u00a0Eur<\/strong>.<\/p>\n<p>2) <strong>Per 1-2 darbo dienas<\/strong>\u00a0\u012f pa\u0161tomatus:<\/p>\n<p>a) LP express pa\u0161tomatai: kaina &#8211;<strong> 2,43 Eur<\/strong>; galima atsiskaityti banko kortele pa\u0161tomate gavus siunt\u0105. \u0160i paslauga papildomai kainuoja 1,5% nuo galutin\u0117s sumos;<\/p>\n<p>b) Smartpost (Itella)\u00a0pa\u0161tomatai: kaina &#8211;<strong> 2,43 Eur<\/strong>;<\/p>\n<p>c) Venipak pa\u0161tomatai: kaina &#8211;\u00a0<strong>2,43 Eur;<\/strong><\/p>\n<p>Siuntos i\u0161siun\u010diamos darbo dienomis gavus apmok\u0117jim\u0105 iki 12:00 val.. Nesant laisv\u0173 pa\u0161tomato d\u0117\u017eu\u010di\u0173, kartais pristatymas gali u\u017etrukti. Atsiimti siunt\u0105 galima bet kuriuo paros metu, trij\u0173 par\u0173 b\u0117gyje.<\/p>\n<p>3)\u00a0Galima u\u017e prek\u0119 atsiskaityti\u00a0GRYNAIS arba banko kortele atvykus kurjeriui . \u0160i paslauga papildomai kainuoja <strong>2,09 Eur<\/strong>.<\/p>\n<p>4) <strong>NEMOKAMAS pristatymas<\/strong> su kurjeriu nurodytu adresu ARBA \u012f pa\u0161tomatus per 1 darbo dien\u0105 perkant preki\u0173 vir\u0161 <span style=\"font-size: 110%;\"><strong>39,00 Eur<\/strong><\/span>.\u00a0Siuntos i\u0161siun\u010diamos darbo dienomis gavus apmok\u0117jim\u0105 iki 12:00 val..\u00a0Pristatymas &#8211; kit\u0105 darbo dien\u0105, darbo valandomis *.<\/p>\n<p>* \u00a0D\u0117l pristatymo \u012f Kur\u0161i\u0173 nerij\u0105 tartis atskirai.<\/p>\n<p style=\"text-align: center;\"><strong>Preki\u0173 gr\u0105\u017einimo s\u0105lygos<\/strong><\/p>\n<ol>\n<li>Pirk\u0117jas (fizinis asmuo) turi teis\u0119 nenurodydamas prie\u017easties atsisakyti internetu sudarytos sutarties (gr\u0105\u017einti kokybi\u0161k\u0105 prek\u0119) per 14 dien\u0173 (CK 6.228 (10) str.), i\u0161skyrus \u0161io straipsnio 2 d. numatytas i\u0161imtis. Sumok\u0117ti pinigai, \u012fskaitant pirk\u0117jo apmok\u0117tas prek\u0117s pristatymo i\u0161laidas, pirk\u0117jui gr\u0105\u017einami per 14 dien\u0173 nuo pirk\u0117jo prane\u0161imo apie sutarties atsisakym\u0105 dienos, ta\u010diau Pardav\u0117jas gali negr\u0105\u017einti pinig\u0173, kol negaus prek\u0117s arba jam bus pateiktas \u012frodymas, kad prek\u0117 i\u0161si\u0173sta. Prek\u0117 turi b\u016bti nesugadinta, nepraardyta, turi likti toks pats jos kiekis.<\/li>\n<li>Pirk\u0117jas, manantis, kad buvo pa\u017eeistos jo teis\u0117s, turi ne v\u0117liau kaip per tris m\u0117nesius nuo pa\u017eeidimo dienos ra\u0161tu kreiptis \u012f Pardav\u0117j\u0105 ir i\u0161d\u0117styti savo reikalavimus. Pardav\u0117jas privalo ne v\u0117liau kaip per 14 dien\u0173 nemokamai i\u0161nagrin\u0117ti pra\u0161ym\u0105 ir pateikti i\u0161sam\u0173 motyvuot\u0105 ra\u0161ytin\u012f atsakym\u0105, pagr\u012fst\u0105 dokumentais. Jei problemos i\u0161spr\u0119sti nepavyksta, Pirk\u0117jas turi teis\u0119 kreiptis \u012f vartojimo gin\u010dus neteismine tvarka sprend\u017eiant\u012f subjekt\u0105 (Valstybin\u0117 vartotoj\u0173 teisi\u0173 apsaugos tarnyba, adresas Go\u0161tauto g. 12, Vilnius, www.vvtat.lt) arba \u012f teism\u0105.<\/li>\n<li>Nuoroda \u012f Europos S\u0105jungos Elektronin\u0119 gin\u010d\u0173 sprendimo platform\u0105:\u00a0https:\/\/europa.eu\/youreurope\/citizens\/consumers\/shopping\/shopping-consumer-rights\/index_lt.htm<\/li>\n<\/ol>","protected":false},"excerpt":{"rendered":"<p>1) Per 1 darbo dien\u0105 su kurjeriu tiesiai \u012f namus arba \u012f darb\u0105. Siuntos i\u0161siun\u010diamos darbo dienomis gavus apmok\u0117jim\u0105 iki 12:00 val.. Pristatymas &#8211; kit\u0105 darbo dien\u0105, darbo valandomis *. Kaina &#8211; 4,69\u00a0Eur. 2) Per 1-2 darbo dienas\u00a0\u012f pa\u0161tomatus: a) LP express pa\u0161tomatai: kaina &#8211; 2,43 Eur; galima atsiskaityti banko kortele pa\u0161tomate gavus siunt\u0105. \u0160i&#8230;<\/p>","protected":false},"author":2,"featured_media":0,"parent":0,"menu_order":0,"comment_status":"closed","ping_status":"closed","template":"","meta":{"_acf_changed":false,"footnotes":""},"class_list":{"0":"post-246","1":"page","2":"type-page","3":"status-publish","4":"hentry","5":"nt-post-class","6":"","7":"masonry-item","8":"col-lg-6","10":"thumb-none","12":"excerpt-none"},"acf":[],"_links":{"self":[{"href":"https:\/\/chiaseklos.lt\/en\/wp-json\/wp\/v2\/pages\/246","targetHints":{"allow":["GET"]}}],"collection":[{"href":"https:\/\/chiaseklos.lt\/en\/wp-json\/wp\/v2\/pages"}],"about":[{"href":"https:\/\/chiaseklos.lt\/en\/wp-json\/wp\/v2\/types\/page"}],"author":[{"embeddable":true,"href":"https:\/\/chiaseklos.lt\/en\/wp-json\/wp\/v2\/users\/2"}],"replies":[{"embeddable":true,"href":"https:\/\/chiaseklos.lt\/en\/wp-json\/wp\/v2\/comments?post=246"}],"version-history":[{"count":53,"href":"https:\/\/chiaseklos.lt\/en\/wp-json\/wp\/v2\/pages\/246\/revisions"}],"predecessor-version":[{"id":38365,"href":"https:\/\/chiaseklos.lt\/en\/wp-json\/wp\/v2\/pages\/246\/revisions\/38365"}],"wp:attachment":[{"href":"https:\/\/chiaseklos.lt\/en\/wp-json\/wp\/v2\/media?parent=246"}],"curies":[{"name":"wp","href":"https:\/\/api.w.org\/{rel}","templated":true}]}}