{"id":1537,"date":"2020-02-04T08:35:03","date_gmt":"2020-02-04T08:35:03","guid":{"rendered":"https:\/\/naturally.ninetheme.com\/?page_id=1537"},"modified":"2020-02-04T08:35:03","modified_gmt":"2020-02-04T08:35:03","slug":"blog-grid","status":"publish","type":"page","link":"https:\/\/chiaseklos.lt\/en\/blog-grid\/","title":{"rendered":"Blog Grid"},"content":{"rendered":"<div data-elementor-type=\"wp-page\" data-elementor-id=\"1537\" class=\"elementor elementor-1537\">\n\t\t\t\t\t\t<div class=\"elementor-section elementor-top-section elementor-element elementor-element-3a9145e9 elementor-section-full_width elementor-section-height-default elementor-section-height-default\" data-id=\"3a9145e9\" data-element_type=\"section\" data-e-type=\"section\">\n\t\t\t\t\t\t<div class=\"elementor-container elementor-column-gap-no\">\n\t\t\t\t\t<div class=\"elementor-column elementor-col-100 elementor-top-column elementor-element elementor-element-36c50235\" data-id=\"36c50235\" data-element_type=\"column\" data-e-type=\"column\">\n\t\t\t<div class=\"elementor-widget-wrap elementor-element-populated\">\n\t\t\t\t\t\t<div class=\"elementor-element elementor-element-2b829845 elementor-widget elementor-widget-naturally-page-hero\" data-id=\"2b829845\" data-element_type=\"widget\" data-e-type=\"widget\" data-widget_type=\"naturally-page-hero.default\">\n\t\t\t\t<div class=\"elementor-widget-container\">\n\t\t\t\t\t<div class=\"section text-center\"><div class=\"container\"><div class=\"headline\"><h1 class=\"headline_title\">Organic Blog<\/h1><p class=\"headline_summary\">Lorem ipsum dolor sit amet, consectetur adipiscing elit.<\/p><\/div><div class=\"breadcrumb\"><a class=\"breadcrumb_link\" href=\"https:\/\/chiaseklos.lt\/en\/\"><span class=\"breadcrumb_link_text\"> Home<\/span><\/a><\/div><\/div><\/div>\t\t\t\t<\/div>\n\t\t\t\t<\/div>\n\t\t\t\t\t<\/div>\n\t\t<\/div>\n\t\t\t\t\t<\/div>\n\t\t<\/div>\n\t\t\t\t<div class=\"elementor-section elementor-top-section elementor-element elementor-element-4cb76198 elementor-section-full_width elementor-section-height-default elementor-section-height-default\" data-id=\"4cb76198\" data-element_type=\"section\" data-e-type=\"section\">\n\t\t\t\t\t\t<div class=\"elementor-container elementor-column-gap-no\">\n\t\t\t\t\t<div class=\"elementor-column elementor-col-100 elementor-top-column elementor-element elementor-element-300d73c0\" data-id=\"300d73c0\" data-element_type=\"column\" data-e-type=\"column\">\n\t\t\t<div class=\"elementor-widget-wrap elementor-element-populated\">\n\t\t\t\t\t\t<div class=\"elementor-section elementor-inner-section elementor-element elementor-element-2ebd2965 elementor-section-full_width elementor-section-height-default elementor-section-height-default\" data-id=\"2ebd2965\" data-element_type=\"section\" data-e-type=\"section\">\n\t\t\t\t\t\t<div class=\"elementor-container elementor-column-gap-no\">\n\t\t\t\t\t<div class=\"elementor-column elementor-col-100 elementor-inner-column elementor-element elementor-element-3ef019a8\" data-id=\"3ef019a8\" data-element_type=\"column\" data-e-type=\"column\">\n\t\t\t<div class=\"elementor-widget-wrap elementor-element-populated\">\n\t\t\t\t\t\t<div class=\"elementor-element elementor-element-ac7b39c elementor-widget elementor-widget-naturally-blog-slider\" data-id=\"ac7b39c\" data-element_type=\"widget\" data-e-type=\"widget\" data-widget_type=\"naturally-blog-slider.default\">\n\t\t\t\t<div class=\"elementor-widget-container\">\n\t\t\t\t\t<div class=\"section-custom-9\"><div class=\"container\"><div class=\"nav2\" data-ntr-nav2=\"\"><div class=\"nav2_toggle is-left\"><div class=\"nav2_toggle_button\"><span class=\"nav2_toggle_button_icon icon is-filter\"><\/span><span class=\"nav2_toggle_button_text\">Categories<\/span><\/div><div class=\"nav2_toggle_inner\"><nav class=\"nav2_menu\"><ul class=\"nav2_menu_items\"><li class=\"nav2_menu_item\">\n                                            <a class=\"nav2_menu_link\" href=\"https:\/\/chiaseklos.lt\/en\/blog\/category\/straipsniai\/\" data-ntr-ui-tooltip='{\"position\":\"top\",\"content\":\"3\"}'>Straipsniai<\/a>\n                                            <\/li><\/ul><\/nav><\/div><\/div><div class=\"nav2_toggle is-right\"><div class=\"nav2_toggle_button\"><span class=\"nav2_toggle_button_icon icon is-search\"><\/span><span class=\"nav2_toggle_button_text\">Search<\/span><\/div><div class=\"nav2_toggle_inner\"><form class=\"nav2_search\" role=\"search\" method=\"get\" id=\"nav-widget-searchform\" action=\"https:\/\/chiaseklos.lt\/en\/\" data-trp-original-action=\"https:\/\/chiaseklos.lt\/en\/\" >\n        <input class=\"nav2_search_input\" type=\"text\" value=\"\" placeholder=\"Search...\" name=\"s\" id=\"nws\">\n        <button class=\"nav2_search_button\" id=\"navsearchsubmit\" type=\"submit\"><span class=\"icon is-search\"><\/span><\/button>\n        <input type=\"hidden\" name=\"trp-form-language\" value=\"en\"\/><\/form><\/div><\/div><\/div><\/div><\/div><div class=\"section\"><div class=\"container\"><div class=\"grid\"><div class=\"grid_row is-40\"><div class=\"grid_col is-12 is-md-6 is-lg-4\" data-aos=\"ntr-fade-up\" data-aos-once=\"true\" data-aos-delay=\"0\"><div class=\"blog-post\"><a class=\"blog-post_photo\" href=\"https:\/\/chiaseklos.lt\/en\/?post_type=post&p=34575\"><span class=\"aspect-ratio is-4x3\"><img decoding=\"async\" class=\"aspect-ratio_object lazyload\"\n                                                        src=\"https:\/\/chiaseklos.lt\/wp-content\/themes\/naturally\/images\/blank.gif\"\n                                                        data-srcset=\"https:\/\/chiaseklos.lt\/wp-content\/uploads\/2025\/11\/different-types-nuts-400x300.jpg 1x, https:\/\/chiaseklos.lt\/wp-content\/uploads\/2025\/11\/different-types-nuts-800x600.jpg 2x\"\n                                                        alt=\"S\u0117kl\u0173 nauda \u017emogaus organizmui: kod\u0117l verta jas \u012ftraukti \u012f kasdien\u0119 mityb\u0105\"><\/span><\/a><h4 class=\"blog-post_title\"><a href=\"https:\/\/chiaseklos.lt\/en\/blog\/seklu-nauda-zmogaus-organizmui-kodel-verta-jas-itraukti-i-kasdiene-mityba\/\">S\u0117kl\u0173 nauda \u017emogaus organizmui: kod\u0117l verta jas \u012ftraukti \u012f kasdien\u0119 mityb\u0105<\/a><\/h4><p class=\"blog-post_meta\">November 14, 2025 By <a href=\"https:\/\/chiaseklos.lt\/en\/author\/aurelija\/\">Aurelija<\/a><\/a><\/p><p class=\"blog-post_readmore\"><a class=\"link is-color-secondary\" href=\"https:\/\/chiaseklos.lt\/en\/blog\/seklu-nauda-zmogaus-organizmui-kodel-verta-jas-itraukti-i-kasdiene-mityba\/\"><span class=\"link_text\">Read more<\/span><span class=\"link_icon icon is-next\"><\/span><\/a><\/p><\/div><\/div><div class=\"grid_col is-12 is-md-6 is-lg-4\" data-aos=\"ntr-fade-up\" data-aos-once=\"true\" data-aos-delay=\"200\"><div class=\"blog-post\"><a class=\"blog-post_photo\" href=\"https:\/\/chiaseklos.lt\/en\/?post_type=post&p=34581\"><span class=\"aspect-ratio is-4x3\"><img decoding=\"async\" class=\"aspect-ratio_object lazyload\"\n                                                        src=\"https:\/\/chiaseklos.lt\/wp-content\/themes\/naturally\/images\/blank.gif\"\n                                                        data-srcset=\"https:\/\/chiaseklos.lt\/wp-content\/uploads\/2025\/11\/unrecognizable-athletic-woman-tying-sports-shoe-health-club-400x300.jpg 1x, https:\/\/chiaseklos.lt\/wp-content\/uploads\/2025\/11\/unrecognizable-athletic-woman-tying-sports-shoe-health-club-800x600.jpg 2x\"\n                                                        alt=\"S\u0117klos sportuojantiems: energija, baltymai ir greitas atsistatymas\"><\/span><\/a><h4 class=\"blog-post_title\"><a href=\"https:\/\/chiaseklos.lt\/en\/blog\/seklos-sportuojantiems-energija-baltymai-ir-greitas-atsistatymas\/\">S\u0117klos sportuojantiems: energija, baltymai ir greitas atsistatymas<\/a><\/h4><p class=\"blog-post_meta\">November 14, 2025 By <a href=\"https:\/\/chiaseklos.lt\/en\/author\/aurelija\/\">Aurelija<\/a><\/a><\/p><p class=\"blog-post_readmore\"><a class=\"link is-color-secondary\" href=\"https:\/\/chiaseklos.lt\/en\/blog\/seklos-sportuojantiems-energija-baltymai-ir-greitas-atsistatymas\/\"><span class=\"link_text\">Read more<\/span><span class=\"link_icon icon is-next\"><\/span><\/a><\/p><\/div><\/div><div class=\"grid_col is-12 is-md-6 is-lg-4\" data-aos=\"ntr-fade-up\" data-aos-once=\"true\" data-aos-delay=\"400\"><div class=\"blog-post\"><a class=\"blog-post_photo\" href=\"https:\/\/chiaseklos.lt\/en\/?post_type=post&p=34628\"><span class=\"aspect-ratio is-4x3\"><img decoding=\"async\" class=\"aspect-ratio_object lazyload\"\n                                                        src=\"https:\/\/chiaseklos.lt\/wp-content\/themes\/naturally\/images\/blank.gif\"\n                                                        data-srcset=\"https:\/\/chiaseklos.lt\/wp-content\/uploads\/2025\/11\/various-seeds-sesame-flax-seed-sunflower-seeds-pumpkin-seeds-salads-400x300.jpg 1x, https:\/\/chiaseklos.lt\/wp-content\/uploads\/2025\/11\/various-seeds-sesame-flax-seed-sunflower-seeds-pumpkin-seeds-salads-800x600.jpg 2x\"\n                                                        alt=\"S\u0117kl\u0173 \u012ftaka odai, plaukams ir nagams: gro\u017eio nauda i\u0161 gamtos\"><\/span><\/a><h4 class=\"blog-post_title\"><a href=\"https:\/\/chiaseklos.lt\/en\/blog\/seklu-itaka-odai-plaukams-ir-nagams-grozio-nauda-is-gamtos\/\">S\u0117kl\u0173 \u012ftaka odai, plaukams ir nagams: gro\u017eio nauda i\u0161 gamtos<\/a><\/h4><p class=\"blog-post_meta\">November 14, 2025 By <a href=\"https:\/\/chiaseklos.lt\/en\/author\/aurelija\/\">Aurelija<\/a><\/a><\/p><p class=\"blog-post_readmore\"><a class=\"link is-color-secondary\" href=\"https:\/\/chiaseklos.lt\/en\/blog\/seklu-itaka-odai-plaukams-ir-nagams-grozio-nauda-is-gamtos\/\"><span class=\"link_text\">Read more<\/span><span class=\"link_icon icon is-next\"><\/span><\/a><\/p><\/div><\/div><\/div><\/div><\/div><\/div>\t\t\t\t<\/div>\n\t\t\t\t<\/div>\n\t\t\t\t\t<\/div>\n\t\t<\/div>\n\t\t\t\t\t<\/div>\n\t\t<\/div>\n\t\t\t\t\t<\/div>\n\t\t<\/div>\n\t\t\t\t\t<\/div>\n\t\t<\/div>\n\t\t\t\t<\/div>","protected":false},"excerpt":{"rendered":"<p>Organic Blog Lorem ipsum dolor sit amet, consectetur adipiscing elit. Home Categories Agriculture Envato Farmer Health Ninetheme Organic Vegatables Search Keep the Green Out of the Potato December 31, 2019 By Bobbie Ryan Streamer fish California halibut Pacific saury. Slickhead grunion lake trout.&hellip; Read more Healthiest Beans and Legumes February 8, 2020 By Bobbie Ryan&#8230;<\/p>","protected":false},"author":2,"featured_media":0,"parent":0,"menu_order":0,"comment_status":"closed","ping_status":"closed","template":"naturally-elementor-page.php","meta":{"_acf_changed":false,"footnotes":""},"class_list":{"0":"post-1537","1":"page","2":"type-page","3":"status-publish","4":"hentry","5":"nt-post-class","6":"","7":"masonry-item","8":"col-lg-6","12":"excerpt-none"},"acf":[],"_links":{"self":[{"href":"https:\/\/chiaseklos.lt\/en\/wp-json\/wp\/v2\/pages\/1537","targetHints":{"allow":["GET"]}}],"collection":[{"href":"https:\/\/chiaseklos.lt\/en\/wp-json\/wp\/v2\/pages"}],"about":[{"href":"https:\/\/chiaseklos.lt\/en\/wp-json\/wp\/v2\/types\/page"}],"author":[{"embeddable":true,"href":"https:\/\/chiaseklos.lt\/en\/wp-json\/wp\/v2\/users\/2"}],"replies":[{"embeddable":true,"href":"https:\/\/chiaseklos.lt\/en\/wp-json\/wp\/v2\/comments?post=1537"}],"version-history":[{"count":0,"href":"https:\/\/chiaseklos.lt\/en\/wp-json\/wp\/v2\/pages\/1537\/revisions"}],"wp:attachment":[{"href":"https:\/\/chiaseklos.lt\/en\/wp-json\/wp\/v2\/media?parent=1537"}],"curies":[{"name":"wp","href":"https:\/\/api.w.org\/{rel}","templated":true}]}}