{"id":11285,"date":"2013-08-11T20:13:42","date_gmt":"2013-08-11T20:13:42","guid":{"rendered":"http:\/\/localhost:8888\/test\/?page_id=545"},"modified":"2024-11-08T11:21:09","modified_gmt":"2024-11-08T11:21:09","slug":"faq","status":"publish","type":"page","link":"https:\/\/chiaseklos.lt\/en\/elements\/pages\/faq\/","title":{"rendered":"FAQ"},"content":{"rendered":"<h2 class=\"western\" lang=\"en-US\"><span style=\"font-size: medium;\">Da\u017eniausiai u\u017eduodami klausimai:<\/span><\/h2>\n<h2 class=\"western\" lang=\"en-US\"><strong style=\"font-size: 16px; color: #191e23;\">Ar galima koreguoti ar keisti apmok<\/strong><strong style=\"font-size: 16px; color: #191e23;\"><span lang=\"lt-LT\">\u0117t\u0105 <\/span><\/strong><strong style=\"font-size: 16px; color: #191e23;\">u\u017esakym\u0105?<\/strong><\/h2>\n<p lang=\"en-US\">Galima. B\u016btina susisiekti ir suderinti pakeitim\u0173 detales su mumis:<\/p>\n<p lang=\"en-US\"><strong>e-pa\u0161tu: <\/strong><span style=\"color: #0000ff;\"><a href=\"mailto:sekloschia@gmail.com\"><span style=\"color: #000000;\">sekloschia@gmail.com<\/span><\/a><\/span> arba skambinti: +37068126323<\/p>\n<p lang=\"en-US\"><strong>-Kada galiu tik<\/strong><strong><span lang=\"lt-LT\">\u0117tis gauti u\u017esakym\u0105<\/span><\/strong><strong>?<\/strong><\/p>\n<p lang=\"en-US\">Prekes pristatome tik darbo dienomis. Prekes pristatome dviem b\u016bdais:<\/p>\n<p lang=\"en-US\"><strong>a) su kujeriu per 1 darbo dien\u0105<\/strong>\u00a0tiesiai \u012f namus arba \u012f darb\u0105. Siuntos i\u0161siun\u010diamos darbo dienomis gavus apmok\u0117jim\u0105 <b>iki 13 val<\/b>..\u00a0Pristatymas \u2013 kit\u0105 darbo dien\u0105, darbo valandomis.<\/p>\n<p lang=\"en-US\"><strong>b) \u012f LP express, Smartpost, DPD arba Venipak pa\u0161tomatus per 1-2 darbo dienas<\/strong>.\u00a0Siuntos i\u0161siun\u010diamos darbo dienomis gavus apmok\u0117jim\u0105 iki <strong>13:00 val<\/strong>.. Pristatymas \u2013 kit\u0105 darbo dien\u0105, atsiimti siunt\u0105 galima bet kuriuo paros metu trij\u0173 par\u0173 b\u0117gyje.<\/p>\n<p lang=\"en-US\"><strong>\u00a0<\/strong><\/p>\n<p lang=\"en-US\"><strong>Ar yra galimyb\u0117 atvykti atsiimti prekes?<\/strong><\/p>\n<p lang=\"en-US\">Prekes galima atsiimti tik Klaip\u0117doje, adresu; \u0160ilut\u0117s pl. 19B. B\u016btina atvykimo laik\u0105 suderinti skambu\u010diu +37068126323.<\/p>\n<p lang=\"en-US\"><strong>Kokia yra pristatymo kaina?<\/strong><\/p>\n<p lang=\"en-US\">\u017di\u016br\u0117ti skilt\u012f &#8211; &#8220;Pristatymo s\u0105lygos&#8221;.<\/p>\n<p lang=\"en-US\"><strong>Ar pristatote prekes u\u017esienyje?<\/strong><\/p>\n<p class=\"western\" lang=\"en-US\">Taip. Kaina suderinama auk\u0161\u010diau min\u0117tu el. pa\u0161tu arba telefonu.<\/p>","protected":false},"excerpt":{"rendered":"<p>Da\u017eniausiai u\u017eduodami klausimai: Ar galima koreguoti ar keisti apmok\u0117t\u0105 u\u017esakym\u0105? Galima. B\u016btina susisiekti ir suderinti pakeitim\u0173 detales su mumis: e-pa\u0161tu: sekloschia@gmail.com arba skambinti: +37068126323 -Kada galiu tik\u0117tis gauti u\u017esakym\u0105? Prekes pristatome tik darbo dienomis. Prekes pristatome dviem b\u016bdais: a) su kujeriu per 1 darbo dien\u0105\u00a0tiesiai \u012f namus arba \u012f darb\u0105. Siuntos i\u0161siun\u010diamos darbo dienomis gavus&#8230;<\/p>","protected":false},"author":0,"featured_media":0,"parent":53,"menu_order":0,"comment_status":"closed","ping_status":"closed","template":"","meta":{"_acf_changed":false,"footnotes":""},"class_list":{"0":"post-11285","1":"page","2":"type-page","3":"status-publish","4":"hentry","5":"nt-post-class","6":"","7":"masonry-item","8":"col-lg-6","10":"thumb-none","12":"excerpt-none"},"acf":[],"_links":{"self":[{"href":"https:\/\/chiaseklos.lt\/en\/wp-json\/wp\/v2\/pages\/11285","targetHints":{"allow":["GET"]}}],"collection":[{"href":"https:\/\/chiaseklos.lt\/en\/wp-json\/wp\/v2\/pages"}],"about":[{"href":"https:\/\/chiaseklos.lt\/en\/wp-json\/wp\/v2\/types\/page"}],"replies":[{"embeddable":true,"href":"https:\/\/chiaseklos.lt\/en\/wp-json\/wp\/v2\/comments?post=11285"}],"version-history":[{"count":6,"href":"https:\/\/chiaseklos.lt\/en\/wp-json\/wp\/v2\/pages\/11285\/revisions"}],"predecessor-version":[{"id":28349,"href":"https:\/\/chiaseklos.lt\/en\/wp-json\/wp\/v2\/pages\/11285\/revisions\/28349"}],"up":[{"embeddable":true,"href":"https:\/\/chiaseklos.lt\/en\/wp-json\/wp\/v2\/pages\/53"}],"wp:attachment":[{"href":"https:\/\/chiaseklos.lt\/en\/wp-json\/wp\/v2\/media?parent=11285"}],"curies":[{"name":"wp","href":"https:\/\/api.w.org\/{rel}","templated":true}]}}